{"id":7970,"date":"2017-07-28T15:46:52","date_gmt":"2017-07-28T14:46:52","guid":{"rendered":"https:\/\/www.parcduluberon.fr\/?page_id=7970"},"modified":"2024-07-26T14:29:55","modified_gmt":"2024-07-26T13:29:55","slug":"biodiversite-domestique-2","status":"publish","type":"page","link":"https:\/\/www.parcduluberon.fr\/en\/les-patrimoines\/patrimoine-agricole\/biodiversite-domestique-2\/","title":{"rendered":"Biodiversit\u00e9 domestique"},"content":{"rendered":"<p><div class=\"fusion-fullwidth fullwidth-box nonhundred-percent-fullwidth non-hundred-percent-height-scrolling\"  style='background-color: rgba(255,255,255,0);background-position: center center;background-repeat: no-repeat;padding-top:20px;padding-right:20px;padding-bottom:20px;padding-left:20px;'><div class=\"fusion-builder-row fusion-row \"><div  class=\"fusion-layout-column fusion_builder_column fusion_builder_column_1_1  fusion-one-full fusion-column-first fusion-column-last 1_1\"  style='margin-top:0px;margin-bottom:0px;'>\n\t\t\t\t\t<div class=\"fusion-column-wrapper\" style=\"padding: 0px 0px 0px 0px;background-position:left top;background-repeat:no-repeat;-webkit-background-size:cover;-moz-background-size:cover;-o-background-size:cover;background-size:cover;\"  data-bg-url=\"\">\n\t\t\t\t\t\t<div class=\"fusion-title title fusion-sep-none fusion-title-size-one pnrl-titre-accueil\" style=\"margin-top:0px;margin-bottom:31px;\"><h1 class=\"title-heading-left\"><p><strong>BIODIVERSIT\u00c9 DOMESTIQUE<br \/>\n<\/strong>UN PATRIMOINE FRUITIER REMARQUABLE MAIS M\u00c9CONNU <strong><br \/>\n<\/strong><\/p><\/h1><\/div><div class=\"fusion-text\"><p style=\"text-align: justify;\"><strong>La Provence b\u00e9n\u00e9ficie d&#8217;un patrimoine fruitier aux noms \u00e9vocateurs\u00a0: pomme Proven\u00e7ale rouge d\u2019hiver, figue Grise de Tarascon, bigarreau P\u00e9lissier, amande Floquette, prune Blanche du Luberon, abricot Pr\u00e9coce de Boulbon&#8230; De nombreuses esp\u00e8ces n\u2019ont pas fait l\u2019objet de recherches pour la cr\u00e9ation vari\u00e9tale, du fait de leur faible importance \u00e9conomique. Les vari\u00e9t\u00e9s anciennes sont alors les seules disponibles ; c\u2019est le cas pour le figuier, l\u2019olivier, l\u2019amandier, voire le poirier. \u00c0 l\u2019oppos\u00e9, des esp\u00e8ces comme la pomme ont fait l\u2019objet de cr\u00e9ations vari\u00e9tales standard, qui ont conduit \u00e0 l\u2019abandon de vari\u00e9t\u00e9s dont certaines m\u00e9ritent d\u2019\u00eatre r\u00e9habilit\u00e9es. Inventori\u00e9 et prot\u00e9g\u00e9 par le Parc du Luberon depuis quarante ans, le patrimoine g\u00e9n\u00e9tique fruitier r\u00e9sulte d\u2019un travail s\u00e9culaire de s\u00e9lection par les soci\u00e9t\u00e9s rurales, v\u00e9ritable m\u00e9moire vivante conserv\u00e9e pour le futur.<\/strong><\/p>\n<\/div><div class=\"fusion-clearfix\"><\/div>\n\n\t\t\t\t\t<\/div>\n\t\t\t\t<\/div><\/div><\/div><div class=\"fusion-fullwidth fullwidth-box nonhundred-percent-fullwidth non-hundred-percent-height-scrolling\"  style='background-color: rgba(255,255,255,0);background-position: center center;background-repeat: no-repeat;padding-right:0px;padding-bottom:20px;padding-left:10px;'><div class=\"fusion-builder-row fusion-row \"><div  class=\"fusion-layout-column fusion_builder_column fusion_builder_column_1_1  fusion-one-full fusion-column-first fusion-column-last 1_1\"  style='margin-top:0px;margin-bottom:0px;'>\n\t\t\t\t\t<div class=\"fusion-column-wrapper\" style=\"padding: 0px 0px 0px 0px;background-position:left top;background-repeat:no-repeat;-webkit-background-size:cover;-moz-background-size:cover;-o-background-size:cover;background-size:cover;\"  data-bg-url=\"\">\n\t\t\t\t\t\t<div class=\"fusion-recent-posts avada-container layout-default layout-columns-4 pnrl-actualite\"><section class=\"fusion-columns columns fusion-columns-4 columns-4\"><div class=\"fusion-column column col col-lg-3 col-md-3 col-sm-3\"><div class=\"fusion-flexslider flexslider flexslider-hover-type-zoomin\"><ul class=\"slides\"><li><a href=\"https:\/\/www.parcduluberon.fr\/en\/les-patrimoines\/patrimoine-agricole\/biodiversite-domestique-r2\/biodiversite-cultivee\/\" class=\"hover-type-zoomin\" aria-label=\"Fruits de Provence : la diversit\u00e9 des esp\u00e8ces cultiv\u00e9es\"><img decoding=\"async\" src=\"https:\/\/www.parcduluberon.fr\/wp-content\/uploads\/2017\/12\/BAN_emploi_formation_c_pnrl_matthieu_camps-402x324.jpg\" alt=\"Cerisiers en fleurs \u00a9 PNRL - Matthieu Camps\" \/><\/a><\/li><\/ul><\/div><div class=\"recent-posts-content\">\n\t\t\t\n\t\t\t\t\t\t\t<span class=\"vcard\" style=\"display: none;\">\n\t\t\t\t\t<span class=\"fn\">\n\t\t\t\t\t\t<a href=\"https:\/\/www.parcduluberon.fr\/en\/author\/louis-s\/\" title=\"Posts by Solgne Louis\" rel=\"author\">Solgne Louis<\/a>\t\t\t\t\t<\/span>\n\t\t\t\t<\/span>\n\t\t\t\n\t\t\t\t\t\t\t<span class=\"updated\" style=\"display:none;\">\n\t\t\t\t\t2024-05-30T13:58:32+01:00\t\t\t\t<\/span>\n\t\t\t\n\t\t<h4 class=\"entry-title\"><a href=\"https:\/\/www.parcduluberon.fr\/en\/les-patrimoines\/patrimoine-agricole\/biodiversite-domestique-r2\/biodiversite-cultivee\/\">Fruits de Provence : la diversit\u00e9 des esp\u00e8ces cultiv\u00e9es<\/a><\/h4><p>Les vari\u00e9t\u00e9s anciennes d\u2019arbres fruitiers constituent un patrimoine g\u00e9n\u00e9tique hors du commun. C'est la biodiversit\u00e9 domestique.<\/p><div class=\"pnrl_sous_post\"><div class=\"pnrl_bloc_lien\"><a href=\"https:\/\/www.parcduluberon.fr\/en\/les-patrimoines\/patrimoine-agricole\/biodiversite-domestique-r2\/biodiversite-cultivee\/\"><span class=\"pnrl-btn-morelire\"><\/span><\/a><\/div><\/div> <\/div><\/div><\/section><\/div><div class=\"fusion-clearfix\"><\/div>\n\n\t\t\t\t\t<\/div>\n\t\t\t\t<\/div><\/div><\/div><div class=\"fusion-fullwidth fullwidth-box nonhundred-percent-fullwidth non-hundred-percent-height-scrolling\"  style='background-color: rgba(255,255,255,0);background-position: center center;background-repeat: no-repeat;padding-right:0px;padding-left:10px;'><div class=\"fusion-builder-row fusion-row \"><div  class=\"fusion-layout-column fusion_builder_column fusion_builder_column_1_1  fusion-one-full fusion-column-first fusion-column-last 1_1\"  style='margin-top:0px;margin-bottom:0px;width:100%'>\n\t\t\t\t\t<div class=\"fusion-column-wrapper\" style=\"padding: 0px 0px 0px 0px;background-position:left top;background-repeat:no-repeat;-webkit-background-size:cover;-moz-background-size:cover;-o-background-size:cover;background-size:cover;\"  data-bg-url=\"\">\n\t\t\t\t\t\t<div class=\"fusion-text\"><p>Photo du bandeau : Champ de cerisiers en fleurs, dans le pays d\u2019Apt (Wego Productions)<\/p>\n<\/div><div class=\"fusion-clearfix\"><\/div>\n\n\t\t\t\t\t<\/div>\n\t\t\t\t<\/div><\/div><\/div><div class=\"fusion-fullwidth fullwidth-box nonhundred-percent-fullwidth non-hundred-percent-height-scrolling\"  style='background-color: rgba(255,255,255,0);background-position: center center;background-repeat: no-repeat;padding-top:0px;padding-right:0px;padding-bottom:0px;padding-left:10px;'><div class=\"fusion-builder-row fusion-row \"><div  class=\"fusion-layout-column fusion_builder_column fusion_builder_column_1_1  fusion-one-full fusion-column-first fusion-column-last 1_1\"  style='margin-top:0px;margin-bottom:0px;width:100%'>\n\t\t\t\t\t<div class=\"fusion-column-wrapper\" style=\"padding: 0px 0px 0px 0px;background-position:left top;background-repeat:no-repeat;-webkit-background-size:cover;-moz-background-size:cover;-o-background-size:cover;background-size:cover;\"  data-bg-url=\"\">\n\t\t\t\t\t\t<div class=\"fusion-title title fusion-sep-none fusion-title-size-three\" style=\"margin-top:0px;margin-bottom:31px;\"><h3 class=\"title-heading-left\">\u2014 Consultez toutes les th\u00e9matiques<\/h3><\/div><div class=\"fusion-text\"><div id=\"wp-posts-carousel-1141690175\" class=\"compact-theme wp-posts-carousel owl-carousel\"><div class=\"wp-posts-carousel-slide slides-4\"><div class=\"wp-posts-carousel-container\"><div class=\"wp-posts-carousel-image\"><a href=\"https:\/\/www.parcduluberon.fr\/en\/les-patrimoines\/patrimoine-agricole\/biodiversite-domestique-2\/\" title=\"Read more Biodiversit\u00e9 domestique\"><img decoding=\"async\" alt=\"Biodiversit\u00e9 domestique\" style=\"max-width:100%;max-height:100%\" src=\"https:\/\/www.parcduluberon.fr\/wp-content\/uploads\/2017\/01\/BAN_R2_biodiversite_domestique_c_wego_productions-243x150.jpg\"><\/a><\/div><div class=\"wp-posts-carousel-details\"><h3 class=\"wp-posts-carousel-title\"><a href=\"https:\/\/www.parcduluberon.fr\/en\/les-patrimoines\/patrimoine-agricole\/biodiversite-domestique-2\/\" title=\"Biodiversit\u00e9 domestique\">Biodiversit\u00e9 domestique<\/a><\/h3><a href=\"https:\/\/www.parcduluberon.fr\/en\/les-patrimoines\/patrimoine-agricole\/biodiversite-domestique-2\/\" title=\"Read more Biodiversit\u00e9 domestique\"><div class=\"wp-posts-carousel-desc\"><span class=\"pnrl-separator\"><\/span><br>La Provence b\u00e9n\u00e9ficie d&#39;un patrimoine fruitier aux noms \u00e9vocateurs : pomme Proven\u00e7ale rouge d\u2019hiver, figue Grise de Tarascon, bigarreau...<\/div><\/a><p class=\"wp-posts-carousel-buttons\"><p><\/div><\/div><\/div><div class=\"wp-posts-carousel-slide slides-4\"><div class=\"wp-posts-carousel-container\"><div class=\"wp-posts-carousel-image\"><a href=\"https:\/\/www.parcduluberon.fr\/en\/les-patrimoines\/patrimoine-culturel\/maisons-du-luberon\/\" title=\"Read more Maisons du Luberon\"><img decoding=\"async\" alt=\"Maisons du Luberon\" style=\"max-width:100%;max-height:100%\" src=\"https:\/\/www.parcduluberon.fr\/wp-content\/uploads\/2017\/07\/BAN_R2_maisons_c_pnrl_jeremie_haye-243x150.jpg\"><\/a><\/div><div class=\"wp-posts-carousel-details\"><h3 class=\"wp-posts-carousel-title\"><a href=\"https:\/\/www.parcduluberon.fr\/en\/les-patrimoines\/patrimoine-culturel\/maisons-du-luberon\/\" title=\"Maisons du Luberon\">Maisons du Luberon<\/a><\/h3><a href=\"https:\/\/www.parcduluberon.fr\/en\/les-patrimoines\/patrimoine-culturel\/maisons-du-luberon\/\" title=\"Read more Maisons du Luberon\"><div class=\"wp-posts-carousel-desc\"><span class=\"pnrl-separator\"><\/span><br>Les maisons d\u2019aujourd\u2019hui sont le fruit d\u2019une lente \u00e9volution de l\u2019habitat. Ce sont pr\u00e8s de 1 000...<\/div><\/a><p class=\"wp-posts-carousel-buttons\"><p><\/div><\/div><\/div><div class=\"wp-posts-carousel-slide slides-4\"><div class=\"wp-posts-carousel-container\"><div class=\"wp-posts-carousel-image\"><a href=\"https:\/\/www.parcduluberon.fr\/en\/les-patrimoines\/patrimoine-culturel\/villages-et-hameaux\/\" title=\"Read more Villages et hameaux\"><img decoding=\"async\" alt=\"Villages et hameaux\" style=\"max-width:100%;max-height:100%\" src=\"https:\/\/www.parcduluberon.fr\/wp-content\/uploads\/2017\/07\/BAN_R2_villages_et_hameaux_c_pnrl_jeremie_haye-243x150.jpg\"><\/a><\/div><div class=\"wp-posts-carousel-details\"><h3 class=\"wp-posts-carousel-title\"><a href=\"https:\/\/www.parcduluberon.fr\/en\/les-patrimoines\/patrimoine-culturel\/villages-et-hameaux\/\" title=\"Villages et hameaux\">Villages et hameaux<\/a><\/h3><a href=\"https:\/\/www.parcduluberon.fr\/en\/les-patrimoines\/patrimoine-culturel\/villages-et-hameaux\/\" title=\"Read more Villages et hameaux\"><div class=\"wp-posts-carousel-desc\"><span class=\"pnrl-separator\"><\/span><br>Comme dans l\u2019ensemble de la Provence, l\u2019habitat traditionnel du Luberon se caract\u00e9rise par le regroupement des constructions. Issus...<\/div><\/a><p class=\"wp-posts-carousel-buttons\"><p><\/div><\/div><\/div><div class=\"wp-posts-carousel-slide slides-4\"><div class=\"wp-posts-carousel-container\"><div class=\"wp-posts-carousel-image\"><a href=\"https:\/\/www.parcduluberon.fr\/en\/les-patrimoines\/patrimoine-naturel-2\/sites-naturels-remarquables\/\" title=\"Read more Sites naturels remarquables\"><img decoding=\"async\" alt=\"Sites naturels remarquables\" style=\"max-width:100%;max-height:100%\" src=\"https:\/\/www.parcduluberon.fr\/wp-content\/uploads\/2017\/07\/BAN_R2_sites-naturels_c_vincent_damourette-243x150.jpg\"><\/a><\/div><div class=\"wp-posts-carousel-details\"><h3 class=\"wp-posts-carousel-title\"><a href=\"https:\/\/www.parcduluberon.fr\/en\/les-patrimoines\/patrimoine-naturel-2\/sites-naturels-remarquables\/\" title=\"Sites naturels remarquables\">Sites naturels remarquables<\/a><\/h3><a href=\"https:\/\/www.parcduluberon.fr\/en\/les-patrimoines\/patrimoine-naturel-2\/sites-naturels-remarquables\/\" title=\"Read more Sites naturels remarquables\"><div class=\"wp-posts-carousel-desc\"><span class=\"pnrl-separator\"><\/span><br>Situ\u00e9 entre Durance et monts de Vaucluse, le Luberon s&#39;articule en plusieurs grandes formations g\u00e9ographiques et v\u00e9g\u00e9tales repr\u00e9sentant autant...<\/div><\/a><p class=\"wp-posts-carousel-buttons\"><p><\/div><\/div><\/div><div class=\"wp-posts-carousel-slide slides-4\"><div class=\"wp-posts-carousel-container\"><div class=\"wp-posts-carousel-image\"><a href=\"https:\/\/www.parcduluberon.fr\/en\/les-patrimoines\/patrimoine-naturel-2\/flore\/\" title=\"Read more Flore\"><img decoding=\"async\" alt=\"Flore\" style=\"max-width:100%;max-height:100%\" src=\"https:\/\/www.parcduluberon.fr\/wp-content\/uploads\/2017\/07\/BAN_R2_flore_c_prnl_laurent_michel-243x150.jpg\"><\/a><\/div><div class=\"wp-posts-carousel-details\"><h3 class=\"wp-posts-carousel-title\"><a href=\"https:\/\/www.parcduluberon.fr\/en\/les-patrimoines\/patrimoine-naturel-2\/flore\/\" title=\"Flore\">Flore<\/a><\/h3><a href=\"https:\/\/www.parcduluberon.fr\/en\/les-patrimoines\/patrimoine-naturel-2\/flore\/\" title=\"Read more Flore\"><div class=\"wp-posts-carousel-desc\"><span class=\"pnrl-separator\"><\/span><br>Entre le littoral m\u00e9diterran\u00e9en et la zone pr\u00e9alpine, le territoire du Luberon r\u00e9v\u00e8le une flore tr\u00e8s diversifi\u00e9e, d&#39;une grande...<\/div><\/a><p class=\"wp-posts-carousel-buttons\"><p><\/div><\/div><\/div><\/div><script type=\"text\/javascript\">\n                    jQuery(window).load(function(e) {\n                        var wpPostsCarousel1141690175 = jQuery(\"#wp-posts-carousel-1141690175\");\n                        wpPostsCarousel1141690175.owlCarousel({\n                            loop: true,\n                            nav: true,\n                            navSpeed: 800,\n                            dots: true,\n                            dotsSpeed: 800,\n                            lazyLoad: false,\n                            autoplay: true,\n                            autoplayHoverPause: true,\n                            autoplayTimeout: 1200,\n                            autoplaySpeed:  800,\n                            margin: 5,\n                            stagePadding: 0,\n                            freeDrag: false,\n                            mouseDrag: true,\n                            touchDrag: true,\n                            slideBy: 1,\n                            fallbackEasing: \"linear\",\n                            responsiveClass: true,\n                            navText: [ \" Actualit\u00e9 pr\u00e9c\u00e9dente \", \" Actualit\u00e9 suivante \" ],\n                            responsive:{\n                                0:{items: 1},\n                                600:{items: 2},\n                                1000:{items: 4}\n                                \n                            },\n                            autoHeight: true\n                        });\n                        wpPostsCarousel1141690175.on(\"mousewheel\", \".owl-stage\", function(e) {\n                if (e.deltaY > 0) {\n                    wpPostsCarousel1141690175.trigger(\"next.owl\");\n                } else {\n                    wpPostsCarousel1141690175.trigger(\"prev.owl\");\n                }\n                e.preventDefault();\n            });\n                    });\n                <\/script>\n<\/div><div class=\"fusion-clearfix\"><\/div>\n\n\t\t\t\t\t<\/div>\n\t\t\t\t<\/div><\/div><\/div><\/p>\n","protected":false},"excerpt":{"rendered":"<p>La Provence b\u00e9n\u00e9ficie d&#8217;un patrimoine fruitier aux noms \u00e9vocateurs : pomme Proven\u00e7ale rouge d\u2019hiver, figue Grise de Tarascon, bigarreau<\/p>\n","protected":false},"author":16,"featured_media":1899,"parent":8158,"menu_order":62,"comment_status":"closed","ping_status":"closed","template":"","meta":{"_acf_changed":false,"_seopress_robots_primary_cat":"446","_seopress_titles_title":"","_seopress_titles_desc":"Inventori\u00e9 et prot\u00e9g\u00e9 par le Parc du Luberon depuis plus de quarante ans, le patrimoine g\u00e9n\u00e9tique fruitier r\u00e9sulte d\u2019un travail s\u00e9culaire de s\u00e9lection par les soci\u00e9t\u00e9s rurales, v\u00e9ritable m\u00e9moire vivante conserv\u00e9e pour le futur.","_seopress_robots_index":"","_bbp_topic_count":0,"_bbp_reply_count":0,"_bbp_total_topic_count":0,"_bbp_total_reply_count":0,"_bbp_voice_count":0,"_bbp_anonymous_reply_count":0,"_bbp_topic_count_hidden":0,"_bbp_reply_count_hidden":0,"_bbp_forum_subforum_count":0,"footnotes":""},"class_list":["post-7970","page","type-page","status-publish","has-post-thumbnail","hentry"],"acf":[],"_links":{"self":[{"href":"https:\/\/www.parcduluberon.fr\/en\/wp-json\/wp\/v2\/pages\/7970","targetHints":{"allow":["GET"]}}],"collection":[{"href":"https:\/\/www.parcduluberon.fr\/en\/wp-json\/wp\/v2\/pages"}],"about":[{"href":"https:\/\/www.parcduluberon.fr\/en\/wp-json\/wp\/v2\/types\/page"}],"author":[{"embeddable":true,"href":"https:\/\/www.parcduluberon.fr\/en\/wp-json\/wp\/v2\/users\/16"}],"replies":[{"embeddable":true,"href":"https:\/\/www.parcduluberon.fr\/en\/wp-json\/wp\/v2\/comments?post=7970"}],"version-history":[{"count":6,"href":"https:\/\/www.parcduluberon.fr\/en\/wp-json\/wp\/v2\/pages\/7970\/revisions"}],"predecessor-version":[{"id":3353961,"href":"https:\/\/www.parcduluberon.fr\/en\/wp-json\/wp\/v2\/pages\/7970\/revisions\/3353961"}],"up":[{"embeddable":true,"href":"https:\/\/www.parcduluberon.fr\/en\/wp-json\/wp\/v2\/pages\/8158"}],"wp:featuredmedia":[{"embeddable":true,"href":"https:\/\/www.parcduluberon.fr\/en\/wp-json\/wp\/v2\/media\/1899"}],"wp:attachment":[{"href":"https:\/\/www.parcduluberon.fr\/en\/wp-json\/wp\/v2\/media?parent=7970"}],"curies":[{"name":"wp","href":"https:\/\/api.w.org\/{rel}","templated":true}]}}