{"id":7963,"date":"2017-07-28T15:42:50","date_gmt":"2017-07-28T14:42:50","guid":{"rendered":"https:\/\/www.parcduluberon.fr\/?page_id=7963"},"modified":"2025-08-19T17:32:42","modified_gmt":"2025-08-19T16:32:42","slug":"maisons-du-luberon","status":"publish","type":"page","link":"https:\/\/www.parcduluberon.fr\/en\/les-patrimoines\/patrimoine-culturel\/maisons-du-luberon\/","title":{"rendered":"Maisons du Luberon"},"content":{"rendered":"<p><div class=\"fusion-fullwidth fullwidth-box nonhundred-percent-fullwidth non-hundred-percent-height-scrolling\"  style='background-color: rgba(255,255,255,0);background-position: center center;background-repeat: no-repeat;padding-top:20px;padding-right:20px;padding-bottom:20px;padding-left:20px;'><div class=\"fusion-builder-row fusion-row \"><div  class=\"fusion-layout-column fusion_builder_column fusion_builder_column_1_1  fusion-one-full fusion-column-first fusion-column-last 1_1\"  style='margin-top:0px;margin-bottom:0px;'>\n\t\t\t\t\t<div class=\"fusion-column-wrapper\" style=\"padding: 0px 0px 0px 0px;background-position:left top;background-repeat:no-repeat;-webkit-background-size:cover;-moz-background-size:cover;-o-background-size:cover;background-size:cover;\"  data-bg-url=\"\">\n\t\t\t\t\t\t<div class=\"fusion-title title fusion-sep-none fusion-title-size-one pnrl-titre-accueil\" style=\"margin-top:0px;margin-bottom:31px;\"><h1 class=\"title-heading-left\"><p><strong>MAISONS DU LUBERON<br \/>\n<\/strong>HABITER LE LUBERON, D&#8217;HIER \u00c0 AUJOURD&#8217;HUI <strong><br \/>\n<\/strong><\/p><\/h1><\/div><div class=\"fusion-text\"><p style=\"text-align: justify;\"><strong>Les maisons d\u2019aujourd\u2019hui sont le fruit d\u2019une lente \u00e9volution de l\u2019habitat. Ce sont pr\u00e8s de 1 000 ans d\u2019histoire qui ont vu na\u00eetre petit \u00e0 petit de nouvelles formes, arriver de nouveaux savoir-faire, utiliser d\u2019autres mat\u00e9riaux pour r\u00e9pondre aux \u00e9volutions successives du go\u00fbt et du cadre de vie. Les maisons des villages m\u00e9di\u00e9vaux, les bastides aristocratiques de la Renaissance, les fermes et les cabanons des campagnes sont n\u00e9s de la volont\u00e9 des hommes, de la pierre des montagnes et du sable des rivi\u00e8res, sans intrusion d\u2019aucun mat\u00e9riau &#8220;\u00e9tranger&#8221; jusqu\u2019au d\u00e9but du XXe si\u00e8cle. Cette provenance \u00e9troitement locale leur donne, avec le paysage qui les entoure, une connivence et une harmonie inimitables. La connaissance des origines et des \u00e9volutions des formes de l\u2019habitat dans le Luberon permet d\u2019accompagner les projets de restauration, respectueux et adapt\u00e9s aux modes de vie d\u2019aujourd\u2019hui.<\/strong><\/p>\n<\/div><div class=\"fusion-clearfix\"><\/div>\n\n\t\t\t\t\t<\/div>\n\t\t\t\t<\/div><\/div><\/div><div class=\"fusion-fullwidth fullwidth-box nonhundred-percent-fullwidth non-hundred-percent-height-scrolling\"  style='background-color: rgba(255,255,255,0);background-position: center center;background-repeat: no-repeat;padding-right:0px;padding-bottom:20px;padding-left:10px;'><div class=\"fusion-builder-row fusion-row \"><div  class=\"fusion-layout-column fusion_builder_column fusion_builder_column_1_1  fusion-one-full fusion-column-first fusion-column-last 1_1\"  style='margin-top:0px;margin-bottom:0px;'>\n\t\t\t\t\t<div class=\"fusion-column-wrapper\" style=\"padding: 0px 0px 0px 0px;background-position:left top;background-repeat:no-repeat;-webkit-background-size:cover;-moz-background-size:cover;-o-background-size:cover;background-size:cover;\"  data-bg-url=\"\">\n\t\t\t\t\t\t<div class=\"fusion-recent-posts avada-container layout-thumbnails-on-side layout-columns-1 pnrl-actualite\"><section class=\"fusion-columns columns fusion-columns-1 columns-1\"><div class=\"fusion-column column col col-lg-12 col-md-12 col-sm-12\"><div class=\"fusion-flexslider flexslider floated-slideshow flexslider-hover-type-none\"><ul class=\"slides\"><li><a href=\"https:\/\/www.parcduluberon.fr\/en\/les-patrimoines\/patrimoine-culturel\/maisons-du-luberon\/maisons-de-village\/\" class=\"hover-type-none\" aria-label=\"Les maisons de village en Luberon\"><img decoding=\"async\" src=\"https:\/\/www.parcduluberon.fr\/wp-content\/uploads\/2017\/03\/BAN_maisons_c_herve_vincent-565x200.jpg\" alt=\"Les maisons anciennes du village de Gordes (photo Herv\u00e9 Vincent)\" \/><\/a><\/li><\/ul><\/div><div class=\"recent-posts-content\">\n\t\t\t\n\t\t\t\t\t\t\t<span class=\"vcard\" style=\"display: none;\">\n\t\t\t\t\t<span class=\"fn\">\n\t\t\t\t\t\t<a href=\"https:\/\/www.parcduluberon.fr\/en\/author\/haye-j\/\" title=\"Posts by J\u00e9r\u00e9mie HAYE\" rel=\"author\">J\u00e9r\u00e9mie HAYE<\/a>\t\t\t\t\t<\/span>\n\t\t\t\t<\/span>\n\t\t\t\n\t\t\t\t\t\t\t<span class=\"updated\" style=\"display:none;\">\n\t\t\t\t\t2021-02-04T11:20:50+01:00\t\t\t\t<\/span>\n\t\t\t\n\t\t<h4 class=\"entry-title\"><a href=\"https:\/\/www.parcduluberon.fr\/en\/les-patrimoines\/patrimoine-culturel\/maisons-du-luberon\/maisons-de-village\/\">Les maisons de village en Luberon<\/a><\/h4><p>Reflet des modes de vie et de construction de chaque \u00e9poque, les maisons des villes et des villages du Luberon sont un livre d\u2019histoire \u00e0 ciel ouvert. D\u2019abord contenues dans un tissu urbain dense et \u00e9troit \u00e0 l\u2019int\u00e9rieur des enceintes du Moyen Age, elles se d\u00e9veloppent ensuite \u00ab hors les murs \u00bb dans des proportions plus confortables. Les fa\u00e7ades et les toitures de ces maisons participent \u00e0 la silhouette des villages perch\u00e9s du Parc du Luberon et t\u00e9moignent de son riche patrimoine architectural.<\/p><div class=\"pnrl_sous_post\"><div class=\"pnrl_bloc_lien\"><a href=\"https:\/\/www.parcduluberon.fr\/en\/les-patrimoines\/patrimoine-culturel\/maisons-du-luberon\/maisons-de-village\/\"><span class=\"pnrl-btn-morelire\"><\/span><\/a><\/div><\/div> <\/div><\/div><div class=\"fusion-clearfix\"><\/div><\/section><\/div><div class=\"fusion-clearfix\"><\/div>\n\n\t\t\t\t\t<\/div>\n\t\t\t\t<\/div><\/div><\/div><div class=\"fusion-fullwidth fullwidth-box nonhundred-percent-fullwidth non-hundred-percent-height-scrolling\"  style='background-color: rgba(255,255,255,0);background-position: center center;background-repeat: no-repeat;padding-right:0px;padding-left:10px;'><div class=\"fusion-builder-row fusion-row \"><div  class=\"fusion-layout-column fusion_builder_column fusion_builder_column_1_1  fusion-one-full fusion-column-first fusion-column-last 1_1\"  style='margin-top:0px;margin-bottom:0px;width:100%'>\n\t\t\t\t\t<div class=\"fusion-column-wrapper\" style=\"padding: 0px 0px 0px 0px;background-position:left top;background-repeat:no-repeat;-webkit-background-size:cover;-moz-background-size:cover;-o-background-size:cover;background-size:cover;\"  data-bg-url=\"\">\n\t\t\t\t\t\t<div class=\"fusion-text\"><p>Photo du bandeau : Opp\u00e8de-le-Vieux \u00a9 PNRL &#8211; J\u00e9r\u00e9mie Haye<\/p>\n<\/div><div class=\"fusion-clearfix\"><\/div>\n\n\t\t\t\t\t<\/div>\n\t\t\t\t<\/div><\/div><\/div><div class=\"fusion-fullwidth fullwidth-box nonhundred-percent-fullwidth non-hundred-percent-height-scrolling\"  style='background-color: rgba(255,255,255,0);background-position: center center;background-repeat: no-repeat;padding-top:0px;padding-right:0px;padding-bottom:0px;padding-left:10px;'><div class=\"fusion-builder-row fusion-row \"><div  class=\"fusion-layout-column fusion_builder_column fusion_builder_column_1_1  fusion-one-full fusion-column-first fusion-column-last 1_1\"  style='margin-top:0px;margin-bottom:0px;width:100%'>\n\t\t\t\t\t<div class=\"fusion-column-wrapper\" style=\"padding: 0px 0px 0px 0px;background-position:left top;background-repeat:no-repeat;-webkit-background-size:cover;-moz-background-size:cover;-o-background-size:cover;background-size:cover;\"  data-bg-url=\"\">\n\t\t\t\t\t\t<div class=\"fusion-text\"><\/div><div class=\"fusion-title title fusion-sep-none fusion-title-size-three\" style=\"margin-top:0px;margin-bottom:31px;\"><h3 class=\"title-heading-left\">\u2014 Consultez toutes les th\u00e9matiques<\/h3><\/div><div class=\"fusion-text\"><div id=\"wp-posts-carousel-1950488741\" class=\"compact-theme wp-posts-carousel owl-carousel\"><div class=\"wp-posts-carousel-slide slides-4\"><div class=\"wp-posts-carousel-container\"><div class=\"wp-posts-carousel-image\"><a href=\"https:\/\/www.parcduluberon.fr\/en\/les-patrimoines\/patrimoine-agricole\/biodiversite-domestique-2\/\" title=\"Read more Biodiversit\u00e9 domestique\"><img decoding=\"async\" alt=\"Biodiversit\u00e9 domestique\" style=\"max-width:100%;max-height:100%\" src=\"https:\/\/www.parcduluberon.fr\/wp-content\/uploads\/2017\/01\/BAN_R2_biodiversite_domestique_c_wego_productions-243x150.jpg\"><\/a><\/div><div class=\"wp-posts-carousel-details\"><h3 class=\"wp-posts-carousel-title\"><a href=\"https:\/\/www.parcduluberon.fr\/en\/les-patrimoines\/patrimoine-agricole\/biodiversite-domestique-2\/\" title=\"Biodiversit\u00e9 domestique\">Biodiversit\u00e9 domestique<\/a><\/h3><a href=\"https:\/\/www.parcduluberon.fr\/en\/les-patrimoines\/patrimoine-agricole\/biodiversite-domestique-2\/\" title=\"Read more Biodiversit\u00e9 domestique\"><div class=\"wp-posts-carousel-desc\"><span class=\"pnrl-separator\"><\/span><br>La Provence b\u00e9n\u00e9ficie d&#39;un patrimoine fruitier aux noms \u00e9vocateurs : pomme Proven\u00e7ale rouge d\u2019hiver, figue Grise de Tarascon, bigarreau...<\/div><\/a><p class=\"wp-posts-carousel-buttons\"><p><\/div><\/div><\/div><div class=\"wp-posts-carousel-slide slides-4\"><div class=\"wp-posts-carousel-container\"><div class=\"wp-posts-carousel-image\"><a href=\"https:\/\/www.parcduluberon.fr\/en\/les-patrimoines\/patrimoine-culturel\/maisons-du-luberon\/\" title=\"Read more Maisons du Luberon\"><img decoding=\"async\" alt=\"Maisons du Luberon\" style=\"max-width:100%;max-height:100%\" src=\"https:\/\/www.parcduluberon.fr\/wp-content\/uploads\/2017\/07\/BAN_R2_maisons_c_pnrl_jeremie_haye-243x150.jpg\"><\/a><\/div><div class=\"wp-posts-carousel-details\"><h3 class=\"wp-posts-carousel-title\"><a href=\"https:\/\/www.parcduluberon.fr\/en\/les-patrimoines\/patrimoine-culturel\/maisons-du-luberon\/\" title=\"Maisons du Luberon\">Maisons du Luberon<\/a><\/h3><a href=\"https:\/\/www.parcduluberon.fr\/en\/les-patrimoines\/patrimoine-culturel\/maisons-du-luberon\/\" title=\"Read more Maisons du Luberon\"><div class=\"wp-posts-carousel-desc\"><span class=\"pnrl-separator\"><\/span><br>Les maisons d\u2019aujourd\u2019hui sont le fruit d\u2019une lente \u00e9volution de l\u2019habitat. Ce sont pr\u00e8s de 1 000...<\/div><\/a><p class=\"wp-posts-carousel-buttons\"><p><\/div><\/div><\/div><div class=\"wp-posts-carousel-slide slides-4\"><div class=\"wp-posts-carousel-container\"><div class=\"wp-posts-carousel-image\"><a href=\"https:\/\/www.parcduluberon.fr\/en\/les-patrimoines\/patrimoine-culturel\/villages-et-hameaux\/\" title=\"Read more Villages et hameaux\"><img decoding=\"async\" alt=\"Villages et hameaux\" style=\"max-width:100%;max-height:100%\" src=\"https:\/\/www.parcduluberon.fr\/wp-content\/uploads\/2017\/07\/BAN_R2_villages_et_hameaux_c_pnrl_jeremie_haye-243x150.jpg\"><\/a><\/div><div class=\"wp-posts-carousel-details\"><h3 class=\"wp-posts-carousel-title\"><a href=\"https:\/\/www.parcduluberon.fr\/en\/les-patrimoines\/patrimoine-culturel\/villages-et-hameaux\/\" title=\"Villages et hameaux\">Villages et hameaux<\/a><\/h3><a href=\"https:\/\/www.parcduluberon.fr\/en\/les-patrimoines\/patrimoine-culturel\/villages-et-hameaux\/\" title=\"Read more Villages et hameaux\"><div class=\"wp-posts-carousel-desc\"><span class=\"pnrl-separator\"><\/span><br>Comme dans l\u2019ensemble de la Provence, l\u2019habitat traditionnel du Luberon se caract\u00e9rise par le regroupement des constructions. Issus...<\/div><\/a><p class=\"wp-posts-carousel-buttons\"><p><\/div><\/div><\/div><div class=\"wp-posts-carousel-slide slides-4\"><div class=\"wp-posts-carousel-container\"><div class=\"wp-posts-carousel-image\"><a href=\"https:\/\/www.parcduluberon.fr\/en\/les-patrimoines\/patrimoine-naturel-2\/sites-naturels-remarquables\/\" title=\"Read more Sites naturels remarquables\"><img decoding=\"async\" alt=\"Sites naturels remarquables\" style=\"max-width:100%;max-height:100%\" src=\"https:\/\/www.parcduluberon.fr\/wp-content\/uploads\/2017\/07\/BAN_R2_sites-naturels_c_vincent_damourette-243x150.jpg\"><\/a><\/div><div class=\"wp-posts-carousel-details\"><h3 class=\"wp-posts-carousel-title\"><a href=\"https:\/\/www.parcduluberon.fr\/en\/les-patrimoines\/patrimoine-naturel-2\/sites-naturels-remarquables\/\" title=\"Sites naturels remarquables\">Sites naturels remarquables<\/a><\/h3><a href=\"https:\/\/www.parcduluberon.fr\/en\/les-patrimoines\/patrimoine-naturel-2\/sites-naturels-remarquables\/\" title=\"Read more Sites naturels remarquables\"><div class=\"wp-posts-carousel-desc\"><span class=\"pnrl-separator\"><\/span><br>Situ\u00e9 entre Durance et monts de Vaucluse, le Luberon s&#39;articule en plusieurs grandes formations g\u00e9ographiques et v\u00e9g\u00e9tales repr\u00e9sentant autant...<\/div><\/a><p class=\"wp-posts-carousel-buttons\"><p><\/div><\/div><\/div><div class=\"wp-posts-carousel-slide slides-4\"><div class=\"wp-posts-carousel-container\"><div class=\"wp-posts-carousel-image\"><a href=\"https:\/\/www.parcduluberon.fr\/en\/les-patrimoines\/patrimoine-naturel-2\/flore\/\" title=\"Read more Flore\"><img decoding=\"async\" alt=\"Flore\" style=\"max-width:100%;max-height:100%\" src=\"https:\/\/www.parcduluberon.fr\/wp-content\/uploads\/2017\/07\/BAN_R2_flore_c_prnl_laurent_michel-243x150.jpg\"><\/a><\/div><div class=\"wp-posts-carousel-details\"><h3 class=\"wp-posts-carousel-title\"><a href=\"https:\/\/www.parcduluberon.fr\/en\/les-patrimoines\/patrimoine-naturel-2\/flore\/\" title=\"Flore\">Flore<\/a><\/h3><a href=\"https:\/\/www.parcduluberon.fr\/en\/les-patrimoines\/patrimoine-naturel-2\/flore\/\" title=\"Read more Flore\"><div class=\"wp-posts-carousel-desc\"><span class=\"pnrl-separator\"><\/span><br>Entre le littoral m\u00e9diterran\u00e9en et la zone pr\u00e9alpine, le territoire du Luberon r\u00e9v\u00e8le une flore tr\u00e8s diversifi\u00e9e, d&#39;une grande...<\/div><\/a><p class=\"wp-posts-carousel-buttons\"><p><\/div><\/div><\/div><\/div><script type=\"text\/javascript\">\n                    jQuery(window).load(function(e) {\n                        var wpPostsCarousel1950488741 = jQuery(\"#wp-posts-carousel-1950488741\");\n                        wpPostsCarousel1950488741.owlCarousel({\n                            loop: true,\n                            nav: true,\n                            navSpeed: 800,\n                            dots: true,\n                            dotsSpeed: 800,\n                            lazyLoad: false,\n                            autoplay: true,\n                            autoplayHoverPause: true,\n                            autoplayTimeout: 1200,\n                            autoplaySpeed:  800,\n                            margin: 5,\n                            stagePadding: 0,\n                            freeDrag: false,\n                            mouseDrag: true,\n                            touchDrag: true,\n                            slideBy: 1,\n                            fallbackEasing: \"linear\",\n                            responsiveClass: true,\n                            navText: [ \" Actualit\u00e9 pr\u00e9c\u00e9dente \", \" Actualit\u00e9 suivante \" ],\n                            responsive:{\n                                0:{items: 1},\n                                600:{items: 2},\n                                1000:{items: 4}\n                                \n                            },\n                            autoHeight: true\n                        });\n                        wpPostsCarousel1950488741.on(\"mousewheel\", \".owl-stage\", function(e) {\n                if (e.deltaY > 0) {\n                    wpPostsCarousel1950488741.trigger(\"next.owl\");\n                } else {\n                    wpPostsCarousel1950488741.trigger(\"prev.owl\");\n                }\n                e.preventDefault();\n            });\n                    });\n                <\/script>\n<\/div><div class=\"fusion-clearfix\"><\/div>\n\n\t\t\t\t\t<\/div>\n\t\t\t\t<\/div><\/div><\/div><\/p>\n","protected":false},"excerpt":{"rendered":"<p>Les maisons d\u2019aujourd\u2019hui sont le fruit d\u2019une lente \u00e9volution de l\u2019habitat. Ce sont pr\u00e8s de 1 000<\/p>\n","protected":false},"author":16,"featured_media":7967,"parent":8141,"menu_order":63,"comment_status":"closed","ping_status":"closed","template":"","meta":{"_acf_changed":false,"_seopress_robots_primary_cat":"","_seopress_titles_title":"","_seopress_titles_desc":"","_seopress_robots_index":"","_bbp_topic_count":0,"_bbp_reply_count":0,"_bbp_total_topic_count":0,"_bbp_total_reply_count":0,"_bbp_voice_count":0,"_bbp_anonymous_reply_count":0,"_bbp_topic_count_hidden":0,"_bbp_reply_count_hidden":0,"_bbp_forum_subforum_count":0,"footnotes":""},"class_list":["post-7963","page","type-page","status-publish","has-post-thumbnail","hentry"],"acf":[],"_links":{"self":[{"href":"https:\/\/www.parcduluberon.fr\/en\/wp-json\/wp\/v2\/pages\/7963","targetHints":{"allow":["GET"]}}],"collection":[{"href":"https:\/\/www.parcduluberon.fr\/en\/wp-json\/wp\/v2\/pages"}],"about":[{"href":"https:\/\/www.parcduluberon.fr\/en\/wp-json\/wp\/v2\/types\/page"}],"author":[{"embeddable":true,"href":"https:\/\/www.parcduluberon.fr\/en\/wp-json\/wp\/v2\/users\/16"}],"replies":[{"embeddable":true,"href":"https:\/\/www.parcduluberon.fr\/en\/wp-json\/wp\/v2\/comments?post=7963"}],"version-history":[{"count":3,"href":"https:\/\/www.parcduluberon.fr\/en\/wp-json\/wp\/v2\/pages\/7963\/revisions"}],"predecessor-version":[{"id":3450527,"href":"https:\/\/www.parcduluberon.fr\/en\/wp-json\/wp\/v2\/pages\/7963\/revisions\/3450527"}],"up":[{"embeddable":true,"href":"https:\/\/www.parcduluberon.fr\/en\/wp-json\/wp\/v2\/pages\/8141"}],"wp:featuredmedia":[{"embeddable":true,"href":"https:\/\/www.parcduluberon.fr\/en\/wp-json\/wp\/v2\/media\/7967"}],"wp:attachment":[{"href":"https:\/\/www.parcduluberon.fr\/en\/wp-json\/wp\/v2\/media?parent=7963"}],"curies":[{"name":"wp","href":"https:\/\/api.w.org\/{rel}","templated":true}]}}