{"id":7608,"date":"2017-07-05T14:18:44","date_gmt":"2017-07-05T13:18:44","guid":{"rendered":"https:\/\/www.parcduluberon.fr\/?page_id=7608"},"modified":"2023-04-19T14:31:16","modified_gmt":"2023-04-19T13:31:16","slug":"college-lycees-parc-luberon","status":"publish","type":"page","link":"https:\/\/www.parcduluberon.fr\/en\/a-voir-a-faire\/college-lycees-parc-luberon\/","title":{"rendered":"Lyc\u00e9es et coll\u00e8ges : des actions sp\u00e9cifiques"},"content":{"rendered":"<p><div class=\"fusion-fullwidth fullwidth-box nonhundred-percent-fullwidth non-hundred-percent-height-scrolling\"  style='background-color: rgba(255,255,255,0);background-position: center center;background-repeat: no-repeat;padding-top:20px;padding-right:20px;padding-bottom:20px;padding-left:20px;'><div class=\"fusion-builder-row fusion-row \"><div  class=\"fusion-layout-column fusion_builder_column fusion_builder_column_1_1  fusion-one-full fusion-column-first fusion-column-last 1_1\"  style='margin-top:0px;margin-bottom:0px;'>\n\t\t\t\t\t<div class=\"fusion-column-wrapper\" style=\"padding: 0px 0px 0px 0px;background-position:left top;background-repeat:no-repeat;-webkit-background-size:cover;-moz-background-size:cover;-o-background-size:cover;background-size:cover;\"  data-bg-url=\"\">\n\t\t\t\t\t\t<div class=\"fusion-title title fusion-sep-none fusion-title-size-one pnrl-titre-accueil\" style=\"margin-top:0px;margin-bottom:31px;\"><h1 class=\"title-heading-left\"><p class=\"p1\" style=\"text-align: left;\"><strong>LYC\u00c9ES ET COLL\u00c8GES : DES ACTIONS SP\u00c9CIFIQUES<br \/>\n<\/strong>LE TERRITOIRE DU LUBERON AU COEUR DES ENSEIGNEMENTS<\/p><\/h1><\/div><div class=\"fusion-text\"><p><strong>L\u2019\u00c9ducation \u00e0 l\u2019Environnement et au Territoire \u00e0 destination de l&#8217;ensemble des scolaires est une priorit\u00e9 pour les \u00e9lus du Parc du Luberon.\u00a0Pour r\u00e9pondre \u00e0 cette demande qui rev\u00eat des attentes particuli\u00e8res pour les niveaux du second degr\u00e9, le Parc a d\u00e9velopp\u00e9 plusieurs dispositifs sp\u00e9cifiques \u00e0 l&#8217;attention des enseignants et \u00e9l\u00e8ves des coll\u00e8ges et lyc\u00e9es. Sorties immersives propos\u00e9es aux lyc\u00e9es du territoire r\u00e9gional, possibilit\u00e9 d\u2019accompagnement de vos projets d&#8217;EEDD, op\u00e9ration Mon coll\u00e8ge en Luberon, r\u00e9seau des enseignants correspondants-Parc&#8230;<br \/>\n<\/strong><\/p>\n<\/div><div class=\"fusion-clearfix\"><\/div>\n\n\t\t\t\t\t<\/div>\n\t\t\t\t<\/div><\/div><\/div><div class=\"fusion-fullwidth fullwidth-box nonhundred-percent-fullwidth non-hundred-percent-height-scrolling\"  style='background-color: rgba(255,255,255,0);background-position: center center;background-repeat: no-repeat;padding-right:0px;padding-bottom:20px;padding-left:10px;'><div class=\"fusion-builder-row fusion-row \"><div  class=\"fusion-layout-column fusion_builder_column fusion_builder_column_1_1  fusion-one-full fusion-column-first fusion-column-last 1_1\"  style='margin-top:0px;margin-bottom:0px;'>\n\t\t\t\t\t<div class=\"fusion-column-wrapper\" style=\"padding: 0px 0px 0px 0px;background-position:left top;background-repeat:no-repeat;-webkit-background-size:cover;-moz-background-size:cover;-o-background-size:cover;background-size:cover;\"  data-bg-url=\"\">\n\t\t\t\t\t\t<div class=\"fusion-recent-posts avada-container layout-default layout-columns-4 pnrl-actualite\"><section class=\"fusion-columns columns fusion-columns-4 columns-4\"><div class=\"fusion-column column col col-lg-3 col-md-3 col-sm-3\"><div class=\"fusion-flexslider flexslider flexslider-hover-type-zoomin\"><ul class=\"slides\"><li><a href=\"https:\/\/www.parcduluberon.fr\/en\/colleges-et-lycees-du-parc-du-luberon\/parc-accompagne-eco-delegues\/\" class=\"hover-type-zoomin\" aria-label=\"Le Parc accompagne les \u00e9co-d\u00e9l\u00e9gu\u00e9s\"><img decoding=\"async\" src=\"https:\/\/www.parcduluberon.fr\/wp-content\/uploads\/2023\/11\/EET_FormEcodelegue_Cadenet-402x324.jpg\" alt=\"Animation sur les Objectifs de D\u00e9veloppement Durable - Formation Ecod\u00e9l\u00e9gu\u00e9s\" \/><\/a><\/li><\/ul><\/div><div class=\"recent-posts-content\">\n\t\t\t\n\t\t\t\t\t\t\t<span class=\"vcard\" style=\"display: none;\">\n\t\t\t\t\t<span class=\"fn\">\n\t\t\t\t\t\t<a href=\"https:\/\/www.parcduluberon.fr\/en\/author\/billaud-s\/\" title=\"Posts by Sophie BILLAUD\" rel=\"author\">Sophie BILLAUD<\/a>\t\t\t\t\t<\/span>\n\t\t\t\t<\/span>\n\t\t\t\n\t\t\t\t\t\t\t<span class=\"updated\" style=\"display:none;\">\n\t\t\t\t\t2025-03-14T09:56:39+01:00\t\t\t\t<\/span>\n\t\t\t\n\t\t<h4 class=\"entry-title\"><a href=\"https:\/\/www.parcduluberon.fr\/en\/colleges-et-lycees-du-parc-du-luberon\/parc-accompagne-eco-delegues\/\">Le Parc accompagne les \u00e9co-d\u00e9l\u00e9gu\u00e9s<\/a><\/h4><p>Le Parc souhaite favoriser l\u2019installation et l\u2019action des \u00e9co-d\u00e9l\u00e9gu\u00e9s dans les coll\u00e8ges et lyc\u00e9es du territoire. Cette action a \u00e9t\u00e9 initi\u00e9e d\u00e8s 2019 par les enseignants correspondants-Parc des coll\u00e8ges du Luberon, qui s\u2019investissent dans l\u2019encadrement de ces \u00e9l\u00e8ves volontaires. Une volont\u00e9 renforc\u00e9e par la circulaire EEDD 2030 du Minist\u00e8re de l\u2019\u00c9ducation Nationale d'aout 2030...<\/p><div class=\"pnrl_sous_post\"><div class=\"pnrl_bloc_lien\"><a href=\"https:\/\/www.parcduluberon.fr\/en\/colleges-et-lycees-du-parc-du-luberon\/parc-accompagne-eco-delegues\/\"><span class=\"pnrl-btn-morelire\"><\/span><\/a><\/div><\/div> <\/div><\/div><div class=\"fusion-column column col col-lg-3 col-md-3 col-sm-3\"><div class=\"fusion-flexslider flexslider flexslider-hover-type-zoomin\"><ul class=\"slides\"><li><a href=\"https:\/\/www.parcduluberon.fr\/en\/colleges-et-lycees-du-parc-du-luberon\/mon-college-en-luberon\/\" class=\"hover-type-zoomin\" aria-label=\"Mon coll\u00e8ge en Luberon\"><img decoding=\"async\" src=\"https:\/\/www.parcduluberon.fr\/wp-content\/uploads\/2017\/01\/BAN_R3_EET_MCL2_@AlineLaage-402x324.jpg\" alt=\"Classeur Mon College en Luberon photo Aline Laage\" \/><\/a><\/li><\/ul><\/div><div class=\"recent-posts-content\">\n\t\t\t\n\t\t\t\t\t\t\t<span class=\"vcard\" style=\"display: none;\">\n\t\t\t\t\t<span class=\"fn\">\n\t\t\t\t\t\t<a href=\"https:\/\/www.parcduluberon.fr\/en\/author\/billaud-s\/\" title=\"Posts by Sophie BILLAUD\" rel=\"author\">Sophie BILLAUD<\/a>\t\t\t\t\t<\/span>\n\t\t\t\t<\/span>\n\t\t\t\n\t\t\t\t\t\t\t<span class=\"updated\" style=\"display:none;\">\n\t\t\t\t\t2019-04-02T17:29:00+01:00\t\t\t\t<\/span>\n\t\t\t\n\t\t<h4 class=\"entry-title\"><a href=\"https:\/\/www.parcduluberon.fr\/en\/colleges-et-lycees-du-parc-du-luberon\/mon-college-en-luberon\/\">Mon coll\u00e8ge en Luberon<\/a><\/h4><p>Le dispositif \u201cMon coll\u00e8ge en Luberon\u201d s\u2019appuie sur les ressources du territoire de vie de l'\u00e9l\u00e8ve afin de proposer des illustrations tr\u00e8s concr\u00e8tes des programmes d\u2019enseignement du coll\u00e8ge. Un parcours \u00e9ducatif complet, multidisciplinaire, est ainsi construit avec l\u2019\u00e9quipe \u00e9ducative de l\u2019\u00e9tablissement et propos\u00e9 \u00e0 l\u2019ensemble des \u00e9l\u00e8ves de l'\u00e9tablissement. Il s\u2019articule autour d\u2019interventions en classe de techniciens, de sorties sur le terrain et de formations pour les enseignants.<\/p><div class=\"pnrl_sous_post\"><div class=\"pnrl_bloc_lien\"><a href=\"https:\/\/www.parcduluberon.fr\/en\/colleges-et-lycees-du-parc-du-luberon\/mon-college-en-luberon\/\"><span class=\"pnrl-btn-morelire\"><\/span><\/a><\/div><\/div> <\/div><\/div><div class=\"fusion-column column col col-lg-3 col-md-3 col-sm-3\"><div class=\"fusion-flexslider flexslider flexslider-hover-type-zoomin\"><ul class=\"slides\"><li><a href=\"https:\/\/www.parcduluberon.fr\/en\/nos-actions\/education-au-territoire\/partenaires-educatifs\/reseau-correspondants-parc\/\" class=\"hover-type-zoomin\" aria-label=\"R\u00e9seau des correspondants Parc des coll\u00e8ges\"><img decoding=\"async\" src=\"https:\/\/www.parcduluberon.fr\/wp-content\/uploads\/2017\/03\/BAN_R3_EET_Correspondants-402x324.jpg\" alt=\"D\u00e9couverte du territoire \u00e0 destination des correspondants Parc du secondaire - photo PNRL Julien Briand\" \/><\/a><\/li><\/ul><\/div><div class=\"recent-posts-content\">\n\t\t\t\n\t\t\t\t\t\t\t<span class=\"vcard\" style=\"display: none;\">\n\t\t\t\t\t<span class=\"fn\">\n\t\t\t\t\t\t<a href=\"https:\/\/www.parcduluberon.fr\/en\/author\/billaud-s\/\" title=\"Posts by Sophie BILLAUD\" rel=\"author\">Sophie BILLAUD<\/a>\t\t\t\t\t<\/span>\n\t\t\t\t<\/span>\n\t\t\t\n\t\t\t\t\t\t\t<span class=\"updated\" style=\"display:none;\">\n\t\t\t\t\t2021-02-04T10:37:47+01:00\t\t\t\t<\/span>\n\t\t\t\n\t\t<h4 class=\"entry-title\"><a href=\"https:\/\/www.parcduluberon.fr\/en\/nos-actions\/education-au-territoire\/partenaires-educatifs\/reseau-correspondants-parc\/\">R\u00e9seau des correspondants Parc des coll\u00e8ges<\/a><\/h4><p>Dans chaque coll\u00e8ge et lyc\u00e9e du territoire, une personne est identifi\u00e9e comme r\u00e9f\u00e9rent du Parc sur la base du volontariat : enseignant de SVT, d'Histoire-G\u00e9ographie, documentaliste, aide-laboratoire... Son r\u00f4le est de se tenir inform\u00e9 de l'actualit\u00e9 du Parc, des actions \u00e9ducatives propos\u00e9es et des ressources \u00e9ducatives existantes sur le territoire ; et d'\u00eatre un relai du Parc au sein de son \u00e9tablissement.<\/p><div class=\"pnrl_sous_post\"><div class=\"pnrl_bloc_lien\"><a href=\"https:\/\/www.parcduluberon.fr\/en\/nos-actions\/education-au-territoire\/partenaires-educatifs\/reseau-correspondants-parc\/\"><span class=\"pnrl-btn-morelire\"><\/span><\/a><\/div><\/div> <\/div><\/div><\/section><\/div><div class=\"fusion-clearfix\"><\/div>\n\n\t\t\t\t\t<\/div>\n\t\t\t\t<\/div><\/div><\/div><div class=\"fusion-fullwidth fullwidth-box nonhundred-percent-fullwidth non-hundred-percent-height-scrolling\"  style='background-color: rgba(255,255,255,0);background-position: center center;background-repeat: no-repeat;padding-right:0px;padding-left:10px;'><div class=\"fusion-builder-row fusion-row \"><div  class=\"fusion-layout-column fusion_builder_column fusion_builder_column_1_1  fusion-one-full fusion-column-first fusion-column-last 1_1\"  style='margin-top:0px;margin-bottom:0px;width:100%'>\n\t\t\t\t\t<div class=\"fusion-column-wrapper\" style=\"padding: 0px 0px 0px 0px;background-position:left top;background-repeat:no-repeat;-webkit-background-size:cover;-moz-background-size:cover;-o-background-size:cover;background-size:cover;\"  data-bg-url=\"\">\n\t\t\t\t\t\t<div class=\"fusion-text\"><p>Photo du bandeau : Spectacle dans\u00e9 autour d\u2019une action \u00e9ducative \u2013 Coll\u00e8ge \u00a9 PNRL \u2013 Julien Briand<\/p>\n<\/div><div class=\"fusion-clearfix\"><\/div>\n\n\t\t\t\t\t<\/div>\n\t\t\t\t<\/div><\/div><\/div><div class=\"fusion-fullwidth fullwidth-box container-carousel-mosaique nonhundred-percent-fullwidth non-hundred-percent-height-scrolling\"  style='background-color: rgba(255,255,255,0);background-position: center center;background-repeat: no-repeat;padding-top:0px;padding-right:0px;padding-bottom:0px;padding-left:10px;'><div class=\"fusion-builder-row fusion-row \"><div  class=\"fusion-layout-column fusion_builder_column fusion_builder_column_1_1  fusion-one-full fusion-column-first fusion-column-last 1_1\"  style='margin-top:0px;margin-bottom:0px;width:100%'>\n\t\t\t\t\t<div class=\"fusion-column-wrapper\" style=\"padding: 0px 0px 0px 0px;background-position:left top;background-repeat:no-repeat;-webkit-background-size:cover;-moz-background-size:cover;-o-background-size:cover;background-size:cover;\"  data-bg-url=\"\">\n\t\t\t\t\t\t<div class=\"fusion-title title fusion-sep-none fusion-title-size-three\" style=\"margin-top:0px;margin-bottom:31px;\"><h3 class=\"title-heading-left\">\u2014 Consultez toutes les th\u00e9matiques<\/h3><\/div><div class=\"fusion-text\"><div id=\"wp-posts-carousel-1935077855\" class=\"compact-theme wp-posts-carousel owl-carousel\"><div class=\"wp-posts-carousel-slide slides-4\"><div class=\"wp-posts-carousel-container\"><div class=\"wp-posts-carousel-image\"><a href=\"https:\/\/www.parcduluberon.fr\/en\/nos-actions\/changement-climatique\/\" title=\"Read more Anticiper le changement climatique\"><img decoding=\"async\" alt=\"Anticiper le changement climatique\" style=\"max-width:100%;max-height:100%\" src=\"https:\/\/www.parcduluberon.fr\/wp-content\/uploads\/2021\/12\/assec_calavon_c_pnrl.jpg\"><\/a><\/div><div class=\"wp-posts-carousel-details\"><h3 class=\"wp-posts-carousel-title\"><a href=\"https:\/\/www.parcduluberon.fr\/en\/nos-actions\/changement-climatique\/\" title=\"Anticiper le changement climatique\">Anticiper le changement climatique<\/a><\/h3><a href=\"https:\/\/www.parcduluberon.fr\/en\/nos-actions\/changement-climatique\/\" title=\"Read more Anticiper le changement climatique\"><div class=\"wp-posts-carousel-desc\"><span class=\"pnrl-separator\"><\/span><br>...<\/div><\/a><p class=\"wp-posts-carousel-buttons\"><p><\/div><\/div><\/div><div class=\"wp-posts-carousel-slide slides-4\"><div class=\"wp-posts-carousel-container\"><div class=\"wp-posts-carousel-image\"><a href=\"https:\/\/www.parcduluberon.fr\/en\/nos-actions\/jagis-avec-le-parc\/je-protege-la-nature-2\/\" title=\"Read more Je prot\u00e8ge la nature\"><img decoding=\"async\" alt=\"Je prot\u00e8ge la nature\" style=\"max-width:100%;max-height:100%\" src=\"https:\/\/www.parcduluberon.fr\/wp-content\/uploads\/2017\/07\/BAN_R3_je_protege_la_nature_c_pnrl_solgne_louis-1-243x150.jpg\"><\/a><\/div><div class=\"wp-posts-carousel-details\"><h3 class=\"wp-posts-carousel-title\"><a href=\"https:\/\/www.parcduluberon.fr\/en\/nos-actions\/jagis-avec-le-parc\/je-protege-la-nature-2\/\" title=\"Je prot\u00e8ge la nature\">Je prot\u00e8ge la nature<\/a><\/h3><a href=\"https:\/\/www.parcduluberon.fr\/en\/nos-actions\/jagis-avec-le-parc\/je-protege-la-nature-2\/\" title=\"Read more Je prot\u00e8ge la nature\"><div class=\"wp-posts-carousel-desc\"><span class=\"pnrl-separator\"><\/span><br>En Luberon, espace fortement peupl\u00e9, la conservation de vastes espaces de pleine nature demeure un enjeu prioritaire pour maintenir l\u2019...<\/div><\/a><p class=\"wp-posts-carousel-buttons\"><p><\/div><\/div><\/div><div class=\"wp-posts-carousel-slide slides-4\"><div class=\"wp-posts-carousel-container\"><div class=\"wp-posts-carousel-image\"><a href=\"https:\/\/www.parcduluberon.fr\/en\/nos-actions\/jagis-avec-le-parc\/preserve-ressources-naturelles-2\/\" title=\"Read more Je pr\u00e9serve les ressources naturelles\"><img decoding=\"async\" alt=\"Je pr\u00e9serve les ressources naturelles\" style=\"max-width:100%;max-height:100%\" src=\"https:\/\/www.parcduluberon.fr\/wp-content\/uploads\/2017\/07\/BAN_R3_je_preserve_ressources_c_pnrl_matthieu_simonneau-1-243x150.jpg\"><\/a><\/div><div class=\"wp-posts-carousel-details\"><h3 class=\"wp-posts-carousel-title\"><a href=\"https:\/\/www.parcduluberon.fr\/en\/nos-actions\/jagis-avec-le-parc\/preserve-ressources-naturelles-2\/\" title=\"Je pr\u00e9serve les ressources naturelles\">Je pr\u00e9serve les ressources naturelles<\/a><\/h3><a href=\"https:\/\/www.parcduluberon.fr\/en\/nos-actions\/jagis-avec-le-parc\/preserve-ressources-naturelles-2\/\" title=\"Read more Je pr\u00e9serve les ressources naturelles\"><div class=\"wp-posts-carousel-desc\"><span class=\"pnrl-separator\"><\/span><br>Pour concilier biodiversit\u00e9, activit\u00e9s humaines et demande sociale de nature, vous trouverez dans les articles ci-apr\u00e8s des conseils et...<\/div><\/a><p class=\"wp-posts-carousel-buttons\"><p><\/div><\/div><\/div><div class=\"wp-posts-carousel-slide slides-4\"><div class=\"wp-posts-carousel-container\"><div class=\"wp-posts-carousel-image\"><a href=\"https:\/\/www.parcduluberon.fr\/en\/nos-actions\/jagis-avec-le-parc-2\/je-plante\/\" title=\"Read more Je plante\"><img decoding=\"async\" alt=\"Je plante\" style=\"max-width:100%;max-height:100%\" src=\"https:\/\/www.parcduluberon.fr\/wp-content\/uploads\/2021\/10\/BAN_R3_je_plante_c_benedicte_de_la_gueriviere.jpg\"><\/a><\/div><div class=\"wp-posts-carousel-details\"><h3 class=\"wp-posts-carousel-title\"><a href=\"https:\/\/www.parcduluberon.fr\/en\/nos-actions\/jagis-avec-le-parc-2\/je-plante\/\" title=\"Je plante\">Je plante<\/a><\/h3><a href=\"https:\/\/www.parcduluberon.fr\/en\/nos-actions\/jagis-avec-le-parc-2\/je-plante\/\" title=\"Read more Je plante\"><div class=\"wp-posts-carousel-desc\"><span class=\"pnrl-separator\"><\/span><br>yes...<\/div><\/a><p class=\"wp-posts-carousel-buttons\"><p><\/div><\/div><\/div><div class=\"wp-posts-carousel-slide slides-4\"><div class=\"wp-posts-carousel-container\"><div class=\"wp-posts-carousel-image\"><a href=\"https:\/\/www.parcduluberon.fr\/en\/nos-actions\/tourisme-durable\/\" title=\"Read more Tourisme durable\"><img decoding=\"async\" alt=\"Tourisme durable\" style=\"max-width:100%;max-height:100%\" src=\"https:\/\/www.parcduluberon.fr\/wp-content\/uploads\/2017\/07\/BAN_R3_tourisme_c_pnrl_francoise_delville-243x150.jpg\"><\/a><\/div><div class=\"wp-posts-carousel-details\"><h3 class=\"wp-posts-carousel-title\"><a href=\"https:\/\/www.parcduluberon.fr\/en\/nos-actions\/tourisme-durable\/\" title=\"Tourisme durable\">Tourisme durable<\/a><\/h3><a href=\"https:\/\/www.parcduluberon.fr\/en\/nos-actions\/tourisme-durable\/\" title=\"Read more Tourisme durable\"><div class=\"wp-posts-carousel-desc\"><span class=\"pnrl-separator\"><\/span><br>Chaque ann\u00e9e, le Luberon accueille 1,6 million de touristes et 6 millions d&#39;excursionnistes, qui viennent autant pour sa...<\/div><\/a><p class=\"wp-posts-carousel-buttons\"><p><\/div><\/div><\/div><div class=\"wp-posts-carousel-slide slides-4\"><div class=\"wp-posts-carousel-container\"><div class=\"wp-posts-carousel-image\"><a href=\"https:\/\/www.parcduluberon.fr\/en\/nos-actions\/agriculture\/\" title=\"Read more Agriculture\"><img decoding=\"async\" alt=\"Agriculture\" style=\"max-width:100%;max-height:100%\" src=\"https:\/\/www.parcduluberon.fr\/wp-content\/uploads\/2017\/07\/BAN_R3_agriculture_c_david_tatin-243x150.jpg\"><\/a><\/div><div class=\"wp-posts-carousel-details\"><h3 class=\"wp-posts-carousel-title\"><a href=\"https:\/\/www.parcduluberon.fr\/en\/nos-actions\/agriculture\/\" title=\"Agriculture\">Agriculture<\/a><\/h3><a href=\"https:\/\/www.parcduluberon.fr\/en\/nos-actions\/agriculture\/\" title=\"Read more Agriculture\"><div class=\"wp-posts-carousel-desc\"><span class=\"pnrl-separator\"><\/span><br>Activit\u00e9 \u00e9conomique majeure du territoire avec 2 000 exploitations sur 48 000 ha de surface agricole utilis\u00e9e, l\u2019agriculture est...<\/div><\/a><p class=\"wp-posts-carousel-buttons\"><p><\/div><\/div><\/div><div class=\"wp-posts-carousel-slide slides-4\"><div class=\"wp-posts-carousel-container\"><div class=\"wp-posts-carousel-image\"><a href=\"https:\/\/www.parcduluberon.fr\/en\/nos-actions\/transition-energetique\/parc-luberon-ouvre-voie\/\" title=\"Read more Le Parc du Luberon ouvre la voie\"><img decoding=\"async\" alt=\"Le Parc du Luberon ouvre la voie\" style=\"max-width:100%;max-height:100%\" src=\"https:\/\/www.parcduluberon.fr\/wp-content\/uploads\/2017\/07\/BAN_R3_le_parc_ouvre_la_voie_c_pnrl_matthieu_camps-243x150.jpg\"><\/a><\/div><div class=\"wp-posts-carousel-details\"><h3 class=\"wp-posts-carousel-title\"><a href=\"https:\/\/www.parcduluberon.fr\/en\/nos-actions\/transition-energetique\/parc-luberon-ouvre-voie\/\" title=\"Le Parc du Luberon ouvre la voie\">Le Parc du Luberon ouvre la voie<\/a><\/h3><a href=\"https:\/\/www.parcduluberon.fr\/en\/nos-actions\/transition-energetique\/parc-luberon-ouvre-voie\/\" title=\"Read more Le Parc du Luberon ouvre la voie\"><div class=\"wp-posts-carousel-desc\"><span class=\"pnrl-separator\"><\/span><br>Le Parc naturel r\u00e9gional du Luberon est un acteur de la transition \u00e9nerg\u00e9tique et climatique de son territoire, un ensemblier...<\/div><\/a><p class=\"wp-posts-carousel-buttons\"><p><\/div><\/div><\/div><div class=\"wp-posts-carousel-slide slides-4\"><div class=\"wp-posts-carousel-container\"><div class=\"wp-posts-carousel-image\"><a href=\"https:\/\/www.parcduluberon.fr\/en\/nos-actions\/transition-energetique\/produire-de-lenergie\/\" title=\"Read more Produire de l'\u00e9nergie\"><img decoding=\"async\" alt=\"Produire de l'\u00e9nergie\" style=\"max-width:100%;max-height:100%\" src=\"https:\/\/www.parcduluberon.fr\/wp-content\/uploads\/2017\/07\/BAN_R3_produire_energie_c_pnrl_matthieu_simonneau-243x150.jpg\"><\/a><\/div><div class=\"wp-posts-carousel-details\"><h3 class=\"wp-posts-carousel-title\"><a href=\"https:\/\/www.parcduluberon.fr\/en\/nos-actions\/transition-energetique\/produire-de-lenergie\/\" title=\"Produire de l'\u00e9nergie\">Produire de l'\u00e9nergie<\/a><\/h3><a href=\"https:\/\/www.parcduluberon.fr\/en\/nos-actions\/transition-energetique\/produire-de-lenergie\/\" title=\"Read more Produire de l'\u00e9nergie\"><div class=\"wp-posts-carousel-desc\"><span class=\"pnrl-separator\"><\/span><br>Le Parc naturel r\u00e9gional du Luberon encourage le d\u00e9veloppement des \u00e9nergies renouvelables : elles produisent peu de d\u00e9chets, permettent de limiter...<\/div><\/a><p class=\"wp-posts-carousel-buttons\"><p><\/div><\/div><\/div><div class=\"wp-posts-carousel-slide slides-4\"><div class=\"wp-posts-carousel-container\"><div class=\"wp-posts-carousel-image\"><a href=\"https:\/\/www.parcduluberon.fr\/en\/nos-actions\/transition-energetique\/moins-consommer-denergie\/\" title=\"Read more Moins consommer d'\u00e9nergie\"><img decoding=\"async\" alt=\"Moins consommer d'\u00e9nergie\" style=\"max-width:100%;max-height:100%\" src=\"https:\/\/www.parcduluberon.fr\/wp-content\/uploads\/2017\/07\/BAN_R3_moins_consommer_c_pnrl_matthieu_camps-243x150.jpg\"><\/a><\/div><div class=\"wp-posts-carousel-details\"><h3 class=\"wp-posts-carousel-title\"><a href=\"https:\/\/www.parcduluberon.fr\/en\/nos-actions\/transition-energetique\/moins-consommer-denergie\/\" title=\"Moins consommer d'\u00e9nergie\">Moins consommer d'\u00e9nergie<\/a><\/h3><a href=\"https:\/\/www.parcduluberon.fr\/en\/nos-actions\/transition-energetique\/moins-consommer-denergie\/\" title=\"Read more Moins consommer d'\u00e9nergie\"><div class=\"wp-posts-carousel-desc\"><span class=\"pnrl-separator\"><\/span><br>Notre plan\u00e8te fait face aujourd\u2019hui \u00e0 deux enjeux majeurs : le r\u00e9chauffement du climat d\u00fb en partie aux \u00e9missions de...<\/div><\/a><p class=\"wp-posts-carousel-buttons\"><p><\/div><\/div><\/div><div class=\"wp-posts-carousel-slide slides-4\"><div class=\"wp-posts-carousel-container\"><div class=\"wp-posts-carousel-image\"><a href=\"https:\/\/www.parcduluberon.fr\/en\/nos-actions\/paysage-urbanisme-architecture\/architecture\/\" title=\"Read more Architecture\"><img decoding=\"async\" alt=\"Architecture\" style=\"max-width:100%;max-height:100%\" src=\"https:\/\/www.parcduluberon.fr\/wp-content\/uploads\/2017\/07\/BAN_R3_maison_jardin_c_pnrl_lea_samson-243x150.jpg\"><\/a><\/div><div class=\"wp-posts-carousel-details\"><h3 class=\"wp-posts-carousel-title\"><a href=\"https:\/\/www.parcduluberon.fr\/en\/nos-actions\/paysage-urbanisme-architecture\/architecture\/\" title=\"Architecture\">Architecture<\/a><\/h3><a href=\"https:\/\/www.parcduluberon.fr\/en\/nos-actions\/paysage-urbanisme-architecture\/architecture\/\" title=\"Read more Architecture\"><div class=\"wp-posts-carousel-desc\"><span class=\"pnrl-separator\"><\/span><br>Vieilles b\u00e2tisses, cabanons, fermes, pavillons... Jardins, plantations d&#39;alignement, potagers... Tous ces \u00e9l\u00e9ments sont essentiels \u00e0 notre cadre de vie...<\/div><\/a><p class=\"wp-posts-carousel-buttons\"><p><\/div><\/div><\/div><\/div><script type=\"text\/javascript\">\n                    jQuery(window).load(function(e) {\n                        var wpPostsCarousel1935077855 = jQuery(\"#wp-posts-carousel-1935077855\");\n                        wpPostsCarousel1935077855.owlCarousel({\n                            loop: true,\n                            nav: true,\n                            navSpeed: 800,\n                            dots: true,\n                            dotsSpeed: 800,\n                            lazyLoad: false,\n                            autoplay: true,\n                            autoplayHoverPause: true,\n                            autoplayTimeout: 1200,\n                            autoplaySpeed:  800,\n                            margin: 5,\n                            stagePadding: 0,\n                            freeDrag: false,\n                            mouseDrag: true,\n                            touchDrag: true,\n                            slideBy: 1,\n                            fallbackEasing: \"linear\",\n                            responsiveClass: true,\n                            navText: [ \" Actualit\u00e9 pr\u00e9c\u00e9dente \", \" Actualit\u00e9 suivante \" ],\n                            responsive:{\n                                0:{items: 1},\n                                600:{items: 2},\n                                1000:{items: 4}\n                                \n                            },\n                            autoHeight: true\n                        });\n                        wpPostsCarousel1935077855.on(\"mousewheel\", \".owl-stage\", function(e) {\n                if (e.deltaY > 0) {\n                    wpPostsCarousel1935077855.trigger(\"next.owl\");\n                } else {\n                    wpPostsCarousel1935077855.trigger(\"prev.owl\");\n                }\n                e.preventDefault();\n            });\n                    });\n                <\/script>\n<\/div><div class=\"fusion-clearfix\"><\/div>\n\n\t\t\t\t\t<\/div>\n\t\t\t\t<\/div><\/div><\/div><\/p>\n","protected":false},"excerpt":{"rendered":"<p>L\u2019Education \u00e0 l\u2019Environnement et au Territoire \u00e0 destination des scolaires est une priorit\u00e9 pour les \u00e9lus du Parc <\/p>\n","protected":false},"author":16,"featured_media":4236,"parent":2064,"menu_order":89,"comment_status":"closed","ping_status":"closed","template":"","meta":{"_acf_changed":false,"_seopress_robots_primary_cat":"447","_seopress_titles_title":"","_seopress_titles_desc":"","_seopress_robots_index":"","_bbp_topic_count":0,"_bbp_reply_count":0,"_bbp_total_topic_count":0,"_bbp_total_reply_count":0,"_bbp_voice_count":0,"_bbp_anonymous_reply_count":0,"_bbp_topic_count_hidden":0,"_bbp_reply_count_hidden":0,"_bbp_forum_subforum_count":0,"footnotes":""},"class_list":["post-7608","page","type-page","status-publish","has-post-thumbnail","hentry"],"acf":[],"_links":{"self":[{"href":"https:\/\/www.parcduluberon.fr\/en\/wp-json\/wp\/v2\/pages\/7608","targetHints":{"allow":["GET"]}}],"collection":[{"href":"https:\/\/www.parcduluberon.fr\/en\/wp-json\/wp\/v2\/pages"}],"about":[{"href":"https:\/\/www.parcduluberon.fr\/en\/wp-json\/wp\/v2\/types\/page"}],"author":[{"embeddable":true,"href":"https:\/\/www.parcduluberon.fr\/en\/wp-json\/wp\/v2\/users\/16"}],"replies":[{"embeddable":true,"href":"https:\/\/www.parcduluberon.fr\/en\/wp-json\/wp\/v2\/comments?post=7608"}],"version-history":[{"count":17,"href":"https:\/\/www.parcduluberon.fr\/en\/wp-json\/wp\/v2\/pages\/7608\/revisions"}],"predecessor-version":[{"id":2117190,"href":"https:\/\/www.parcduluberon.fr\/en\/wp-json\/wp\/v2\/pages\/7608\/revisions\/2117190"}],"up":[{"embeddable":true,"href":"https:\/\/www.parcduluberon.fr\/en\/wp-json\/wp\/v2\/pages\/2064"}],"wp:featuredmedia":[{"embeddable":true,"href":"https:\/\/www.parcduluberon.fr\/en\/wp-json\/wp\/v2\/media\/4236"}],"wp:attachment":[{"href":"https:\/\/www.parcduluberon.fr\/en\/wp-json\/wp\/v2\/media?parent=7608"}],"curies":[{"name":"wp","href":"https:\/\/api.w.org\/{rel}","templated":true}]}}