{"id":7581,"date":"2017-07-05T13:27:14","date_gmt":"2017-07-05T12:27:14","guid":{"rendered":"https:\/\/www.parcduluberon.fr\/?page_id=7581"},"modified":"2017-07-05T13:27:14","modified_gmt":"2017-07-05T12:27:14","slug":"partenaires-educatifs","status":"publish","type":"page","link":"https:\/\/www.parcduluberon.fr\/en\/a-voir-a-faire\/partenaires-educatifs\/","title":{"rendered":"Partenaires \u00e9ducatifs"},"content":{"rendered":"<p><div class=\"fusion-fullwidth fullwidth-box nonhundred-percent-fullwidth non-hundred-percent-height-scrolling\"  style='background-color: rgba(255,255,255,0);background-position: center center;background-repeat: no-repeat;padding-top:20px;padding-right:20px;padding-bottom:20px;padding-left:20px;'><div class=\"fusion-builder-row fusion-row \"><div  class=\"fusion-layout-column fusion_builder_column fusion_builder_column_1_1  fusion-one-full fusion-column-first fusion-column-last 1_1\"  style='margin-top:0px;margin-bottom:0px;'>\n\t\t\t\t\t<div class=\"fusion-column-wrapper\" style=\"background-position:left top;background-repeat:no-repeat;-webkit-background-size:cover;-moz-background-size:cover;-o-background-size:cover;background-size:cover;\"  data-bg-url=\"\">\n\t\t\t\t\t\t<div class=\"fusion-title title fusion-sep-none fusion-title-size-one pnrl-titre-accueil\" style=\"margin-top:0px;margin-bottom:31px;\"><h1 class=\"title-heading-left\"><p class=\"p1\"><strong>PARTENAIRES \u00c9DUCATIFS<\/strong><\/p><\/h1><\/div><div class=\"fusion-text\"><\/div><div class=\"fusion-clearfix\"><\/div>\n\n\t\t\t\t\t<\/div>\n\t\t\t\t<\/div><\/div><\/div><div class=\"fusion-fullwidth fullwidth-box nonhundred-percent-fullwidth non-hundred-percent-height-scrolling\"  style='background-color: rgba(255,255,255,0);background-position: center center;background-repeat: no-repeat;padding-right:0px;padding-bottom:20px;padding-left:10px;'><div class=\"fusion-builder-row fusion-row \"><div  class=\"fusion-layout-column fusion_builder_column fusion_builder_column_1_1  fusion-one-full fusion-column-first fusion-column-last 1_1\"  style='margin-top:0px;margin-bottom:0px;'>\n\t\t\t\t\t<div class=\"fusion-column-wrapper\" style=\"background-position:left top;background-repeat:no-repeat;-webkit-background-size:cover;-moz-background-size:cover;-o-background-size:cover;background-size:cover;\"  data-bg-url=\"\">\n\t\t\t\t\t\t<div class=\"fusion-recent-posts avada-container layout-thumbnails-on-side layout-columns-1 pnrl-actualite\"><section class=\"fusion-columns columns fusion-columns-1 columns-1\"><div class=\"fusion-column column col col-lg-12 col-md-12 col-sm-12\"><div class=\"fusion-flexslider flexslider floated-slideshow flexslider-hover-type-none\"><ul class=\"slides\"><li><a href=\"https:\/\/www.parcduluberon.fr\/en\/le-parc\/reseaux-et-partenaires\/partenaires-educatifs-parc\/\" class=\"hover-type-none\" aria-label=\"Partenaires \u00e9ducatifs du Parc du Luberon\"><img decoding=\"async\" src=\"https:\/\/www.parcduluberon.fr\/wp-content\/uploads\/2017\/01\/BAN_R3_EET_N2_partenaires_educatifs-565x200.jpg\" alt=\"Bandeau Partenaires \u00e9ducatifs Photo PNRL - St\u00e9phane Legal\" \/><\/a><\/li><\/ul><\/div><div class=\"recent-posts-content\">\n\t\t\t\n\t\t\t\t\t\t\t<span class=\"vcard\" style=\"display: none;\">\n\t\t\t\t\t<span class=\"fn\">\n\t\t\t\t\t\t<a href=\"https:\/\/www.parcduluberon.fr\/en\/author\/billaud-s\/\" title=\"Posts by Sophie BILLAUD\" rel=\"author\">Sophie BILLAUD<\/a>\t\t\t\t\t<\/span>\n\t\t\t\t<\/span>\n\t\t\t\n\t\t\t\t\t\t\t<span class=\"updated\" style=\"display:none;\">\n\t\t\t\t\t2025-09-24T08:54:59+01:00\t\t\t\t<\/span>\n\t\t\t\n\t\t<h4 class=\"entry-title\"><a href=\"https:\/\/www.parcduluberon.fr\/en\/le-parc\/reseaux-et-partenaires\/partenaires-educatifs-parc\/\">Partenaires \u00e9ducatifs du Parc du Luberon<\/a><\/h4><p>Les intervenants du Parc sont des sp\u00e9cialistes de l\u2019animation, porteurs des valeurs de la Charte pour l\u2019\u00e9ducation \u00e0 l\u2019environnement et au territoire.<\/p><div class=\"pnrl_sous_post\"><div class=\"pnrl_bloc_lien\"><a href=\"https:\/\/www.parcduluberon.fr\/en\/le-parc\/reseaux-et-partenaires\/partenaires-educatifs-parc\/\"><span class=\"pnrl-btn-morelire\"><\/span><\/a><\/div><\/div> <\/div><\/div><div class=\"fusion-clearfix\"><\/div><div class=\"fusion-column column col col-lg-12 col-md-12 col-sm-12\"><div class=\"fusion-flexslider flexslider floated-slideshow flexslider-hover-type-none\"><ul class=\"slides\"><li><a href=\"https:\/\/www.parcduluberon.fr\/en\/nos-actions\/education-au-territoire\/partenaires-educatifs\/reseau-correspondants-parc\/\" class=\"hover-type-none\" aria-label=\"R\u00e9seau des correspondants Parc des coll\u00e8ges\"><img decoding=\"async\" src=\"https:\/\/www.parcduluberon.fr\/wp-content\/uploads\/2017\/03\/BAN_R3_EET_Correspondants-565x200.jpg\" alt=\"D\u00e9couverte du territoire \u00e0 destination des correspondants Parc du secondaire - photo PNRL Julien Briand\" \/><\/a><\/li><\/ul><\/div><div class=\"recent-posts-content\">\n\t\t\t\n\t\t\t\t\t\t\t<span class=\"vcard\" style=\"display: none;\">\n\t\t\t\t\t<span class=\"fn\">\n\t\t\t\t\t\t<a href=\"https:\/\/www.parcduluberon.fr\/en\/author\/billaud-s\/\" title=\"Posts by Sophie BILLAUD\" rel=\"author\">Sophie BILLAUD<\/a>\t\t\t\t\t<\/span>\n\t\t\t\t<\/span>\n\t\t\t\n\t\t\t\t\t\t\t<span class=\"updated\" style=\"display:none;\">\n\t\t\t\t\t2021-02-04T10:37:47+01:00\t\t\t\t<\/span>\n\t\t\t\n\t\t<h4 class=\"entry-title\"><a href=\"https:\/\/www.parcduluberon.fr\/en\/nos-actions\/education-au-territoire\/partenaires-educatifs\/reseau-correspondants-parc\/\">R\u00e9seau des correspondants Parc des coll\u00e8ges<\/a><\/h4><p>Dans chaque coll\u00e8ge et lyc\u00e9e du territoire, une personne est identifi\u00e9e comme r\u00e9f\u00e9rent du Parc sur la base du volontariat : enseignant de SVT, d'Histoire-G\u00e9ographie, documentaliste, aide-laboratoire... Son r\u00f4le est de se tenir inform\u00e9 de l'actualit\u00e9 du Parc, des actions \u00e9ducatives propos\u00e9es et des ressources \u00e9ducatives existantes sur le territoire ; et d'\u00eatre un relai du Parc au sein de son \u00e9tablissement.<\/p><div class=\"pnrl_sous_post\"><div class=\"pnrl_bloc_lien\"><a href=\"https:\/\/www.parcduluberon.fr\/en\/nos-actions\/education-au-territoire\/partenaires-educatifs\/reseau-correspondants-parc\/\"><span class=\"pnrl-btn-morelire\"><\/span><\/a><\/div><\/div> <\/div><\/div><div class=\"fusion-clearfix\"><\/div><\/section><\/div><div class=\"fusion-clearfix\"><\/div>\n\n\t\t\t\t\t<\/div>\n\t\t\t\t<\/div><\/div><\/div><div class=\"fusion-fullwidth fullwidth-box nonhundred-percent-fullwidth non-hundred-percent-height-scrolling\"  style='background-color: rgba(255,255,255,0);background-position: center center;background-repeat: no-repeat;padding-right:0px;padding-left:10px;'><div class=\"fusion-builder-row fusion-row \"><div  class=\"fusion-layout-column fusion_builder_column fusion_builder_column_1_1  fusion-one-full fusion-column-first fusion-column-last 1_1\"  style='margin-top:0px;margin-bottom:0px;width:100%'>\n\t\t\t\t\t<div class=\"fusion-column-wrapper\" style=\"background-position:left top;background-repeat:no-repeat;-webkit-background-size:cover;-moz-background-size:cover;-o-background-size:cover;background-size:cover;\"  data-bg-url=\"\">\n\t\t\t\t\t\t<div class=\"fusion-text\"><p>Photo du bandeau : Fanny de l\u2019association Au Maquis en animation au Ch\u00e2teau de l\u2019Environnement lors des D\u00e9fis pour le Parc 2015 \u00a9 PNRL \u2013 St\u00e9phane Legal<\/p>\n<\/div><div class=\"fusion-clearfix\"><\/div>\n\n\t\t\t\t\t<\/div>\n\t\t\t\t<\/div><\/div><\/div><div class=\"fusion-fullwidth fullwidth-box container-carousel-mosaique nonhundred-percent-fullwidth non-hundred-percent-height-scrolling\"  style='background-color: rgba(255,255,255,0);background-position: center center;background-repeat: no-repeat;padding-top:0px;padding-right:0px;padding-bottom:0px;padding-left:10px;'><div class=\"fusion-builder-row fusion-row \"><div  class=\"fusion-layout-column fusion_builder_column fusion_builder_column_1_1  fusion-one-full fusion-column-first fusion-column-last 1_1\"  style='margin-top:0px;margin-bottom:0px;width:100%'>\n\t\t\t\t\t<div class=\"fusion-column-wrapper\" style=\"background-position:left top;background-repeat:no-repeat;-webkit-background-size:cover;-moz-background-size:cover;-o-background-size:cover;background-size:cover;\"  data-bg-url=\"\">\n\t\t\t\t\t\t<div class=\"fusion-text\"><\/div><div class=\"fusion-title title fusion-sep-none fusion-title-size-three\" style=\"margin-top:0px;margin-bottom:31px;\"><h3 class=\"title-heading-left\">\u2014 Consultez toutes les th\u00e9matiques<\/h3><\/div><div class=\"fusion-text\"><div id=\"wp-posts-carousel-355015184\" class=\"compact-theme wp-posts-carousel owl-carousel\"><div class=\"wp-posts-carousel-slide slides-4\"><div class=\"wp-posts-carousel-container\"><div class=\"wp-posts-carousel-image\"><a href=\"https:\/\/www.parcduluberon.fr\/en\/nos-actions\/changement-climatique\/\" title=\"Read more Anticiper le changement climatique\"><img decoding=\"async\" alt=\"Anticiper le changement climatique\" style=\"max-width:100%;max-height:100%\" src=\"https:\/\/www.parcduluberon.fr\/wp-content\/uploads\/2021\/12\/assec_calavon_c_pnrl.jpg\"><\/a><\/div><div class=\"wp-posts-carousel-details\"><h3 class=\"wp-posts-carousel-title\"><a href=\"https:\/\/www.parcduluberon.fr\/en\/nos-actions\/changement-climatique\/\" title=\"Anticiper le changement climatique\">Anticiper le changement climatique<\/a><\/h3><a href=\"https:\/\/www.parcduluberon.fr\/en\/nos-actions\/changement-climatique\/\" title=\"Read more Anticiper le changement climatique\"><div class=\"wp-posts-carousel-desc\"><span class=\"pnrl-separator\"><\/span><br>...<\/div><\/a><p class=\"wp-posts-carousel-buttons\"><p><\/div><\/div><\/div><div class=\"wp-posts-carousel-slide slides-4\"><div class=\"wp-posts-carousel-container\"><div class=\"wp-posts-carousel-image\"><a href=\"https:\/\/www.parcduluberon.fr\/en\/nos-actions\/jagis-avec-le-parc\/je-protege-la-nature-2\/\" title=\"Read more Je prot\u00e8ge la nature\"><img decoding=\"async\" alt=\"Je prot\u00e8ge la nature\" style=\"max-width:100%;max-height:100%\" src=\"https:\/\/www.parcduluberon.fr\/wp-content\/uploads\/2017\/07\/BAN_R3_je_protege_la_nature_c_pnrl_solgne_louis-1-243x150.jpg\"><\/a><\/div><div class=\"wp-posts-carousel-details\"><h3 class=\"wp-posts-carousel-title\"><a href=\"https:\/\/www.parcduluberon.fr\/en\/nos-actions\/jagis-avec-le-parc\/je-protege-la-nature-2\/\" title=\"Je prot\u00e8ge la nature\">Je prot\u00e8ge la nature<\/a><\/h3><a href=\"https:\/\/www.parcduluberon.fr\/en\/nos-actions\/jagis-avec-le-parc\/je-protege-la-nature-2\/\" title=\"Read more Je prot\u00e8ge la nature\"><div class=\"wp-posts-carousel-desc\"><span class=\"pnrl-separator\"><\/span><br>En Luberon, espace fortement peupl\u00e9, la conservation de vastes espaces de pleine nature demeure un enjeu prioritaire pour maintenir l\u2019...<\/div><\/a><p class=\"wp-posts-carousel-buttons\"><p><\/div><\/div><\/div><div class=\"wp-posts-carousel-slide slides-4\"><div class=\"wp-posts-carousel-container\"><div class=\"wp-posts-carousel-image\"><a href=\"https:\/\/www.parcduluberon.fr\/en\/nos-actions\/jagis-avec-le-parc\/preserve-ressources-naturelles-2\/\" title=\"Read more Je pr\u00e9serve les ressources naturelles\"><img decoding=\"async\" alt=\"Je pr\u00e9serve les ressources naturelles\" style=\"max-width:100%;max-height:100%\" src=\"https:\/\/www.parcduluberon.fr\/wp-content\/uploads\/2017\/07\/BAN_R3_je_preserve_ressources_c_pnrl_matthieu_simonneau-1-243x150.jpg\"><\/a><\/div><div class=\"wp-posts-carousel-details\"><h3 class=\"wp-posts-carousel-title\"><a href=\"https:\/\/www.parcduluberon.fr\/en\/nos-actions\/jagis-avec-le-parc\/preserve-ressources-naturelles-2\/\" title=\"Je pr\u00e9serve les ressources naturelles\">Je pr\u00e9serve les ressources naturelles<\/a><\/h3><a href=\"https:\/\/www.parcduluberon.fr\/en\/nos-actions\/jagis-avec-le-parc\/preserve-ressources-naturelles-2\/\" title=\"Read more Je pr\u00e9serve les ressources naturelles\"><div class=\"wp-posts-carousel-desc\"><span class=\"pnrl-separator\"><\/span><br>Pour concilier biodiversit\u00e9, activit\u00e9s humaines et demande sociale de nature, vous trouverez dans les articles ci-apr\u00e8s des conseils et...<\/div><\/a><p class=\"wp-posts-carousel-buttons\"><p><\/div><\/div><\/div><div class=\"wp-posts-carousel-slide slides-4\"><div class=\"wp-posts-carousel-container\"><div class=\"wp-posts-carousel-image\"><a href=\"https:\/\/www.parcduluberon.fr\/en\/nos-actions\/jagis-avec-le-parc-2\/je-plante\/\" title=\"Read more Je plante\"><img decoding=\"async\" alt=\"Je plante\" style=\"max-width:100%;max-height:100%\" src=\"https:\/\/www.parcduluberon.fr\/wp-content\/uploads\/2021\/10\/BAN_R3_je_plante_c_benedicte_de_la_gueriviere.jpg\"><\/a><\/div><div class=\"wp-posts-carousel-details\"><h3 class=\"wp-posts-carousel-title\"><a href=\"https:\/\/www.parcduluberon.fr\/en\/nos-actions\/jagis-avec-le-parc-2\/je-plante\/\" title=\"Je plante\">Je plante<\/a><\/h3><a href=\"https:\/\/www.parcduluberon.fr\/en\/nos-actions\/jagis-avec-le-parc-2\/je-plante\/\" title=\"Read more Je plante\"><div class=\"wp-posts-carousel-desc\"><span class=\"pnrl-separator\"><\/span><br>yes...<\/div><\/a><p class=\"wp-posts-carousel-buttons\"><p><\/div><\/div><\/div><div class=\"wp-posts-carousel-slide slides-4\"><div class=\"wp-posts-carousel-container\"><div class=\"wp-posts-carousel-image\"><a href=\"https:\/\/www.parcduluberon.fr\/en\/nos-actions\/tourisme-durable\/\" title=\"Read more Tourisme durable\"><img decoding=\"async\" alt=\"Tourisme durable\" style=\"max-width:100%;max-height:100%\" src=\"https:\/\/www.parcduluberon.fr\/wp-content\/uploads\/2017\/07\/BAN_R3_tourisme_c_pnrl_francoise_delville-243x150.jpg\"><\/a><\/div><div class=\"wp-posts-carousel-details\"><h3 class=\"wp-posts-carousel-title\"><a href=\"https:\/\/www.parcduluberon.fr\/en\/nos-actions\/tourisme-durable\/\" title=\"Tourisme durable\">Tourisme durable<\/a><\/h3><a href=\"https:\/\/www.parcduluberon.fr\/en\/nos-actions\/tourisme-durable\/\" title=\"Read more Tourisme durable\"><div class=\"wp-posts-carousel-desc\"><span class=\"pnrl-separator\"><\/span><br>Chaque ann\u00e9e, le Luberon accueille 1,6 million de touristes et 6 millions d&#39;excursionnistes, qui viennent autant pour sa...<\/div><\/a><p class=\"wp-posts-carousel-buttons\"><p><\/div><\/div><\/div><div class=\"wp-posts-carousel-slide slides-4\"><div class=\"wp-posts-carousel-container\"><div class=\"wp-posts-carousel-image\"><a href=\"https:\/\/www.parcduluberon.fr\/en\/nos-actions\/agriculture\/\" title=\"Read more Agriculture\"><img decoding=\"async\" alt=\"Agriculture\" style=\"max-width:100%;max-height:100%\" src=\"https:\/\/www.parcduluberon.fr\/wp-content\/uploads\/2017\/07\/BAN_R3_agriculture_c_david_tatin-243x150.jpg\"><\/a><\/div><div class=\"wp-posts-carousel-details\"><h3 class=\"wp-posts-carousel-title\"><a href=\"https:\/\/www.parcduluberon.fr\/en\/nos-actions\/agriculture\/\" title=\"Agriculture\">Agriculture<\/a><\/h3><a href=\"https:\/\/www.parcduluberon.fr\/en\/nos-actions\/agriculture\/\" title=\"Read more Agriculture\"><div class=\"wp-posts-carousel-desc\"><span class=\"pnrl-separator\"><\/span><br>Activit\u00e9 \u00e9conomique majeure du territoire avec 2 000 exploitations sur 48 000 ha de surface agricole utilis\u00e9e, l\u2019agriculture est...<\/div><\/a><p class=\"wp-posts-carousel-buttons\"><p><\/div><\/div><\/div><div class=\"wp-posts-carousel-slide slides-4\"><div class=\"wp-posts-carousel-container\"><div class=\"wp-posts-carousel-image\"><a href=\"https:\/\/www.parcduluberon.fr\/en\/nos-actions\/transition-energetique\/parc-luberon-ouvre-voie\/\" title=\"Read more Le Parc du Luberon ouvre la voie\"><img decoding=\"async\" alt=\"Le Parc du Luberon ouvre la voie\" style=\"max-width:100%;max-height:100%\" src=\"https:\/\/www.parcduluberon.fr\/wp-content\/uploads\/2017\/07\/BAN_R3_le_parc_ouvre_la_voie_c_pnrl_matthieu_camps-243x150.jpg\"><\/a><\/div><div class=\"wp-posts-carousel-details\"><h3 class=\"wp-posts-carousel-title\"><a href=\"https:\/\/www.parcduluberon.fr\/en\/nos-actions\/transition-energetique\/parc-luberon-ouvre-voie\/\" title=\"Le Parc du Luberon ouvre la voie\">Le Parc du Luberon ouvre la voie<\/a><\/h3><a href=\"https:\/\/www.parcduluberon.fr\/en\/nos-actions\/transition-energetique\/parc-luberon-ouvre-voie\/\" title=\"Read more Le Parc du Luberon ouvre la voie\"><div class=\"wp-posts-carousel-desc\"><span class=\"pnrl-separator\"><\/span><br>Le Parc naturel r\u00e9gional du Luberon est un acteur de la transition \u00e9nerg\u00e9tique et climatique de son territoire, un ensemblier...<\/div><\/a><p class=\"wp-posts-carousel-buttons\"><p><\/div><\/div><\/div><div class=\"wp-posts-carousel-slide slides-4\"><div class=\"wp-posts-carousel-container\"><div class=\"wp-posts-carousel-image\"><a href=\"https:\/\/www.parcduluberon.fr\/en\/nos-actions\/transition-energetique\/produire-de-lenergie\/\" title=\"Read more Produire de l'\u00e9nergie\"><img decoding=\"async\" alt=\"Produire de l'\u00e9nergie\" style=\"max-width:100%;max-height:100%\" src=\"https:\/\/www.parcduluberon.fr\/wp-content\/uploads\/2017\/07\/BAN_R3_produire_energie_c_pnrl_matthieu_simonneau-243x150.jpg\"><\/a><\/div><div class=\"wp-posts-carousel-details\"><h3 class=\"wp-posts-carousel-title\"><a href=\"https:\/\/www.parcduluberon.fr\/en\/nos-actions\/transition-energetique\/produire-de-lenergie\/\" title=\"Produire de l'\u00e9nergie\">Produire de l'\u00e9nergie<\/a><\/h3><a href=\"https:\/\/www.parcduluberon.fr\/en\/nos-actions\/transition-energetique\/produire-de-lenergie\/\" title=\"Read more Produire de l'\u00e9nergie\"><div class=\"wp-posts-carousel-desc\"><span class=\"pnrl-separator\"><\/span><br>Le Parc naturel r\u00e9gional du Luberon encourage le d\u00e9veloppement des \u00e9nergies renouvelables : elles produisent peu de d\u00e9chets, permettent de limiter...<\/div><\/a><p class=\"wp-posts-carousel-buttons\"><p><\/div><\/div><\/div><div class=\"wp-posts-carousel-slide slides-4\"><div class=\"wp-posts-carousel-container\"><div class=\"wp-posts-carousel-image\"><a href=\"https:\/\/www.parcduluberon.fr\/en\/nos-actions\/transition-energetique\/moins-consommer-denergie\/\" title=\"Read more Moins consommer d'\u00e9nergie\"><img decoding=\"async\" alt=\"Moins consommer d'\u00e9nergie\" style=\"max-width:100%;max-height:100%\" src=\"https:\/\/www.parcduluberon.fr\/wp-content\/uploads\/2017\/07\/BAN_R3_moins_consommer_c_pnrl_matthieu_camps-243x150.jpg\"><\/a><\/div><div class=\"wp-posts-carousel-details\"><h3 class=\"wp-posts-carousel-title\"><a href=\"https:\/\/www.parcduluberon.fr\/en\/nos-actions\/transition-energetique\/moins-consommer-denergie\/\" title=\"Moins consommer d'\u00e9nergie\">Moins consommer d'\u00e9nergie<\/a><\/h3><a href=\"https:\/\/www.parcduluberon.fr\/en\/nos-actions\/transition-energetique\/moins-consommer-denergie\/\" title=\"Read more Moins consommer d'\u00e9nergie\"><div class=\"wp-posts-carousel-desc\"><span class=\"pnrl-separator\"><\/span><br>Notre plan\u00e8te fait face aujourd\u2019hui \u00e0 deux enjeux majeurs : le r\u00e9chauffement du climat d\u00fb en partie aux \u00e9missions de...<\/div><\/a><p class=\"wp-posts-carousel-buttons\"><p><\/div><\/div><\/div><div class=\"wp-posts-carousel-slide slides-4\"><div class=\"wp-posts-carousel-container\"><div class=\"wp-posts-carousel-image\"><a href=\"https:\/\/www.parcduluberon.fr\/en\/nos-actions\/paysage-urbanisme-architecture\/architecture\/\" title=\"Read more Architecture\"><img decoding=\"async\" alt=\"Architecture\" style=\"max-width:100%;max-height:100%\" src=\"https:\/\/www.parcduluberon.fr\/wp-content\/uploads\/2017\/07\/BAN_R3_maison_jardin_c_pnrl_lea_samson-243x150.jpg\"><\/a><\/div><div class=\"wp-posts-carousel-details\"><h3 class=\"wp-posts-carousel-title\"><a href=\"https:\/\/www.parcduluberon.fr\/en\/nos-actions\/paysage-urbanisme-architecture\/architecture\/\" title=\"Architecture\">Architecture<\/a><\/h3><a href=\"https:\/\/www.parcduluberon.fr\/en\/nos-actions\/paysage-urbanisme-architecture\/architecture\/\" title=\"Read more Architecture\"><div class=\"wp-posts-carousel-desc\"><span class=\"pnrl-separator\"><\/span><br>Vieilles b\u00e2tisses, cabanons, fermes, pavillons... Jardins, plantations d&#39;alignement, potagers... Tous ces \u00e9l\u00e9ments sont essentiels \u00e0 notre cadre de vie...<\/div><\/a><p class=\"wp-posts-carousel-buttons\"><p><\/div><\/div><\/div><\/div><script type=\"text\/javascript\">\n                    jQuery(window).load(function(e) {\n                        var wpPostsCarousel355015184 = jQuery(\"#wp-posts-carousel-355015184\");\n                        wpPostsCarousel355015184.owlCarousel({\n                            loop: true,\n                            nav: true,\n                            navSpeed: 800,\n                            dots: true,\n                            dotsSpeed: 800,\n                            lazyLoad: false,\n                            autoplay: true,\n                            autoplayHoverPause: true,\n                            autoplayTimeout: 1200,\n                            autoplaySpeed:  800,\n                            margin: 5,\n                            stagePadding: 0,\n                            freeDrag: false,\n                            mouseDrag: true,\n                            touchDrag: true,\n                            slideBy: 1,\n                            fallbackEasing: \"linear\",\n                            responsiveClass: true,\n                            navText: [ \" Actualit\u00e9 pr\u00e9c\u00e9dente \", \" Actualit\u00e9 suivante \" ],\n                            responsive:{\n                                0:{items: 1},\n                                600:{items: 2},\n                                1000:{items: 4}\n                                \n                            },\n                            autoHeight: true\n                        });\n                        wpPostsCarousel355015184.on(\"mousewheel\", \".owl-stage\", function(e) {\n                if (e.deltaY > 0) {\n                    wpPostsCarousel355015184.trigger(\"next.owl\");\n                } else {\n                    wpPostsCarousel355015184.trigger(\"prev.owl\");\n                }\n                e.preventDefault();\n            });\n                    });\n                <\/script>\n<\/div><div class=\"fusion-clearfix\"><\/div>\n\n\t\t\t\t\t<\/div>\n\t\t\t\t<\/div><\/div><\/div><\/p>\n","protected":false},"excerpt":{"rendered":"<p>D\u00e8s les ann\u00e9es 90, le Parc naturel r\u00e9gional du Luberon s\u2019est dot\u00e9 de sites susceptibles d\u2019accueillir du public <\/p>\n","protected":false},"author":16,"featured_media":1793,"parent":2064,"menu_order":91,"comment_status":"closed","ping_status":"closed","template":"","meta":{"_acf_changed":false,"_seopress_robots_primary_cat":"447","_seopress_titles_title":"","_seopress_titles_desc":"","_seopress_robots_index":"","_bbp_topic_count":0,"_bbp_reply_count":0,"_bbp_total_topic_count":0,"_bbp_total_reply_count":0,"_bbp_voice_count":0,"_bbp_anonymous_reply_count":0,"_bbp_topic_count_hidden":0,"_bbp_reply_count_hidden":0,"_bbp_forum_subforum_count":0,"footnotes":""},"class_list":["post-7581","page","type-page","status-publish","has-post-thumbnail","hentry"],"acf":[],"_links":{"self":[{"href":"https:\/\/www.parcduluberon.fr\/en\/wp-json\/wp\/v2\/pages\/7581","targetHints":{"allow":["GET"]}}],"collection":[{"href":"https:\/\/www.parcduluberon.fr\/en\/wp-json\/wp\/v2\/pages"}],"about":[{"href":"https:\/\/www.parcduluberon.fr\/en\/wp-json\/wp\/v2\/types\/page"}],"author":[{"embeddable":true,"href":"https:\/\/www.parcduluberon.fr\/en\/wp-json\/wp\/v2\/users\/16"}],"replies":[{"embeddable":true,"href":"https:\/\/www.parcduluberon.fr\/en\/wp-json\/wp\/v2\/comments?post=7581"}],"version-history":[{"count":3,"href":"https:\/\/www.parcduluberon.fr\/en\/wp-json\/wp\/v2\/pages\/7581\/revisions"}],"predecessor-version":[{"id":7584,"href":"https:\/\/www.parcduluberon.fr\/en\/wp-json\/wp\/v2\/pages\/7581\/revisions\/7584"}],"up":[{"embeddable":true,"href":"https:\/\/www.parcduluberon.fr\/en\/wp-json\/wp\/v2\/pages\/2064"}],"wp:featuredmedia":[{"embeddable":true,"href":"https:\/\/www.parcduluberon.fr\/en\/wp-json\/wp\/v2\/media\/1793"}],"wp:attachment":[{"href":"https:\/\/www.parcduluberon.fr\/en\/wp-json\/wp\/v2\/media?parent=7581"}],"curies":[{"name":"wp","href":"https:\/\/api.w.org\/{rel}","templated":true}]}}