{"id":7362,"date":"2017-07-03T14:34:50","date_gmt":"2017-07-03T13:34:50","guid":{"rendered":"https:\/\/www.parcduluberon.fr\/?page_id=7362"},"modified":"2025-08-19T16:21:39","modified_gmt":"2025-08-19T15:21:39","slug":"frequentation-milieux-naturels","status":"publish","type":"page","link":"https:\/\/www.parcduluberon.fr\/en\/nos-actions\/milieux-naturels-biodiversite\/frequentation-milieux-naturels\/","title":{"rendered":"Fr\u00e9quentation des milieux naturels"},"content":{"rendered":"<p><div class=\"fusion-fullwidth fullwidth-box nonhundred-percent-fullwidth non-hundred-percent-height-scrolling\"  style='background-color: rgba(255,255,255,0);background-position: center center;background-repeat: no-repeat;padding-top:20px;padding-right:20px;padding-bottom:20px;padding-left:20px;'><div class=\"fusion-builder-row fusion-row \"><div  class=\"fusion-layout-column fusion_builder_column fusion_builder_column_1_1  fusion-one-full fusion-column-first fusion-column-last 1_1\"  style='margin-top:0px;margin-bottom:0px;'>\n\t\t\t\t\t<div class=\"fusion-column-wrapper\" style=\"padding: 0px 0px 0px 0px;background-position:left top;background-repeat:no-repeat;-webkit-background-size:cover;-moz-background-size:cover;-o-background-size:cover;background-size:cover;\"  data-bg-url=\"\">\n\t\t\t\t\t\t<div class=\"fusion-title title fusion-sep-none fusion-title-size-one pnrl-titre-accueil\" style=\"margin-top:0px;margin-bottom:31px;\"><h1 class=\"title-heading-left\"><strong>FR\u00c9QUENTATION DES MILIEUX NATURELS<\/strong><\/h1><\/div><div class=\"fusion-text\"><p style=\"text-align: justify;\"><strong>Sur le territoire du Parc naturel r\u00e9gional du Luberon, de nombreux sites naturels et culturels sont connus et fr\u00e9quent\u00e9s mais sont n\u00e9anmoins particuli\u00e8rement fragiles. En partenariat avec les communes, les intercommunalit\u00e9s et les services de l\u2019\u00c9tat concern\u00e9s, le Parc \u00e9tudie et\/ou met en \u0153uvre les conditions d\u2019une protection dynamique de ces sites. L\u2019organisation de la fr\u00e9quentation peut ainsi prendre plusieurs formes\u00a0: am\u00e9nagements (belv\u00e9d\u00e8res, balisage, entretien des sentiers), sensibilisation (par des ateliers, de la communication), ou encore Les objectifs\u00a0? Promouvoir une d\u00e9couverte douce du territoire en privil\u00e9giant les activit\u00e9s ayant peu d\u2019impact sur l\u2019environnement ; une d\u00e9couverte sensible du territoire favorisant la relation humaine\u00a0; une d\u00e9couverte en synergie avec les acteurs \u00e9conomiques et institutionnels du territoire.<\/strong><\/p>\n<\/div><div class=\"fusion-clearfix\"><\/div>\n\n\t\t\t\t\t<\/div>\n\t\t\t\t<\/div><\/div><\/div><div class=\"fusion-fullwidth fullwidth-box nonhundred-percent-fullwidth non-hundred-percent-height-scrolling\"  style='background-color: rgba(255,255,255,0);background-position: center center;background-repeat: no-repeat;padding-right:0px;padding-bottom:20px;padding-left:10px;'><div class=\"fusion-builder-row fusion-row \"><div  class=\"fusion-layout-column fusion_builder_column fusion_builder_column_1_1  fusion-one-full fusion-column-first fusion-column-last 1_1\"  style='margin-top:0px;margin-bottom:0px;'>\n\t\t\t\t\t<div class=\"fusion-column-wrapper\" style=\"padding: 0px 0px 0px 0px;background-position:left top;background-repeat:no-repeat;-webkit-background-size:cover;-moz-background-size:cover;-o-background-size:cover;background-size:cover;\"  data-bg-url=\"\">\n\t\t\t\t\t\t<div class=\"fusion-recent-posts avada-container layout-default layout-columns-4 pnrl-actualite\"><section class=\"fusion-columns columns fusion-columns-4 columns-4\"><div class=\"fusion-column column col col-lg-3 col-md-3 col-sm-3\"><div class=\"fusion-flexslider flexslider flexslider-hover-type-zoomin\"><ul class=\"slides\"><li><a href=\"https:\/\/www.parcduluberon.fr\/en\/a-voir-a-faire\/geste-juste\/jadopte-luberon-attitude\/\" class=\"hover-type-zoomin\" aria-label=\"J\u2019adopte la Luberon attitude\u00a0!\"><img decoding=\"async\" src=\"https:\/\/www.parcduluberon.fr\/wp-content\/uploads\/2017\/04\/BAN_R4_jadopte_la_luberon_attitude_c_david_tatin-402x324.jpg\" alt=\"\" \/><\/a><\/li><\/ul><\/div><div class=\"recent-posts-content\">\n\t\t\t\n\t\t\t\t\t\t\t<span class=\"vcard\" style=\"display: none;\">\n\t\t\t\t\t<span class=\"fn\">\n\t\t\t\t\t\t<a href=\"https:\/\/www.parcduluberon.fr\/en\/author\/adminpnrl\/\" title=\"Posts by adminpnrl\" rel=\"author\">adminpnrl<\/a>\t\t\t\t\t<\/span>\n\t\t\t\t<\/span>\n\t\t\t\n\t\t\t\t\t\t\t<span class=\"updated\" style=\"display:none;\">\n\t\t\t\t\t2024-11-05T09:19:38+01:00\t\t\t\t<\/span>\n\t\t\t\n\t\t<h4 class=\"entry-title\"><a href=\"https:\/\/www.parcduluberon.fr\/en\/a-voir-a-faire\/geste-juste\/jadopte-luberon-attitude\/\">J\u2019adopte la Luberon attitude\u00a0!<\/a><\/h4><p>Prot\u00e9geons tous ensemble les richesses du Luberon en suivant quelques r\u00e8gles \u00e9l\u00e9mentaires.<\/p><div class=\"pnrl_sous_post\"><div class=\"pnrl_bloc_lien\"><a href=\"https:\/\/www.parcduluberon.fr\/en\/a-voir-a-faire\/geste-juste\/jadopte-luberon-attitude\/\"><span class=\"pnrl-btn-morelire\"><\/span><\/a><\/div><\/div> <\/div><\/div><div class=\"fusion-column column col col-lg-3 col-md-3 col-sm-3\"><div class=\"fusion-flexslider flexslider flexslider-hover-type-zoomin\"><ul class=\"slides\"><li><a href=\"https:\/\/www.parcduluberon.fr\/en\/a-voir-a-faire\/geste-juste\/ete-prudent-foret\/\" class=\"hover-type-zoomin\" aria-label=\"L\u2019\u00e9t\u00e9, je suis prudent prudente en for\u00eat !\"><img decoding=\"async\" src=\"https:\/\/www.parcduluberon.fr\/wp-content\/uploads\/2017\/07\/BAN_R3_prudent_en_foret_c_david_tatin-402x324.jpg\" alt=\"Randonneur dans la for\u00eat de P\u00e9lissier (photo David Tatin)\" \/><\/a><\/li><\/ul><\/div><div class=\"recent-posts-content\">\n\t\t\t\n\t\t\t\t\t\t\t<span class=\"vcard\" style=\"display: none;\">\n\t\t\t\t\t<span class=\"fn\">\n\t\t\t\t\t\t<a href=\"https:\/\/www.parcduluberon.fr\/en\/author\/louis-s\/\" title=\"Posts by Solgne Louis\" rel=\"author\">Solgne Louis<\/a>\t\t\t\t\t<\/span>\n\t\t\t\t<\/span>\n\t\t\t\n\t\t\t\t\t\t\t<span class=\"updated\" style=\"display:none;\">\n\t\t\t\t\t2025-09-19T15:03:58+01:00\t\t\t\t<\/span>\n\t\t\t\n\t\t<h4 class=\"entry-title\"><a href=\"https:\/\/www.parcduluberon.fr\/en\/a-voir-a-faire\/geste-juste\/ete-prudent-foret\/\">L\u2019\u00e9t\u00e9, je suis prudent prudente en for\u00eat !<\/a><\/h4><p>Du 15 juin au 15 sept., risque d'incendie = acc\u00e8s aux massifs forestiers du Luberon r\u00e9glement\u00e9.<\/p><div class=\"pnrl_sous_post\"><div class=\"pnrl_bloc_lien\"><a href=\"https:\/\/www.parcduluberon.fr\/en\/a-voir-a-faire\/geste-juste\/ete-prudent-foret\/\"><span class=\"pnrl-btn-morelire\"><\/span><\/a><\/div><\/div> <\/div><\/div><\/section><\/div><div class=\"fusion-clearfix\"><\/div>\n\n\t\t\t\t\t<\/div>\n\t\t\t\t<\/div><\/div><\/div><div class=\"fusion-fullwidth fullwidth-box nonhundred-percent-fullwidth non-hundred-percent-height-scrolling\"  style='background-color: rgba(255,255,255,0);background-position: center center;background-repeat: no-repeat;padding-right:0px;padding-left:10px;'><div class=\"fusion-builder-row fusion-row \"><div  class=\"fusion-layout-column fusion_builder_column fusion_builder_column_1_1  fusion-one-full fusion-column-first fusion-column-last 1_1\"  style='margin-top:0px;margin-bottom:0px;width:100%'>\n\t\t\t\t\t<div class=\"fusion-column-wrapper\" style=\"padding: 0px 0px 0px 0px;background-position:left top;background-repeat:no-repeat;-webkit-background-size:cover;-moz-background-size:cover;-o-background-size:cover;background-size:cover;\"  data-bg-url=\"\">\n\t\t\t\t\t\t<div class=\"fusion-text\"><p>Photo du bandeau : sur la Via Ferrata \u00e0 Cavaillon (PNRL-Eric Garnier)<\/p>\n<\/div><div class=\"fusion-clearfix\"><\/div>\n\n\t\t\t\t\t<\/div>\n\t\t\t\t<\/div><\/div><\/div><div class=\"fusion-fullwidth fullwidth-box container-carousel-mosaique nonhundred-percent-fullwidth non-hundred-percent-height-scrolling\"  style='background-color: rgba(255,255,255,0);background-position: center center;background-repeat: no-repeat;padding-top:0px;padding-right:0px;padding-bottom:0px;padding-left:10px;'><div class=\"fusion-builder-row fusion-row \"><div  class=\"fusion-layout-column fusion_builder_column fusion_builder_column_1_1  fusion-one-full fusion-column-first fusion-column-last 1_1\"  style='margin-top:0px;margin-bottom:0px;width:100%'>\n\t\t\t\t\t<div class=\"fusion-column-wrapper\" style=\"padding: 0px 0px 0px 0px;background-position:left top;background-repeat:no-repeat;-webkit-background-size:cover;-moz-background-size:cover;-o-background-size:cover;background-size:cover;\"  data-bg-url=\"\">\n\t\t\t\t\t\t<div class=\"fusion-text\"><\/div><div class=\"fusion-title title fusion-sep-none fusion-title-size-three\" style=\"margin-top:0px;margin-bottom:31px;\"><h3 class=\"title-heading-left\">\u2014 Consultez toutes les th\u00e9matiques<\/h3><\/div><div class=\"fusion-text\"><div id=\"wp-posts-carousel-607064185\" class=\"compact-theme wp-posts-carousel owl-carousel\"><div class=\"wp-posts-carousel-slide slides-4\"><div class=\"wp-posts-carousel-container\"><div class=\"wp-posts-carousel-image\"><a href=\"https:\/\/www.parcduluberon.fr\/en\/nos-actions\/changement-climatique\/\" title=\"Read more Anticiper le changement climatique\"><img decoding=\"async\" alt=\"Anticiper le changement climatique\" style=\"max-width:100%;max-height:100%\" src=\"https:\/\/www.parcduluberon.fr\/wp-content\/uploads\/2021\/12\/assec_calavon_c_pnrl.jpg\"><\/a><\/div><div class=\"wp-posts-carousel-details\"><h3 class=\"wp-posts-carousel-title\"><a href=\"https:\/\/www.parcduluberon.fr\/en\/nos-actions\/changement-climatique\/\" title=\"Anticiper le changement climatique\">Anticiper le changement climatique<\/a><\/h3><a href=\"https:\/\/www.parcduluberon.fr\/en\/nos-actions\/changement-climatique\/\" title=\"Read more Anticiper le changement climatique\"><div class=\"wp-posts-carousel-desc\"><span class=\"pnrl-separator\"><\/span><br>...<\/div><\/a><p class=\"wp-posts-carousel-buttons\"><p><\/div><\/div><\/div><div class=\"wp-posts-carousel-slide slides-4\"><div class=\"wp-posts-carousel-container\"><div class=\"wp-posts-carousel-image\"><a href=\"https:\/\/www.parcduluberon.fr\/en\/nos-actions\/jagis-avec-le-parc\/je-protege-la-nature-2\/\" title=\"Read more Je prot\u00e8ge la nature\"><img decoding=\"async\" alt=\"Je prot\u00e8ge la nature\" style=\"max-width:100%;max-height:100%\" src=\"https:\/\/www.parcduluberon.fr\/wp-content\/uploads\/2017\/07\/BAN_R3_je_protege_la_nature_c_pnrl_solgne_louis-1-243x150.jpg\"><\/a><\/div><div class=\"wp-posts-carousel-details\"><h3 class=\"wp-posts-carousel-title\"><a href=\"https:\/\/www.parcduluberon.fr\/en\/nos-actions\/jagis-avec-le-parc\/je-protege-la-nature-2\/\" title=\"Je prot\u00e8ge la nature\">Je prot\u00e8ge la nature<\/a><\/h3><a href=\"https:\/\/www.parcduluberon.fr\/en\/nos-actions\/jagis-avec-le-parc\/je-protege-la-nature-2\/\" title=\"Read more Je prot\u00e8ge la nature\"><div class=\"wp-posts-carousel-desc\"><span class=\"pnrl-separator\"><\/span><br>En Luberon, espace fortement peupl\u00e9, la conservation de vastes espaces de pleine nature demeure un enjeu prioritaire pour maintenir l\u2019...<\/div><\/a><p class=\"wp-posts-carousel-buttons\"><p><\/div><\/div><\/div><div class=\"wp-posts-carousel-slide slides-4\"><div class=\"wp-posts-carousel-container\"><div class=\"wp-posts-carousel-image\"><a href=\"https:\/\/www.parcduluberon.fr\/en\/nos-actions\/jagis-avec-le-parc\/preserve-ressources-naturelles-2\/\" title=\"Read more Je pr\u00e9serve les ressources naturelles\"><img decoding=\"async\" alt=\"Je pr\u00e9serve les ressources naturelles\" style=\"max-width:100%;max-height:100%\" src=\"https:\/\/www.parcduluberon.fr\/wp-content\/uploads\/2017\/07\/BAN_R3_je_preserve_ressources_c_pnrl_matthieu_simonneau-1-243x150.jpg\"><\/a><\/div><div class=\"wp-posts-carousel-details\"><h3 class=\"wp-posts-carousel-title\"><a href=\"https:\/\/www.parcduluberon.fr\/en\/nos-actions\/jagis-avec-le-parc\/preserve-ressources-naturelles-2\/\" title=\"Je pr\u00e9serve les ressources naturelles\">Je pr\u00e9serve les ressources naturelles<\/a><\/h3><a href=\"https:\/\/www.parcduluberon.fr\/en\/nos-actions\/jagis-avec-le-parc\/preserve-ressources-naturelles-2\/\" title=\"Read more Je pr\u00e9serve les ressources naturelles\"><div class=\"wp-posts-carousel-desc\"><span class=\"pnrl-separator\"><\/span><br>Pour concilier biodiversit\u00e9, activit\u00e9s humaines et demande sociale de nature, vous trouverez dans les articles ci-apr\u00e8s des conseils et...<\/div><\/a><p class=\"wp-posts-carousel-buttons\"><p><\/div><\/div><\/div><div class=\"wp-posts-carousel-slide slides-4\"><div class=\"wp-posts-carousel-container\"><div class=\"wp-posts-carousel-image\"><a href=\"https:\/\/www.parcduluberon.fr\/en\/nos-actions\/jagis-avec-le-parc-2\/je-plante\/\" title=\"Read more Je plante\"><img decoding=\"async\" alt=\"Je plante\" style=\"max-width:100%;max-height:100%\" src=\"https:\/\/www.parcduluberon.fr\/wp-content\/uploads\/2021\/10\/BAN_R3_je_plante_c_benedicte_de_la_gueriviere.jpg\"><\/a><\/div><div class=\"wp-posts-carousel-details\"><h3 class=\"wp-posts-carousel-title\"><a href=\"https:\/\/www.parcduluberon.fr\/en\/nos-actions\/jagis-avec-le-parc-2\/je-plante\/\" title=\"Je plante\">Je plante<\/a><\/h3><a href=\"https:\/\/www.parcduluberon.fr\/en\/nos-actions\/jagis-avec-le-parc-2\/je-plante\/\" title=\"Read more Je plante\"><div class=\"wp-posts-carousel-desc\"><span class=\"pnrl-separator\"><\/span><br>yes...<\/div><\/a><p class=\"wp-posts-carousel-buttons\"><p><\/div><\/div><\/div><div class=\"wp-posts-carousel-slide slides-4\"><div class=\"wp-posts-carousel-container\"><div class=\"wp-posts-carousel-image\"><a href=\"https:\/\/www.parcduluberon.fr\/en\/nos-actions\/tourisme-durable\/\" title=\"Read more Tourisme durable\"><img decoding=\"async\" alt=\"Tourisme durable\" style=\"max-width:100%;max-height:100%\" src=\"https:\/\/www.parcduluberon.fr\/wp-content\/uploads\/2017\/07\/BAN_R3_tourisme_c_pnrl_francoise_delville-243x150.jpg\"><\/a><\/div><div class=\"wp-posts-carousel-details\"><h3 class=\"wp-posts-carousel-title\"><a href=\"https:\/\/www.parcduluberon.fr\/en\/nos-actions\/tourisme-durable\/\" title=\"Tourisme durable\">Tourisme durable<\/a><\/h3><a href=\"https:\/\/www.parcduluberon.fr\/en\/nos-actions\/tourisme-durable\/\" title=\"Read more Tourisme durable\"><div class=\"wp-posts-carousel-desc\"><span class=\"pnrl-separator\"><\/span><br>Chaque ann\u00e9e, le Luberon accueille 1,6 million de touristes et 6 millions d&#39;excursionnistes, qui viennent autant pour sa...<\/div><\/a><p class=\"wp-posts-carousel-buttons\"><p><\/div><\/div><\/div><div class=\"wp-posts-carousel-slide slides-4\"><div class=\"wp-posts-carousel-container\"><div class=\"wp-posts-carousel-image\"><a href=\"https:\/\/www.parcduluberon.fr\/en\/nos-actions\/agriculture\/\" title=\"Read more Agriculture\"><img decoding=\"async\" alt=\"Agriculture\" style=\"max-width:100%;max-height:100%\" src=\"https:\/\/www.parcduluberon.fr\/wp-content\/uploads\/2017\/07\/BAN_R3_agriculture_c_david_tatin-243x150.jpg\"><\/a><\/div><div class=\"wp-posts-carousel-details\"><h3 class=\"wp-posts-carousel-title\"><a href=\"https:\/\/www.parcduluberon.fr\/en\/nos-actions\/agriculture\/\" title=\"Agriculture\">Agriculture<\/a><\/h3><a href=\"https:\/\/www.parcduluberon.fr\/en\/nos-actions\/agriculture\/\" title=\"Read more Agriculture\"><div class=\"wp-posts-carousel-desc\"><span class=\"pnrl-separator\"><\/span><br>Activit\u00e9 \u00e9conomique majeure du territoire avec 2 000 exploitations sur 48 000 ha de surface agricole utilis\u00e9e, l\u2019agriculture est...<\/div><\/a><p class=\"wp-posts-carousel-buttons\"><p><\/div><\/div><\/div><div class=\"wp-posts-carousel-slide slides-4\"><div class=\"wp-posts-carousel-container\"><div class=\"wp-posts-carousel-image\"><a href=\"https:\/\/www.parcduluberon.fr\/en\/nos-actions\/transition-energetique\/parc-luberon-ouvre-voie\/\" title=\"Read more Le Parc du Luberon ouvre la voie\"><img decoding=\"async\" alt=\"Le Parc du Luberon ouvre la voie\" style=\"max-width:100%;max-height:100%\" src=\"https:\/\/www.parcduluberon.fr\/wp-content\/uploads\/2017\/07\/BAN_R3_le_parc_ouvre_la_voie_c_pnrl_matthieu_camps-243x150.jpg\"><\/a><\/div><div class=\"wp-posts-carousel-details\"><h3 class=\"wp-posts-carousel-title\"><a href=\"https:\/\/www.parcduluberon.fr\/en\/nos-actions\/transition-energetique\/parc-luberon-ouvre-voie\/\" title=\"Le Parc du Luberon ouvre la voie\">Le Parc du Luberon ouvre la voie<\/a><\/h3><a href=\"https:\/\/www.parcduluberon.fr\/en\/nos-actions\/transition-energetique\/parc-luberon-ouvre-voie\/\" title=\"Read more Le Parc du Luberon ouvre la voie\"><div class=\"wp-posts-carousel-desc\"><span class=\"pnrl-separator\"><\/span><br>Le Parc naturel r\u00e9gional du Luberon est un acteur de la transition \u00e9nerg\u00e9tique et climatique de son territoire, un ensemblier...<\/div><\/a><p class=\"wp-posts-carousel-buttons\"><p><\/div><\/div><\/div><div class=\"wp-posts-carousel-slide slides-4\"><div class=\"wp-posts-carousel-container\"><div class=\"wp-posts-carousel-image\"><a href=\"https:\/\/www.parcduluberon.fr\/en\/nos-actions\/transition-energetique\/produire-de-lenergie\/\" title=\"Read more Produire de l'\u00e9nergie\"><img decoding=\"async\" alt=\"Produire de l'\u00e9nergie\" style=\"max-width:100%;max-height:100%\" src=\"https:\/\/www.parcduluberon.fr\/wp-content\/uploads\/2017\/07\/BAN_R3_produire_energie_c_pnrl_matthieu_simonneau-243x150.jpg\"><\/a><\/div><div class=\"wp-posts-carousel-details\"><h3 class=\"wp-posts-carousel-title\"><a href=\"https:\/\/www.parcduluberon.fr\/en\/nos-actions\/transition-energetique\/produire-de-lenergie\/\" title=\"Produire de l'\u00e9nergie\">Produire de l'\u00e9nergie<\/a><\/h3><a href=\"https:\/\/www.parcduluberon.fr\/en\/nos-actions\/transition-energetique\/produire-de-lenergie\/\" title=\"Read more Produire de l'\u00e9nergie\"><div class=\"wp-posts-carousel-desc\"><span class=\"pnrl-separator\"><\/span><br>Le Parc naturel r\u00e9gional du Luberon encourage le d\u00e9veloppement des \u00e9nergies renouvelables : elles produisent peu de d\u00e9chets, permettent de limiter...<\/div><\/a><p class=\"wp-posts-carousel-buttons\"><p><\/div><\/div><\/div><div class=\"wp-posts-carousel-slide slides-4\"><div class=\"wp-posts-carousel-container\"><div class=\"wp-posts-carousel-image\"><a href=\"https:\/\/www.parcduluberon.fr\/en\/nos-actions\/transition-energetique\/moins-consommer-denergie\/\" title=\"Read more Moins consommer d'\u00e9nergie\"><img decoding=\"async\" alt=\"Moins consommer d'\u00e9nergie\" style=\"max-width:100%;max-height:100%\" src=\"https:\/\/www.parcduluberon.fr\/wp-content\/uploads\/2017\/07\/BAN_R3_moins_consommer_c_pnrl_matthieu_camps-243x150.jpg\"><\/a><\/div><div class=\"wp-posts-carousel-details\"><h3 class=\"wp-posts-carousel-title\"><a href=\"https:\/\/www.parcduluberon.fr\/en\/nos-actions\/transition-energetique\/moins-consommer-denergie\/\" title=\"Moins consommer d'\u00e9nergie\">Moins consommer d'\u00e9nergie<\/a><\/h3><a href=\"https:\/\/www.parcduluberon.fr\/en\/nos-actions\/transition-energetique\/moins-consommer-denergie\/\" title=\"Read more Moins consommer d'\u00e9nergie\"><div class=\"wp-posts-carousel-desc\"><span class=\"pnrl-separator\"><\/span><br>Notre plan\u00e8te fait face aujourd\u2019hui \u00e0 deux enjeux majeurs : le r\u00e9chauffement du climat d\u00fb en partie aux \u00e9missions de...<\/div><\/a><p class=\"wp-posts-carousel-buttons\"><p><\/div><\/div><\/div><div class=\"wp-posts-carousel-slide slides-4\"><div class=\"wp-posts-carousel-container\"><div class=\"wp-posts-carousel-image\"><a href=\"https:\/\/www.parcduluberon.fr\/en\/nos-actions\/paysage-urbanisme-architecture\/architecture\/\" title=\"Read more Architecture\"><img decoding=\"async\" alt=\"Architecture\" style=\"max-width:100%;max-height:100%\" src=\"https:\/\/www.parcduluberon.fr\/wp-content\/uploads\/2017\/07\/BAN_R3_maison_jardin_c_pnrl_lea_samson-243x150.jpg\"><\/a><\/div><div class=\"wp-posts-carousel-details\"><h3 class=\"wp-posts-carousel-title\"><a href=\"https:\/\/www.parcduluberon.fr\/en\/nos-actions\/paysage-urbanisme-architecture\/architecture\/\" title=\"Architecture\">Architecture<\/a><\/h3><a href=\"https:\/\/www.parcduluberon.fr\/en\/nos-actions\/paysage-urbanisme-architecture\/architecture\/\" title=\"Read more Architecture\"><div class=\"wp-posts-carousel-desc\"><span class=\"pnrl-separator\"><\/span><br>Vieilles b\u00e2tisses, cabanons, fermes, pavillons... Jardins, plantations d&#39;alignement, potagers... Tous ces \u00e9l\u00e9ments sont essentiels \u00e0 notre cadre de vie...<\/div><\/a><p class=\"wp-posts-carousel-buttons\"><p><\/div><\/div><\/div><\/div><script type=\"text\/javascript\">\n                    jQuery(window).load(function(e) {\n                        var wpPostsCarousel607064185 = jQuery(\"#wp-posts-carousel-607064185\");\n                        wpPostsCarousel607064185.owlCarousel({\n                            loop: true,\n                            nav: true,\n                            navSpeed: 800,\n                            dots: true,\n                            dotsSpeed: 800,\n                            lazyLoad: false,\n                            autoplay: true,\n                            autoplayHoverPause: true,\n                            autoplayTimeout: 1200,\n                            autoplaySpeed:  800,\n                            margin: 5,\n                            stagePadding: 0,\n                            freeDrag: false,\n                            mouseDrag: true,\n                            touchDrag: true,\n                            slideBy: 1,\n                            fallbackEasing: \"linear\",\n                            responsiveClass: true,\n                            navText: [ \" Actualit\u00e9 pr\u00e9c\u00e9dente \", \" Actualit\u00e9 suivante \" ],\n                            responsive:{\n                                0:{items: 1},\n                                600:{items: 2},\n                                1000:{items: 4}\n                                \n                            },\n                            autoHeight: true\n                        });\n                        wpPostsCarousel607064185.on(\"mousewheel\", \".owl-stage\", function(e) {\n                if (e.deltaY > 0) {\n                    wpPostsCarousel607064185.trigger(\"next.owl\");\n                } else {\n                    wpPostsCarousel607064185.trigger(\"prev.owl\");\n                }\n                e.preventDefault();\n            });\n                    });\n                <\/script>\n<\/div><div class=\"fusion-clearfix\"><\/div>\n\n\t\t\t\t\t<\/div>\n\t\t\t\t<\/div><\/div><\/div><\/p>\n","protected":false},"excerpt":{"rendered":"<p>Sur le territoire du Parc naturel r\u00e9gional du Luberon, de nombreux sites naturels et culturels sont connus et fr\u00e9quent\u00e9s mais <\/p>\n","protected":false},"author":16,"featured_media":7356,"parent":7316,"menu_order":99,"comment_status":"closed","ping_status":"closed","template":"","meta":{"_acf_changed":false,"_seopress_robots_primary_cat":"","_seopress_titles_title":"","_seopress_titles_desc":"","_seopress_robots_index":"","_bbp_topic_count":0,"_bbp_reply_count":0,"_bbp_total_topic_count":0,"_bbp_total_reply_count":0,"_bbp_voice_count":0,"_bbp_anonymous_reply_count":0,"_bbp_topic_count_hidden":0,"_bbp_reply_count_hidden":0,"_bbp_forum_subforum_count":0,"footnotes":""},"class_list":["post-7362","page","type-page","status-publish","has-post-thumbnail","hentry"],"acf":[],"_links":{"self":[{"href":"https:\/\/www.parcduluberon.fr\/en\/wp-json\/wp\/v2\/pages\/7362","targetHints":{"allow":["GET"]}}],"collection":[{"href":"https:\/\/www.parcduluberon.fr\/en\/wp-json\/wp\/v2\/pages"}],"about":[{"href":"https:\/\/www.parcduluberon.fr\/en\/wp-json\/wp\/v2\/types\/page"}],"author":[{"embeddable":true,"href":"https:\/\/www.parcduluberon.fr\/en\/wp-json\/wp\/v2\/users\/16"}],"replies":[{"embeddable":true,"href":"https:\/\/www.parcduluberon.fr\/en\/wp-json\/wp\/v2\/comments?post=7362"}],"version-history":[{"count":7,"href":"https:\/\/www.parcduluberon.fr\/en\/wp-json\/wp\/v2\/pages\/7362\/revisions"}],"predecessor-version":[{"id":3450512,"href":"https:\/\/www.parcduluberon.fr\/en\/wp-json\/wp\/v2\/pages\/7362\/revisions\/3450512"}],"up":[{"embeddable":true,"href":"https:\/\/www.parcduluberon.fr\/en\/wp-json\/wp\/v2\/pages\/7316"}],"wp:featuredmedia":[{"embeddable":true,"href":"https:\/\/www.parcduluberon.fr\/en\/wp-json\/wp\/v2\/media\/7356"}],"wp:attachment":[{"href":"https:\/\/www.parcduluberon.fr\/en\/wp-json\/wp\/v2\/media?parent=7362"}],"curies":[{"name":"wp","href":"https:\/\/api.w.org\/{rel}","templated":true}]}}