{"id":2849,"date":"2017-02-24T18:48:33","date_gmt":"2017-02-24T17:48:33","guid":{"rendered":"https:\/\/www.parcduluberon.fr\/?page_id=2849\/"},"modified":"2017-02-24T18:49:14","modified_gmt":"2017-02-24T17:49:14","slug":"institution","status":"publish","type":"page","link":"https:\/\/www.parcduluberon.fr\/en\/le-parc\/institution\/","title":{"rendered":"Institution"},"content":{"rendered":"<p><div class=\"fusion-fullwidth fullwidth-box nonhundred-percent-fullwidth non-hundred-percent-height-scrolling\"  style='background-color: rgba(255,255,255,0);background-position: center center;background-repeat: no-repeat;padding-top:20px;padding-right:0px;padding-bottom:20px;padding-left:0px;'><div class=\"fusion-builder-row fusion-row \"><div  class=\"fusion-layout-column fusion_builder_column fusion_builder_column_1_1  fusion-one-full fusion-column-first fusion-column-last 1_1\"  style='margin-top:0px;margin-bottom:0px;'>\n\t\t\t\t\t<div class=\"fusion-column-wrapper\" style=\"background-position:left top;background-repeat:no-repeat;-webkit-background-size:cover;-moz-background-size:cover;-o-background-size:cover;background-size:cover;\"  data-bg-url=\"\">\n\t\t\t\t\t\t<div class=\"fusion-title title fusion-sep-none fusion-title-size-one\" style=\"margin-top:0px;margin-bottom:15px;\"><h1 class=\"title-heading-left\">INSTITUTION<\/h1><\/div><div class=\"fusion-title title fusion-sep-none fusion-title-size-two\" style=\"margin-top:0px;margin-bottom:15px;\"><h2 class=\"title-heading-left\">\u2014 Gouvernance et Concertation<\/h2><\/div><div class=\"fusion-text\"><p>Le Parc naturel r\u00e9gional du Luberon ?<br \/>\nC\u2019est \u00e0 la fois un territoire, un projet et une institution.<br \/>\nLe syndicat mixte de gestion du Parc naturel r\u00e9gional du Luberon est l\u2019organisme charg\u00e9 de mettre en \u0153uvre la charte. Il regroupe les collectivit\u00e9s signataires de la charte (R\u00e9gion Provence-Alpes-C\u00f4te d&#8217;Azur, d\u00e9partements des Alpes de Haute-Provence et de Vaucluse, communes adh\u00e9rentes).<br \/>\nSa vocation consiste \u00e0 concilier les activit\u00e9s humaines avec la protection et la pr\u00e9servation des patrimoines naturels et culturels, \u00e0 travers une politique innovante d\u2019am\u00e9nagement et de d\u00e9veloppement \u00e9conomique, social, culturel et paysager, respectueuse de l\u2019environnement..<\/p>\n<p>&nbsp;<\/p>\n<\/div><div class=\"fusion-recent-posts avada-container layout-thumbnails-on-side layout-columns-1 pnrl-actualite\"><section class=\"fusion-columns columns fusion-columns-1 columns-1\"><div class=\"fusion-column column col col-lg-12 col-md-12 col-sm-12\"><div class=\"fusion-flexslider flexslider floated-slideshow flexslider-hover-type-none\"><ul class=\"slides\"><li><a href=\"https:\/\/www.parcduluberon.fr\/en\/le-parc\/geoparc-du-luberon\/geoparcs-toutes-lettres\/\" class=\"hover-type-none\" aria-label=\"G\u00e9oparcs en toutes lettres\"><img decoding=\"async\" src=\"https:\/\/www.parcduluberon.fr\/wp-content\/uploads\/2017\/05\/BAN_cadenet_c_pnrl_stephane_legal-565x200.jpg\" alt=\"\" \/><\/a><\/li><\/ul><\/div><div class=\"recent-posts-content\">\n\t\t\t\n\t\t\t\t\t\t\t<span class=\"vcard\" style=\"display: none;\">\n\t\t\t\t\t<span class=\"fn\">\n\t\t\t\t\t\t<a href=\"https:\/\/www.parcduluberon.fr\/en\/author\/louis-s\/\" title=\"Posts by Solgne Louis\" rel=\"author\">Solgne Louis<\/a>\t\t\t\t\t<\/span>\n\t\t\t\t<\/span>\n\t\t\t\n\t\t\t\t\t\t\t<span class=\"updated\" style=\"display:none;\">\n\t\t\t\t\t2026-01-30T12:20:55+01:00\t\t\t\t<\/span>\n\t\t\t\n\t\t<h4 class=\"entry-title\"><a href=\"https:\/\/www.parcduluberon.fr\/en\/le-parc\/geoparc-du-luberon\/geoparcs-toutes-lettres\/\">G\u00e9oparcs en toutes lettres<\/a><\/h4><p>Un projet de correspondance scolaire<\/p><div class=\"pnrl_sous_post\"><div class=\"pnrl_bloc_lien\"><a href=\"https:\/\/www.parcduluberon.fr\/en\/le-parc\/geoparc-du-luberon\/geoparcs-toutes-lettres\/\"><span class=\"pnrl-btn-morelire\"><\/span><\/a><\/div><\/div> <\/div><\/div><div class=\"fusion-clearfix\"><\/div><div class=\"fusion-column column col col-lg-12 col-md-12 col-sm-12\"><div class=\"fusion-flexslider flexslider floated-slideshow flexslider-hover-type-none\"><ul class=\"slides\"><li><a href=\"https:\/\/www.parcduluberon.fr\/en\/a-territory-into-action\/unesco-labels\/geoparc-du-luberon-en\/about-our-geopark\/\" class=\"hover-type-none\" aria-label=\"About our geopark\"><img decoding=\"async\" src=\"https:\/\/www.parcduluberon.fr\/wp-content\/uploads\/2017\/04\/BAN_marches_publics_c_pnrl_matthieu_camps-565x200.jpg\" alt=\"\" \/><\/a><\/li><\/ul><\/div><div class=\"recent-posts-content\">\n\t\t\t\n\t\t\t\t\t\t\t<span class=\"vcard\" style=\"display: none;\">\n\t\t\t\t\t<span class=\"fn\">\n\t\t\t\t\t\t<a href=\"https:\/\/www.parcduluberon.fr\/en\/author\/coster-p\/\" title=\"Posts by Pauline Coster\" rel=\"author\">Pauline Coster<\/a>\t\t\t\t\t<\/span>\n\t\t\t\t<\/span>\n\t\t\t\n\t\t\t\t\t\t\t<span class=\"updated\" style=\"display:none;\">\n\t\t\t\t\t2025-05-23T10:14:29+01:00\t\t\t\t<\/span>\n\t\t\t\n\t\t<h4 class=\"entry-title\"><a href=\"https:\/\/www.parcduluberon.fr\/en\/a-territory-into-action\/unesco-labels\/geoparc-du-luberon-en\/about-our-geopark\/\">About our geopark<\/a><\/h4><p>The Luberon UNESCO Global Geopark is located in the southeast of France, in Provence, close to the towns of Aix-en-Provence and Avignon. <\/p><div class=\"pnrl_sous_post\"><div class=\"pnrl_bloc_lien\"><a href=\"https:\/\/www.parcduluberon.fr\/en\/a-territory-into-action\/unesco-labels\/geoparc-du-luberon-en\/about-our-geopark\/\"><span class=\"pnrl-btn-morelire\"><\/span><\/a><\/div><\/div> <\/div><\/div><div class=\"fusion-clearfix\"><\/div><div class=\"fusion-column column col col-lg-12 col-md-12 col-sm-12\"><div class=\"fusion-flexslider flexslider floated-slideshow flexslider-hover-type-none\"><ul class=\"slides\"><li><a href=\"https:\/\/www.parcduluberon.fr\/en\/nos-actions\/developpement-economique\/agriculture\/le-pastoralisme-en-luberon\/\" class=\"hover-type-none\" aria-label=\"Le pastoralisme en Luberon\"><img decoding=\"async\" src=\"https:\/\/www.parcduluberon.fr\/wp-content\/uploads\/2026\/01\/BAN_pastoralisme_pnrl_lcar-565x200.jpg\" alt=\"\" \/><\/a><\/li><\/ul><\/div><div class=\"recent-posts-content\">\n\t\t\t\n\t\t\t\t\t\t\t<span class=\"vcard\" style=\"display: none;\">\n\t\t\t\t\t<span class=\"fn\">\n\t\t\t\t\t\t<a href=\"https:\/\/www.parcduluberon.fr\/en\/author\/louis-s\/\" title=\"Posts by Solgne Louis\" rel=\"author\">Solgne Louis<\/a>\t\t\t\t\t<\/span>\n\t\t\t\t<\/span>\n\t\t\t\n\t\t\t\t\t\t\t<span class=\"updated\" style=\"display:none;\">\n\t\t\t\t\t2026-01-30T11:00:20+01:00\t\t\t\t<\/span>\n\t\t\t\n\t\t<h4 class=\"entry-title\"><a href=\"https:\/\/www.parcduluberon.fr\/en\/nos-actions\/developpement-economique\/agriculture\/le-pastoralisme-en-luberon\/\">Le pastoralisme en Luberon<\/a><\/h4><p>Soutenir et valoriser le pastoralisme, activit\u00e9 embl\u00e9matique du Luberon<\/p><div class=\"pnrl_sous_post\"><div class=\"pnrl_bloc_lien\"><a href=\"https:\/\/www.parcduluberon.fr\/en\/nos-actions\/developpement-economique\/agriculture\/le-pastoralisme-en-luberon\/\"><span class=\"pnrl-btn-morelire\"><\/span><\/a><\/div><\/div> <\/div><\/div><div class=\"fusion-clearfix\"><\/div><div class=\"fusion-column column col col-lg-12 col-md-12 col-sm-12\"><div class=\"fusion-flexslider flexslider floated-slideshow flexslider-hover-type-none\"><ul class=\"slides\"><li><a href=\"https:\/\/www.parcduluberon.fr\/en\/nos-actions\/developpement-economique\/agriculture\/pna-alimentation-mediterraneenne\/\" class=\"hover-type-none\" aria-label=\"Projet &#8220;L\u2019alimentation m\u00e9diterran\u00e9enne au c\u0153ur des transitions agro\u00e9cologiques&#8221;\"><img decoding=\"async\" src=\"https:\/\/www.parcduluberon.fr\/wp-content\/uploads\/2025\/01\/BAN_marche_pnrI_mona_espanel-565x200.jpg\" alt=\"\" \/><\/a><\/li><\/ul><\/div><div class=\"recent-posts-content\">\n\t\t\t\n\t\t\t\t\t\t\t<span class=\"vcard\" style=\"display: none;\">\n\t\t\t\t\t<span class=\"fn\">\n\t\t\t\t\t\t<a href=\"https:\/\/www.parcduluberon.fr\/en\/author\/louis-s\/\" title=\"Posts by Solgne Louis\" rel=\"author\">Solgne Louis<\/a>\t\t\t\t\t<\/span>\n\t\t\t\t<\/span>\n\t\t\t\n\t\t\t\t\t\t\t<span class=\"updated\" style=\"display:none;\">\n\t\t\t\t\t2026-01-16T14:54:30+01:00\t\t\t\t<\/span>\n\t\t\t\n\t\t<h4 class=\"entry-title\"><a href=\"https:\/\/www.parcduluberon.fr\/en\/nos-actions\/developpement-economique\/agriculture\/pna-alimentation-mediterraneenne\/\">Projet &#8220;L\u2019alimentation m\u00e9diterran\u00e9enne au c\u0153ur des transitions agro\u00e9cologiques&#8221;<\/a><\/h4><p>T\u00e9l\u00e9chargements de la journ\u00e9e de restitution du projet \u00ab L\u2019alimentation m\u00e9diterran\u00e9enne au c\u0153ur des transitions agro\u00e9cologiques \u00bb le 9 septembre 2025<\/p><div class=\"pnrl_sous_post\"><div class=\"pnrl_bloc_lien\"><a href=\"https:\/\/www.parcduluberon.fr\/en\/nos-actions\/developpement-economique\/agriculture\/pna-alimentation-mediterraneenne\/\"><span class=\"pnrl-btn-morelire\"><\/span><\/a><\/div><\/div> <\/div><\/div><div class=\"fusion-clearfix\"><\/div><div class=\"fusion-column column col col-lg-12 col-md-12 col-sm-12\"><div class=\"fusion-flexslider flexslider floated-slideshow flexslider-hover-type-none\"><ul class=\"slides\"><li><a href=\"https:\/\/www.parcduluberon.fr\/en\/le-parc\/institution\/dotation-amenites-rurales-luberon\/\" class=\"hover-type-none\" aria-label=\"Dotation am\u00e9nit\u00e9s rurales pour le Luberon\"><img decoding=\"async\" src=\"https:\/\/www.parcduluberon.fr\/wp-content\/uploads\/2024\/08\/cretes_2021_c_pnrl_francoise_boulet-565x200.jpg\" alt=\"Cr\u00eates du Grand Luberon (PNRL-Fran\u00e7oise Boulet)\" \/><\/a><\/li><\/ul><\/div><div class=\"recent-posts-content\">\n\t\t\t\n\t\t\t\t\t\t\t<span class=\"vcard\" style=\"display: none;\">\n\t\t\t\t\t<span class=\"fn\">\n\t\t\t\t\t\t<a href=\"https:\/\/www.parcduluberon.fr\/en\/author\/louis-s\/\" title=\"Posts by Solgne Louis\" rel=\"author\">Solgne Louis<\/a>\t\t\t\t\t<\/span>\n\t\t\t\t<\/span>\n\t\t\t\n\t\t\t\t\t\t\t<span class=\"updated\" style=\"display:none;\">\n\t\t\t\t\t2025-10-16T20:11:37+01:00\t\t\t\t<\/span>\n\t\t\t\n\t\t<h4 class=\"entry-title\"><a href=\"https:\/\/www.parcduluberon.fr\/en\/le-parc\/institution\/dotation-amenites-rurales-luberon\/\">Dotation am\u00e9nit\u00e9s rurales pour le Luberon<\/a><\/h4><p>66 communes b\u00e9n\u00e9ficiaires de la dotation am\u00e9nit\u00e9s rurales<\/p><div class=\"pnrl_sous_post\"><div class=\"pnrl_bloc_lien\"><a href=\"https:\/\/www.parcduluberon.fr\/en\/le-parc\/institution\/dotation-amenites-rurales-luberon\/\"><span class=\"pnrl-btn-morelire\"><\/span><\/a><\/div><\/div> <\/div><\/div><div class=\"fusion-clearfix\"><\/div><div class=\"fusion-column column col col-lg-12 col-md-12 col-sm-12\"><div class=\"fusion-flexslider flexslider floated-slideshow flexslider-hover-type-none\"><ul class=\"slides\"><li><a href=\"https:\/\/www.parcduluberon.fr\/en\/a-territory-into-action\/geologic-nature-reserve-en\/national-geologic-reserve-of-luberon\/\" class=\"hover-type-none\" aria-label=\"National Geologic Reserve of Luberon\"><img decoding=\"async\" src=\"https:\/\/www.parcduluberon.fr\/wp-content\/uploads\/2019\/05\/bandeau_rng_luberon-565x200.jpg\" alt=\"R\u00e9serve naturelle g\u00e9ologique du Luberon\" \/><\/a><\/li><\/ul><\/div><div class=\"recent-posts-content\">\n\t\t\t\n\t\t\t\t\t\t\t<span class=\"vcard\" style=\"display: none;\">\n\t\t\t\t\t<span class=\"fn\">\n\t\t\t\t\t\t<a href=\"https:\/\/www.parcduluberon.fr\/en\/author\/coster-p\/\" title=\"Posts by Pauline Coster\" rel=\"author\">Pauline Coster<\/a>\t\t\t\t\t<\/span>\n\t\t\t\t<\/span>\n\t\t\t\n\t\t\t\t\t\t\t<span class=\"updated\" style=\"display:none;\">\n\t\t\t\t\t2019-07-30T16:01:09+01:00\t\t\t\t<\/span>\n\t\t\t\n\t\t<h4 class=\"entry-title\"><a href=\"https:\/\/www.parcduluberon.fr\/en\/a-territory-into-action\/geologic-nature-reserve-en\/national-geologic-reserve-of-luberon\/\">National Geologic Reserve of Luberon<\/a><\/h4><p>The Luberon Nature Reserve territory is internationally recognized as an area of significant importance for paleontology since the nineteenth century.<\/p><div class=\"pnrl_sous_post\"><div class=\"pnrl_bloc_lien\"><a href=\"https:\/\/www.parcduluberon.fr\/en\/a-territory-into-action\/geologic-nature-reserve-en\/national-geologic-reserve-of-luberon\/\"><span class=\"pnrl-btn-morelire\"><\/span><\/a><\/div><\/div> <\/div><\/div><div class=\"fusion-clearfix\"><\/div><\/section><\/div><div class=\"fusion-clearfix\"><\/div>\n\n\t\t\t\t\t<\/div>\n\t\t\t\t<\/div><\/div><\/div><div class=\"fusion-fullwidth fullwidth-box nonhundred-percent-fullwidth non-hundred-percent-height-scrolling\"  style='background-color: rgba(255,255,255,0);background-position: center center;background-repeat: no-repeat;padding-top:20px;padding-right:0px;padding-bottom:150px;padding-left:0px;margin-bottom: 90px;'><div class=\"fusion-builder-row fusion-row \"><div  class=\"fusion-layout-column fusion_builder_column fusion_builder_column_1_1  fusion-one-full fusion-column-first fusion-column-last 1_1\"  style='margin-top:0px;margin-bottom:0px;width:100%'>\n\t\t\t\t\t<div class=\"fusion-column-wrapper\" style=\"background-position:left top;background-repeat:no-repeat;-webkit-background-size:cover;-moz-background-size:cover;-o-background-size:cover;background-size:cover;\"  data-bg-url=\"\">\n\t\t\t\t\t\t<div class=\"fusion-text\"><p>Photo du bandeau : \u00a9 David Tatin<\/p>\n<\/div><div class=\"fusion-clearfix\"><\/div>\n\n\t\t\t\t\t<\/div>\n\t\t\t\t<\/div><\/div><\/div><\/p>\n","protected":false},"excerpt":{"rendered":"<p>yes<\/p>\n","protected":false},"author":1,"featured_media":2850,"parent":1989,"menu_order":154,"comment_status":"closed","ping_status":"closed","template":"","meta":{"_acf_changed":false,"_seopress_robots_primary_cat":"","_seopress_titles_title":"","_seopress_titles_desc":"","_seopress_robots_index":"","_bbp_topic_count":0,"_bbp_reply_count":0,"_bbp_total_topic_count":0,"_bbp_total_reply_count":0,"_bbp_voice_count":0,"_bbp_anonymous_reply_count":0,"_bbp_topic_count_hidden":0,"_bbp_reply_count_hidden":0,"_bbp_forum_subforum_count":0,"footnotes":""},"class_list":["post-2849","page","type-page","status-publish","has-post-thumbnail","hentry"],"acf":[],"_links":{"self":[{"href":"https:\/\/www.parcduluberon.fr\/en\/wp-json\/wp\/v2\/pages\/2849","targetHints":{"allow":["GET"]}}],"collection":[{"href":"https:\/\/www.parcduluberon.fr\/en\/wp-json\/wp\/v2\/pages"}],"about":[{"href":"https:\/\/www.parcduluberon.fr\/en\/wp-json\/wp\/v2\/types\/page"}],"author":[{"embeddable":true,"href":"https:\/\/www.parcduluberon.fr\/en\/wp-json\/wp\/v2\/users\/1"}],"replies":[{"embeddable":true,"href":"https:\/\/www.parcduluberon.fr\/en\/wp-json\/wp\/v2\/comments?post=2849"}],"version-history":[{"count":4,"href":"https:\/\/www.parcduluberon.fr\/en\/wp-json\/wp\/v2\/pages\/2849\/revisions"}],"predecessor-version":[{"id":6694,"href":"https:\/\/www.parcduluberon.fr\/en\/wp-json\/wp\/v2\/pages\/2849\/revisions\/6694"}],"up":[{"embeddable":true,"href":"https:\/\/www.parcduluberon.fr\/en\/wp-json\/wp\/v2\/pages\/1989"}],"wp:featuredmedia":[{"embeddable":true,"href":"https:\/\/www.parcduluberon.fr\/en\/wp-json\/wp\/v2\/media\/2850"}],"wp:attachment":[{"href":"https:\/\/www.parcduluberon.fr\/en\/wp-json\/wp\/v2\/media?parent=2849"}],"curies":[{"name":"wp","href":"https:\/\/api.w.org\/{rel}","templated":true}]}}