{"id":2599950,"date":"2023-09-07T09:51:42","date_gmt":"2023-09-07T08:51:42","guid":{"rendered":"https:\/\/www.parcduluberon.fr\/?page_id=2599950"},"modified":"2023-09-07T11:29:19","modified_gmt":"2023-09-07T10:29:19","slug":"urbanisme","status":"publish","type":"page","link":"https:\/\/www.parcduluberon.fr\/en\/nos-actions\/paysage-urbanisme-architecture\/urbanisme\/","title":{"rendered":"Urbanisme"},"content":{"rendered":"<p><div class=\"fusion-fullwidth fullwidth-box nonhundred-percent-fullwidth non-hundred-percent-height-scrolling\"  style='background-color: rgba(255,255,255,0);background-position: center center;background-repeat: no-repeat;padding-top:20px;padding-right:20px;padding-bottom:20px;padding-left:20px;'><div class=\"fusion-builder-row fusion-row \"><div  class=\"fusion-layout-column fusion_builder_column fusion_builder_column_1_1  fusion-one-full fusion-column-first fusion-column-last 1_1\"  style='margin-top:0px;margin-bottom:0px;'>\n\t\t\t\t\t<div class=\"fusion-column-wrapper\" style=\"padding: 0px 0px 0px 0px;background-position:left top;background-repeat:no-repeat;-webkit-background-size:cover;-moz-background-size:cover;-o-background-size:cover;background-size:cover;\"  data-bg-url=\"\">\n\t\t\t\t\t\t<div class=\"fusion-title title fusion-sep-none fusion-title-size-one pnrl-titre-accueil\" style=\"margin-top:0px;margin-bottom:31px;\"><h1 class=\"title-heading-left\"><p><strong>URBANISME<\/strong><br \/>\nUN AXE MAJEUR DE L&#8217;ACTION DU PARC NATUREL R\u00c9GIONAL DU LUBERON<\/p><\/h1><\/div><div class=\"fusion-text\"><p>Le territoire du Parc naturel r\u00e9gional du Luberon, comme le territoire r\u00e9gional, est depuis plusieurs ann\u00e9es confront\u00e9 \u00e0 des difficult\u00e9s en mati\u00e8re d\u2019habitat, de logement, d\u2019installation de nouvelles activit\u00e9s&#8230;<br \/>\nDans ce cadre, le Parc conseille les communes et les intercommunalit\u00e9s pour la gestion de l\u2019espace et la ma\u00eetrise de l\u2019urbanisme. Sa Charte constitue un cadre de r\u00e9f\u00e9rence pour mieux ma\u00eetriser les \u00e9volutions actuelles et \u00e0 venir.<\/p>\n<\/div><div class=\"fusion-clearfix\"><\/div>\n\n\t\t\t\t\t<\/div>\n\t\t\t\t<\/div><\/div><\/div><div class=\"fusion-fullwidth fullwidth-box nonhundred-percent-fullwidth non-hundred-percent-height-scrolling\"  style='background-color: rgba(255,255,255,0);background-position: center center;background-repeat: no-repeat;padding-right:0px;padding-bottom:20px;padding-left:10px;'><div class=\"fusion-builder-row fusion-row \"><div  class=\"fusion-layout-column fusion_builder_column fusion_builder_column_1_1  fusion-one-full fusion-column-first fusion-column-last 1_1\"  style='margin-top:0px;margin-bottom:0px;'>\n\t\t\t\t\t<div class=\"fusion-column-wrapper\" style=\"padding: 0px 0px 0px 0px;background-position:left top;background-repeat:no-repeat;-webkit-background-size:cover;-moz-background-size:cover;-o-background-size:cover;background-size:cover;\"  data-bg-url=\"\">\n\t\t\t\t\t\t<div class=\"fusion-recent-posts avada-container layout-default layout-columns-4 pnrl-actualite\"><section class=\"fusion-columns columns fusion-columns-4 columns-4\"><div class=\"fusion-column column col col-lg-3 col-md-3 col-sm-3\"><div class=\"fusion-flexslider flexslider flexslider-hover-type-zoomin\"><ul class=\"slides\"><li><a href=\"https:\/\/www.parcduluberon.fr\/en\/nos-actions\/transition-energetique\/produire-de-lenergie\/developper-lenergie-photovoltaique\/\" class=\"hover-type-zoomin\" aria-label=\"Comment d\u00e9velopper l\u2019\u00e9nergie photovolta\u00efque sur le territoire\"><img decoding=\"async\" src=\"https:\/\/www.parcduluberon.fr\/wp-content\/uploads\/2023\/01\/BAN_produire_photovoltaique_c_pnrl_matthieu_camps-402x324.jpg\" alt=\"\" \/><\/a><\/li><\/ul><\/div><div class=\"recent-posts-content\">\n\t\t\t\n\t\t\t\t\t\t\t<span class=\"vcard\" style=\"display: none;\">\n\t\t\t\t\t<span class=\"fn\">\n\t\t\t\t\t\t<a href=\"https:\/\/www.parcduluberon.fr\/en\/author\/louis-s\/\" title=\"Posts by Solgne Louis\" rel=\"author\">Solgne Louis<\/a>\t\t\t\t\t<\/span>\n\t\t\t\t<\/span>\n\t\t\t\n\t\t\t\t\t\t\t<span class=\"updated\" style=\"display:none;\">\n\t\t\t\t\t2023-12-08T17:04:43+01:00\t\t\t\t<\/span>\n\t\t\t\n\t\t<h4 class=\"entry-title\"><a href=\"https:\/\/www.parcduluberon.fr\/en\/nos-actions\/transition-energetique\/produire-de-lenergie\/developper-lenergie-photovoltaique\/\">Comment d\u00e9velopper l\u2019\u00e9nergie photovolta\u00efque sur le territoire<\/a><\/h4><p>Pr\u00e9sentation de la doctrine photovolta\u00efque du Parc du Luberon.<\/p><div class=\"pnrl_sous_post\"><div class=\"pnrl_bloc_lien\"><a href=\"https:\/\/www.parcduluberon.fr\/en\/nos-actions\/transition-energetique\/produire-de-lenergie\/developper-lenergie-photovoltaique\/\"><span class=\"pnrl-btn-morelire\"><\/span><\/a><\/div><\/div> <\/div><\/div><div class=\"fusion-column column col col-lg-3 col-md-3 col-sm-3\"><div class=\"fusion-flexslider flexslider flexslider-hover-type-zoomin\"><ul class=\"slides\"><li><a href=\"https:\/\/www.parcduluberon.fr\/en\/nos-actions\/transition-energetique\/changement-climatique\/urbanisme-climat\/\" class=\"hover-type-zoomin\" aria-label=\"Urbanisme et changement climatique\"><img decoding=\"async\" src=\"https:\/\/www.parcduluberon.fr\/wp-content\/uploads\/2023\/03\/BAN_urbanisme_climat_c_pnrl_clara_peltier-402x324.jpg\" alt=\"\" \/><\/a><\/li><\/ul><\/div><div class=\"recent-posts-content\">\n\t\t\t\n\t\t\t\t\t\t\t<span class=\"vcard\" style=\"display: none;\">\n\t\t\t\t\t<span class=\"fn\">\n\t\t\t\t\t\t<a href=\"https:\/\/www.parcduluberon.fr\/en\/author\/louis-s\/\" title=\"Posts by Solgne Louis\" rel=\"author\">Solgne Louis<\/a>\t\t\t\t\t<\/span>\n\t\t\t\t<\/span>\n\t\t\t\n\t\t\t\t\t\t\t<span class=\"updated\" style=\"display:none;\">\n\t\t\t\t\t2023-12-27T10:26:21+01:00\t\t\t\t<\/span>\n\t\t\t\n\t\t<h4 class=\"entry-title\"><a href=\"https:\/\/www.parcduluberon.fr\/en\/nos-actions\/transition-energetique\/changement-climatique\/urbanisme-climat\/\">Urbanisme et changement climatique<\/a><\/h4><p>Un guide pratique pour un d\u00e9veloppement rural conciliant authenticit\u00e9, qualit\u00e9 de vie et adaptation au changement climatique.<\/p><div class=\"pnrl_sous_post\"><div class=\"pnrl_bloc_lien\"><a href=\"https:\/\/www.parcduluberon.fr\/en\/nos-actions\/transition-energetique\/changement-climatique\/urbanisme-climat\/\"><span class=\"pnrl-btn-morelire\"><\/span><\/a><\/div><\/div> <\/div><\/div><div class=\"fusion-column column col col-lg-3 col-md-3 col-sm-3\"><div class=\"fusion-flexslider flexslider flexslider-hover-type-zoomin\"><ul class=\"slides\"><li><a href=\"https:\/\/www.parcduluberon.fr\/en\/nos-actions\/paysage-urbanisme-architecture\/urbanisme\/urbanisme\/\" class=\"hover-type-zoomin\" aria-label=\"Urbanisme et Charte du Parc du Luberon\"><img decoding=\"async\" src=\"https:\/\/www.parcduluberon.fr\/wp-content\/uploads\/2022\/08\/BAN_urbanisme_c_valentin_pacaut_theexplorers_atoutfrance-402x324.jpg\" alt=\"\" \/><\/a><\/li><\/ul><\/div><div class=\"recent-posts-content\">\n\t\t\t\n\t\t\t\t\t\t\t<span class=\"vcard\" style=\"display: none;\">\n\t\t\t\t\t<span class=\"fn\">\n\t\t\t\t\t\t<a href=\"https:\/\/www.parcduluberon.fr\/en\/author\/louis-s\/\" title=\"Posts by Solgne Louis\" rel=\"author\">Solgne Louis<\/a>\t\t\t\t\t<\/span>\n\t\t\t\t<\/span>\n\t\t\t\n\t\t\t\t\t\t\t<span class=\"updated\" style=\"display:none;\">\n\t\t\t\t\t2023-11-13T17:37:58+01:00\t\t\t\t<\/span>\n\t\t\t\n\t\t<h4 class=\"entry-title\"><a href=\"https:\/\/www.parcduluberon.fr\/en\/nos-actions\/paysage-urbanisme-architecture\/urbanisme\/urbanisme\/\">Urbanisme et Charte du Parc du Luberon<\/a><\/h4><p>Le Parc du Luberon accompagne les communes et les intercommunalit\u00e9s dans l\u2019\u00e9laboration de leurs documents d\u2019urbanisme et dans leurs projets strat\u00e9giques d\u2019am\u00e9nagement.<\/p><div class=\"pnrl_sous_post\"><div class=\"pnrl_bloc_lien\"><a href=\"https:\/\/www.parcduluberon.fr\/en\/nos-actions\/paysage-urbanisme-architecture\/urbanisme\/urbanisme\/\"><span class=\"pnrl-btn-morelire\"><\/span><\/a><\/div><\/div> <\/div><\/div><\/section><\/div><div class=\"fusion-clearfix\"><\/div>\n\n\t\t\t\t\t<\/div>\n\t\t\t\t<\/div><\/div><\/div><div class=\"fusion-fullwidth fullwidth-box nonhundred-percent-fullwidth non-hundred-percent-height-scrolling\"  style='background-color: rgba(255,255,255,0);background-position: center center;background-repeat: no-repeat;padding-right:0px;padding-left:10px;'><div class=\"fusion-builder-row fusion-row \"><div  class=\"fusion-layout-column fusion_builder_column fusion_builder_column_1_1  fusion-one-full fusion-column-first fusion-column-last 1_1\"  style='margin-top:0px;margin-bottom:0px;width:100%'>\n\t\t\t\t\t<div class=\"fusion-column-wrapper\" style=\"padding: 0px 0px 0px 0px;background-position:left top;background-repeat:no-repeat;-webkit-background-size:cover;-moz-background-size:cover;-o-background-size:cover;background-size:cover;\"  data-bg-url=\"\">\n\t\t\t\t\t\t<div class=\"fusion-text\"><p>Photo du bandeau : &#8220;\u00c9tude urbaine&#8221; (PNRL-Clara Peltier)<\/p>\n<\/div><div class=\"fusion-clearfix\"><\/div>\n\n\t\t\t\t\t<\/div>\n\t\t\t\t<\/div><\/div><\/div><div class=\"fusion-fullwidth fullwidth-box container-carousel-mosaique nonhundred-percent-fullwidth non-hundred-percent-height-scrolling\"  style='background-color: rgba(255,255,255,0);background-position: center center;background-repeat: no-repeat;padding-top:0px;padding-right:0px;padding-bottom:0px;padding-left:10px;'><div class=\"fusion-builder-row fusion-row \"><div  class=\"fusion-layout-column fusion_builder_column fusion_builder_column_1_1  fusion-one-full fusion-column-first fusion-column-last 1_1\"  style='margin-top:0px;margin-bottom:0px;width:100%'>\n\t\t\t\t\t<div class=\"fusion-column-wrapper\" style=\"padding: 0px 0px 0px 0px;background-position:left top;background-repeat:no-repeat;-webkit-background-size:cover;-moz-background-size:cover;-o-background-size:cover;background-size:cover;\"  data-bg-url=\"\">\n\t\t\t\t\t\t<div class=\"fusion-title title fusion-sep-none fusion-title-size-three\" style=\"margin-top:0px;margin-bottom:31px;\"><h3 class=\"title-heading-left\">\u2014 Consultez toutes les th\u00e9matiques<\/h3><\/div><div class=\"fusion-text\"><div id=\"wp-posts-carousel-1271783084\" class=\"compact-theme wp-posts-carousel owl-carousel\"><div class=\"wp-posts-carousel-slide slides-4\"><div class=\"wp-posts-carousel-container\"><div class=\"wp-posts-carousel-image\"><a href=\"https:\/\/www.parcduluberon.fr\/en\/reserve-de-biosphere-luberon-lure\/\" title=\"Read more R\u00e9serve de biosph\u00e8re Luberon-Lure\"><img decoding=\"async\" alt=\"R\u00e9serve de biosph\u00e8re Luberon-Lure\" style=\"max-width:100%;max-height:100%\" src=\"https:\/\/www.parcduluberon.fr\/wp-content\/uploads\/2017\/01\/BAN_R1_reserve-de-biosphere_c_pnrl_eric_garnier-243x150.jpg\"><\/a><\/div><div class=\"wp-posts-carousel-details\"><h3 class=\"wp-posts-carousel-title\"><a href=\"https:\/\/www.parcduluberon.fr\/en\/reserve-de-biosphere-luberon-lure\/\" title=\"R\u00e9serve de biosph\u00e8re Luberon-Lure\">R\u00e9serve de biosph\u00e8re Luberon-Lure<\/a><\/h3><a href=\"https:\/\/www.parcduluberon.fr\/en\/reserve-de-biosphere-luberon-lure\/\" title=\"Read more R\u00e9serve de biosph\u00e8re Luberon-Lure\"><div class=\"wp-posts-carousel-desc\"><span class=\"pnrl-separator\"><\/span><br>Le Luberon appartient depuis 1997 au r\u00e9seau international des r\u00e9serves de biosph\u00e8re de l\u2019Unesco, qui sont des lieux d\u2019...<\/div><\/a><p class=\"wp-posts-carousel-buttons\"><p><\/div><\/div><\/div><div class=\"wp-posts-carousel-slide slides-4\"><div class=\"wp-posts-carousel-container\"><div class=\"wp-posts-carousel-image\"><a href=\"https:\/\/www.parcduluberon.fr\/en\/charte-du-parc\/\" title=\"Read more Charte du Parc\"><img decoding=\"async\" alt=\"Charte du Parc\" style=\"max-width:100%;max-height:100%\" src=\"https:\/\/www.parcduluberon.fr\/wp-content\/uploads\/2017\/06\/BAN_R1_charte_c_David-Tatin-243x150.jpg\"><\/a><\/div><div class=\"wp-posts-carousel-details\"><h3 class=\"wp-posts-carousel-title\"><a href=\"https:\/\/www.parcduluberon.fr\/en\/charte-du-parc\/\" title=\"Charte du Parc\">Charte du Parc<\/a><\/h3><a href=\"https:\/\/www.parcduluberon.fr\/en\/charte-du-parc\/\" title=\"Read more Charte du Parc\"><div class=\"wp-posts-carousel-desc\"><span class=\"pnrl-separator\"><\/span><br>Issue d\u2019une large concertation entre les acteurs du territoire, la charte est le contrat moral qui fixe les objectifs...<\/div><\/a><p class=\"wp-posts-carousel-buttons\"><p><\/div><\/div><\/div><div class=\"wp-posts-carousel-slide slides-4\"><div class=\"wp-posts-carousel-container\"><div class=\"wp-posts-carousel-image\"><a href=\"https:\/\/www.parcduluberon.fr\/le-parc\/revision-charte\/\" title=\"Read more R\u00e9vision de la charte\"><img decoding=\"async\" alt=\"R\u00e9vision de la charte\" style=\"max-width:100%;max-height:100%\" src=\"https:\/\/www.parcduluberon.fr\/wp-content\/uploads\/2023\/01\/BAN_R1_revision_charte_2040_c_pnrl_eric_garnier.jpg\"><\/a><\/div><div class=\"wp-posts-carousel-details\"><h3 class=\"wp-posts-carousel-title\"><a href=\"https:\/\/www.parcduluberon.fr\/le-parc\/revision-charte\/\" title=\"R\u00e9vision de la charte\">R\u00e9vision de la charte<\/a><\/h3><a href=\"https:\/\/www.parcduluberon.fr\/le-parc\/revision-charte\/\" title=\"Read more R\u00e9vision de la charte\"><div class=\"wp-posts-carousel-desc\"><span class=\"pnrl-separator\"><\/span><br>yes...<\/div><\/a><p class=\"wp-posts-carousel-buttons\"><p><\/div><\/div><\/div><div class=\"wp-posts-carousel-slide slides-4\"><div class=\"wp-posts-carousel-container\"><div class=\"wp-posts-carousel-image\"><a href=\"https:\/\/www.parcduluberon.fr\/en\/natura-2000\/\" title=\"Read more Natura 2000\"><img decoding=\"async\" alt=\"Natura 2000\" style=\"max-width:100%;max-height:100%\" src=\"https:\/\/www.parcduluberon.fr\/wp-content\/uploads\/2017\/06\/BAN_R1_natura2000_c_herve_vincent-1-243x150.jpg\"><\/a><\/div><div class=\"wp-posts-carousel-details\"><h3 class=\"wp-posts-carousel-title\"><a href=\"https:\/\/www.parcduluberon.fr\/en\/natura-2000\/\" title=\"Natura 2000\">Natura 2000<\/a><\/h3><a href=\"https:\/\/www.parcduluberon.fr\/en\/natura-2000\/\" title=\"Read more Natura 2000\"><div class=\"wp-posts-carousel-desc\"><span class=\"pnrl-separator\"><\/span><br>Le r\u00e9seau europ\u00e9en Natura 2000 est un outil cl\u00e9 pour enrayer l\u2019\u00e9rosion de la biodiversit\u00e9. Il vise \u00e0 assurer...<\/div><\/a><p class=\"wp-posts-carousel-buttons\"><p><\/div><\/div><\/div><div class=\"wp-posts-carousel-slide slides-4\"><div class=\"wp-posts-carousel-container\"><div class=\"wp-posts-carousel-image\"><a href=\"https:\/\/www.parcduluberon.fr\/en\/connais-mieux-parc-2\/\" title=\"Read more Je connais mieux le Parc\"><img decoding=\"async\" alt=\"Je connais mieux le Parc\" style=\"max-width:100%;max-height:100%\" src=\"https:\/\/www.parcduluberon.fr\/wp-content\/uploads\/2017\/01\/BAN_R1_je-connais-mieux-le-parc_c_Droz-243x150.jpg\"><\/a><\/div><div class=\"wp-posts-carousel-details\"><h3 class=\"wp-posts-carousel-title\"><a href=\"https:\/\/www.parcduluberon.fr\/en\/connais-mieux-parc-2\/\" title=\"Je connais mieux le Parc\">Je connais mieux le Parc<\/a><\/h3><a href=\"https:\/\/www.parcduluberon.fr\/en\/connais-mieux-parc-2\/\" title=\"Read more Je connais mieux le Parc\"><div class=\"wp-posts-carousel-desc\"><span class=\"pnrl-separator\"><\/span><br>Une autre vie s&#39;invente ici ?\r\nPour nous les parcs naturels r\u00e9gionaux, ce n&#39;est pas un simple slogan. Transition...<\/div><\/a><p class=\"wp-posts-carousel-buttons\"><p><\/div><\/div><\/div><div class=\"wp-posts-carousel-slide slides-4\"><div class=\"wp-posts-carousel-container\"><div class=\"wp-posts-carousel-image\"><a href=\"https:\/\/www.parcduluberon.fr\/en\/institution-2\/\" title=\"Read more Institution\"><img decoding=\"async\" alt=\"Institution\" style=\"max-width:100%;max-height:100%\" src=\"https:\/\/www.parcduluberon.fr\/wp-content\/uploads\/2017\/02\/BAN_R1_institution_c_David-Tatin-243x150.jpg\"><\/a><\/div><div class=\"wp-posts-carousel-details\"><h3 class=\"wp-posts-carousel-title\"><a href=\"https:\/\/www.parcduluberon.fr\/en\/institution-2\/\" title=\"Institution\">Institution<\/a><\/h3><a href=\"https:\/\/www.parcduluberon.fr\/en\/institution-2\/\" title=\"Read more Institution\"><div class=\"wp-posts-carousel-desc\"><span class=\"pnrl-separator\"><\/span><br>Le Parc naturel r\u00e9gional du Luberon ?\r\nC\u2019est \u00e0 la fois un territoire, un projet et une institution.\r\nLe syndicat...<\/div><\/a><p class=\"wp-posts-carousel-buttons\"><p><\/div><\/div><\/div><div class=\"wp-posts-carousel-slide slides-4\"><div class=\"wp-posts-carousel-container\"><div class=\"wp-posts-carousel-image\"><a href=\"https:\/\/www.parcduluberon.fr\/en\/labels-unesco\/geoparc-2\/\" title=\"Read more G\u00e9oparc du Luberon\"><img decoding=\"async\" alt=\"G\u00e9oparc du Luberon\" style=\"max-width:100%;max-height:100%\" src=\"https:\/\/www.parcduluberon.fr\/wp-content\/uploads\/2025\/05\/BAN_Luberon_Geopark_FR_c_pnrl_stephane_legal-scaled.jpg\"><\/a><\/div><div class=\"wp-posts-carousel-details\"><h3 class=\"wp-posts-carousel-title\"><a href=\"https:\/\/www.parcduluberon.fr\/en\/labels-unesco\/geoparc-2\/\" title=\"G\u00e9oparc du Luberon\">G\u00e9oparc du Luberon<\/a><\/h3><a href=\"https:\/\/www.parcduluberon.fr\/en\/labels-unesco\/geoparc-2\/\" title=\"Read more G\u00e9oparc du Luberon\"><div class=\"wp-posts-carousel-desc\"><span class=\"pnrl-separator\"><\/span><br>En 2004, le Parc naturel r\u00e9gional du Luberon est admis dans le r\u00e9seau des G\u00e9oparcs mondiaux soutenu par l&#39;UNESCO...<\/div><\/a><p class=\"wp-posts-carousel-buttons\"><p><\/div><\/div><\/div><div class=\"wp-posts-carousel-slide slides-4\"><div class=\"wp-posts-carousel-container\"><div class=\"wp-posts-carousel-image\"><a href=\"https:\/\/www.parcduluberon.fr\/en\/reserve-naturelle-geologique-luberon-2\/\" title=\"Read more R\u00e9serve naturelle g\u00e9ologique du Luberon\"><img decoding=\"async\" alt=\"R\u00e9serve naturelle g\u00e9ologique du Luberon\" style=\"max-width:100%;max-height:100%\" src=\"https:\/\/www.parcduluberon.fr\/wp-content\/uploads\/2018\/07\/BAN_rngl_poisson_feuille_c_pnrl_patrick_cabrol.jpg\"><\/a><\/div><div class=\"wp-posts-carousel-details\"><h3 class=\"wp-posts-carousel-title\"><a href=\"https:\/\/www.parcduluberon.fr\/en\/reserve-naturelle-geologique-luberon-2\/\" title=\"R\u00e9serve naturelle g\u00e9ologique du Luberon\">R\u00e9serve naturelle g\u00e9ologique du Luberon<\/a><\/h3><a href=\"https:\/\/www.parcduluberon.fr\/en\/reserve-naturelle-geologique-luberon-2\/\" title=\"Read more R\u00e9serve naturelle g\u00e9ologique du Luberon\"><div class=\"wp-posts-carousel-desc\"><span class=\"pnrl-separator\"><\/span><br>Le territoire du Luberon, espace privil\u00e9gi\u00e9, est une invitation \u00e0 la d\u00e9couverte d\u2019un patrimoine g\u00e9ologique exceptionnel. Ni or ni...<\/div><\/a><p class=\"wp-posts-carousel-buttons\"><p><\/div><\/div><\/div><div class=\"wp-posts-carousel-slide slides-4\"><div class=\"wp-posts-carousel-container\"><div class=\"wp-posts-carousel-image\"><a href=\"https:\/\/www.parcduluberon.fr\/en\/reseaux-et-partenaires-2\/\" title=\"Read more R\u00e9seaux et partenaires\"><img decoding=\"async\" alt=\"R\u00e9seaux et partenaires\" style=\"max-width:100%;max-height:100%\" src=\"https:\/\/www.parcduluberon.fr\/wp-content\/uploads\/2017\/01\/BAN_R1_reseaux-et-partenaires_c_Lea_Samson-243x150.jpg\"><\/a><\/div><div class=\"wp-posts-carousel-details\"><h3 class=\"wp-posts-carousel-title\"><a href=\"https:\/\/www.parcduluberon.fr\/en\/reseaux-et-partenaires-2\/\" title=\"R\u00e9seaux et partenaires\">R\u00e9seaux et partenaires<\/a><\/h3><a href=\"https:\/\/www.parcduluberon.fr\/en\/reseaux-et-partenaires-2\/\" title=\"Read more R\u00e9seaux et partenaires\"><div class=\"wp-posts-carousel-desc\"><span class=\"pnrl-separator\"><\/span><br>Dans l\u2019exercice de ses missions et la mise en \u0153uvre de ses projets, le Parc naturel r\u00e9gional du Luberon...<\/div><\/a><p class=\"wp-posts-carousel-buttons\"><p><\/div><\/div><\/div><div class=\"wp-posts-carousel-slide slides-4\"><div class=\"wp-posts-carousel-container\"><div class=\"wp-posts-carousel-image\"><a href=\"https:\/\/www.parcduluberon.fr\/en\/territoire-villes-villages\/\" title=\"Read more Territoire, villes et villages\"><img decoding=\"async\" alt=\"Territoire, villes et villages\" style=\"max-width:100%;max-height:100%\" src=\"https:\/\/www.parcduluberon.fr\/wp-content\/uploads\/2017\/01\/BAN_R1_territoire2_c_David-Tatin-243x150.jpg\"><\/a><\/div><div class=\"wp-posts-carousel-details\"><h3 class=\"wp-posts-carousel-title\"><a href=\"https:\/\/www.parcduluberon.fr\/en\/territoire-villes-villages\/\" title=\"Territoire, villes et villages\">Territoire, villes et villages<\/a><\/h3><a href=\"https:\/\/www.parcduluberon.fr\/en\/territoire-villes-villages\/\" title=\"Read more Territoire, villes et villages\"><div class=\"wp-posts-carousel-desc\"><span class=\"pnrl-separator\"><\/span><br>Au c\u0153ur de la r\u00e9gion Provence-Alpes-C\u00f4te d\u2019Azur, le Parc naturel r\u00e9gional du Luberon...<\/div><\/a><p class=\"wp-posts-carousel-buttons\"><p><\/div><\/div><\/div><\/div><script type=\"text\/javascript\">\n                    jQuery(window).load(function(e) {\n                        var wpPostsCarousel1271783084 = jQuery(\"#wp-posts-carousel-1271783084\");\n                        wpPostsCarousel1271783084.owlCarousel({\n                            loop: true,\n                            nav: true,\n                            navSpeed: 800,\n                            dots: true,\n                            dotsSpeed: 800,\n                            lazyLoad: false,\n                            autoplay: true,\n                            autoplayHoverPause: true,\n                            autoplayTimeout: 1200,\n                            autoplaySpeed:  800,\n                            margin: 5,\n                            stagePadding: 0,\n                            freeDrag: false,\n                            mouseDrag: true,\n                            touchDrag: true,\n                            slideBy: 1,\n                            fallbackEasing: \"linear\",\n                            responsiveClass: true,\n                            navText: [ \" Actualit\u00e9 pr\u00e9c\u00e9dente \", \" Actualit\u00e9 suivante \" ],\n                            responsive:{\n                                0:{items: 1},\n                                600:{items: 2},\n                                1000:{items: 4}\n                                \n                            },\n                            autoHeight: true\n                        });\n                        wpPostsCarousel1271783084.on(\"mousewheel\", \".owl-stage\", function(e) {\n                if (e.deltaY > 0) {\n                    wpPostsCarousel1271783084.trigger(\"next.owl\");\n                } else {\n                    wpPostsCarousel1271783084.trigger(\"prev.owl\");\n                }\n                e.preventDefault();\n            });\n                    });\n                <\/script>\n<\/div><div class=\"fusion-clearfix\"><\/div>\n\n\t\t\t\t\t<\/div>\n\t\t\t\t<\/div><\/div><\/div><\/p>\n","protected":false},"excerpt":{"rendered":"","protected":false},"author":6,"featured_media":2599971,"parent":8278,"menu_order":0,"comment_status":"closed","ping_status":"closed","template":"","meta":{"_acf_changed":false,"_seopress_robots_primary_cat":"","_seopress_titles_title":"","_seopress_titles_desc":"Le territoire du Parc naturel r\u00e9gional du Luberon, comme le territoire r\u00e9gional, est depuis plusieurs ann\u00e9es confront\u00e9 \u00e0 des difficult\u00e9s en mati\u00e8re d\u2019habitat, de logement, d\u2019installation de nouvelles activit\u00e9s...Dans ce cadre, le Parc conseille les communes et les intercommunalit\u00e9s pour la gestion de l\u2019espace et la ma\u00eetrise de l\u2019urbanisme. Sa Charte constitue un cadre de r\u00e9f\u00e9rence pour mieux ma\u00eetriser les \u00e9volutions actuelles et \u00e0 venir.","_seopress_robots_index":"","_bbp_topic_count":0,"_bbp_reply_count":0,"_bbp_total_topic_count":0,"_bbp_total_reply_count":0,"_bbp_voice_count":0,"_bbp_anonymous_reply_count":0,"_bbp_topic_count_hidden":0,"_bbp_reply_count_hidden":0,"_bbp_forum_subforum_count":0,"footnotes":""},"class_list":["post-2599950","page","type-page","status-publish","has-post-thumbnail","hentry"],"acf":[],"_links":{"self":[{"href":"https:\/\/www.parcduluberon.fr\/en\/wp-json\/wp\/v2\/pages\/2599950","targetHints":{"allow":["GET"]}}],"collection":[{"href":"https:\/\/www.parcduluberon.fr\/en\/wp-json\/wp\/v2\/pages"}],"about":[{"href":"https:\/\/www.parcduluberon.fr\/en\/wp-json\/wp\/v2\/types\/page"}],"author":[{"embeddable":true,"href":"https:\/\/www.parcduluberon.fr\/en\/wp-json\/wp\/v2\/users\/6"}],"replies":[{"embeddable":true,"href":"https:\/\/www.parcduluberon.fr\/en\/wp-json\/wp\/v2\/comments?post=2599950"}],"version-history":[{"count":2,"href":"https:\/\/www.parcduluberon.fr\/en\/wp-json\/wp\/v2\/pages\/2599950\/revisions"}],"predecessor-version":[{"id":2599973,"href":"https:\/\/www.parcduluberon.fr\/en\/wp-json\/wp\/v2\/pages\/2599950\/revisions\/2599973"}],"up":[{"embeddable":true,"href":"https:\/\/www.parcduluberon.fr\/en\/wp-json\/wp\/v2\/pages\/8278"}],"wp:featuredmedia":[{"embeddable":true,"href":"https:\/\/www.parcduluberon.fr\/en\/wp-json\/wp\/v2\/media\/2599971"}],"wp:attachment":[{"href":"https:\/\/www.parcduluberon.fr\/en\/wp-json\/wp\/v2\/media?parent=2599950"}],"curies":[{"name":"wp","href":"https:\/\/api.w.org\/{rel}","templated":true}]}}