{"id":2541,"date":"2017-02-23T15:37:23","date_gmt":"2017-02-23T14:37:23","guid":{"rendered":"https:\/\/www.parcduluberon.fr\/?page_id=2541\/"},"modified":"2023-03-02T19:27:55","modified_gmt":"2023-03-02T18:27:55","slug":"mentions-legales","status":"publish","type":"page","link":"https:\/\/www.parcduluberon.fr\/en\/mentions-legales\/","title":{"rendered":"Mentions l\u00e9gales"},"content":{"rendered":"<p><div class=\"fusion-fullwidth fullwidth-box nonhundred-percent-fullwidth non-hundred-percent-height-scrolling\"  style='background-color: rgba(255,255,255,0);background-position: center center;background-repeat: no-repeat;padding-top:20px;padding-right:0px;padding-bottom:20px;padding-left:0px;'><div class=\"fusion-builder-row fusion-row \"><div  class=\"fusion-layout-column fusion_builder_column fusion_builder_column_1_1  fusion-one-full fusion-column-first fusion-column-last 1_1\"  style='margin-top:0px;margin-bottom:0px;'>\n\t\t\t\t\t<div class=\"fusion-column-wrapper\" style=\"padding: 0px 0px 0px 0px;background-position:left top;background-repeat:no-repeat;-webkit-background-size:cover;-moz-background-size:cover;-o-background-size:cover;background-size:cover;\"  data-bg-url=\"\">\n\t\t\t\t\t\t<div class=\"fusion-title title fusion-sep-none fusion-title-size-one introduction\" style=\"margin-top:0px;margin-bottom:31px;\"><h1 class=\"title-heading-left\">MENTIONS L\u00c9GALES<\/h1><\/div><div class=\"fusion-clearfix\"><\/div>\n\n\t\t\t\t\t<\/div>\n\t\t\t\t<\/div><\/div><\/div><div class=\"fusion-fullwidth fullwidth-box nonhundred-percent-fullwidth non-hundred-percent-height-scrolling\"  style='background-color: rgba(255,255,255,0);background-position: center center;background-repeat: no-repeat;padding-top:20px;padding-right:0px;padding-bottom:80px;padding-left:0px;'><div class=\"fusion-builder-row fusion-row \"><div  class=\"fusion-layout-column fusion_builder_column fusion_builder_column_1_1  fusion-one-full fusion-column-first fusion-column-last 1_1\"  style='margin-top:0px;margin-bottom:0px;'>\n\t\t\t\t\t<div class=\"fusion-column-wrapper\" style=\"padding: 0px 0px 0px 0px;background-position:left top;background-repeat:no-repeat;-webkit-background-size:cover;-moz-background-size:cover;-o-background-size:cover;background-size:cover;\"  data-bg-url=\"\">\n\t\t\t\t\t\t<div class=\"fusion-text\"><div id=\"conteneur_paragraphe\">\n<p><strong>\u00c9diteur<\/strong><\/p>\n<p>Parc Naturel R\u00e9gional du Luberon<br \/>\n60, place Jean-Jaur\u00e8s<br \/>\nBP 122<br \/>\n84404 Apt Cedex<\/p>\n<p><strong>Directeur de la publication :<\/strong> M.<\/p>\n<p><strong>Concepteur du site<\/strong><br \/>\nAutrement Dit &#8211; 30, all\u00e9e des Tilleuls &#8211; 04200 Sisteron &#8211; France<br \/>\nSite web : <a href=\"http:\/\/www.autrementdit.fr\">www.autrementdit.fr<\/a><\/p>\n<p><strong>Maintenance applicative WordPress<br \/>\n<\/strong>Afin d\u2019assurer une bonne continuit\u00e9 de service, l&#8217;agence Web Senso <a href=\"https:\/\/www.WebSenso.com\">www.WebSenso.com<\/a> op\u00e8re la <a href=\"https:\/\/www.websenso.com\/expertises\/wordpress\">maintenance applicative du CMS WordPress<\/a>.<\/p>\n<\/div>\n<p><strong>H\u00e9bergeur du site<\/strong><br \/>\nCe service est h\u00e9berg\u00e9 physiquement en France dans un centre de donn\u00e9e de la soci\u00e9t\u00e9 : OVH.com en France.<\/p>\n<div id=\"conteneur_paragraphe\">\n<p><strong>Donn\u00e9es personnelles\/donn\u00e9es entr\u00e9es par l&#8217;utilisateur<\/strong><br \/>\nAu cours de votre visite sur le site parcduluberon.fr, vous pourrez saisir des informations personnelles nominatives vous concernant (nom, adresse&#8230;).<\/p>\n<p>Ces donn\u00e9es personnelles, fournies volontairement sur le site Internet, sont exclusivement destin\u00e9es au traitement de votre demande et r\u00e9serv\u00e9es \u00e0 un usage strictement interne de parcduluberon.fr<\/p>\n<p>Elles ne feront l\u2019objet d\u2019aucune exploitation commerciale ni de transmission ou cession \u00e0 quiconque pour des fins commerciales ou de prospection.<\/p>\n<p>Ces informations sont prot\u00e9g\u00e9es par les dispositions l\u00e9gales applicables et notamment de la Loi &#8220;Informatique et Libert\u00e9s &#8221; n\u00b0 78-17 du 6 janvier 1978.\u00a0 Les informations que vous nous communiquerez sont susceptibles d&#8217;\u00eatre conserv\u00e9es et trait\u00e9es de mani\u00e8re automatis\u00e9e. Ces informations sont prot\u00e9g\u00e9es par les dispositions l\u00e9gales applicables et notamment de la Loi &#8220;Informatique et Libert\u00e9s &#8221; n\u00b0 78-17 du 6 janvier 1978. <strong>D\u00e9claration CNIL en cours.<\/strong><\/p>\n<p>Conform\u00e9ment \u00e0 l&#8217;article 34 de la Loi &#8221; Informatique et Libert\u00e9s &#8221; n\u00b078-17 du 6 janvier 1978, vous disposez d&#8217;un droit d&#8217;acc\u00e8s, de rectification et d&#8217;opposition aux donn\u00e9es vous concernant. Pour l&#8217;exercer, il vous suffit de nous \u00e9crire en nous indiquant vos nom, pr\u00e9nom et adresse \u00e0 Parc Naturel du Luberon &#8211; 30, all\u00e9e des Tilleuls &#8211; 04200 Sisteron &#8211; France ou \u00e0 <a href=\"mailto:contact@parcduluberon.fr\">contact@parcduluberon.fr<\/a><\/p>\n<p><strong>Droit d\u2019auteur<\/strong><br \/>\nTous les contenus pr\u00e9sents sur ce site sont r\u00e9gis par le droit d\u2019auteur dont le Parc Naturel R\u00e9gional du Luberon est propri\u00e9taire. Ils ne peuvent pas \u00eatre reproduits, exploit\u00e9s en totalit\u00e9 ou partiellement sans l\u2019accord \u00e9crit de Parc Naturel R\u00e9gional du Luberon. Toute diffusion ou utilisation des contenus \u00e0 des fins commerciales est interdite. Toutes les photos, images, cartes, police sont prot\u00e9g\u00e9es par le droit de la propri\u00e9t\u00e9 intellectuelle et industrielle. Ce sont de ce fait des \u0153uvres prot\u00e9g\u00e9es par la l\u00e9gislation fran\u00e7aise.<\/p>\n<p><strong>Contenu du site<\/strong><br \/>\nParc Naturel R\u00e9gional du Luberon fournit des informations \u00e0 des fins purement informatives et s\u2019efforce de contr\u00f4ler leur v\u00e9racit\u00e9 et de maintenir le site \u00e0 jour. Cependant, aucune garantie n\u2019est apport\u00e9e concernant l\u2019exactitude, la pr\u00e9cision, la mise \u00e0 jour ou l\u2019exhaustivit\u00e9 des informations mises \u00e0 la disposition sur le site.<\/p>\n<p><strong>Responsabilit\u00e9 limit\u00e9e<\/strong><br \/>\nLe Parc Naturel R\u00e9gional du Luberon d\u00e9cline sp\u00e9cifiquement toute responsabilit\u00e9 pour les \u00e9ventuels pr\u00e9judices directs, indirects, accidentels, cons\u00e9cutifs ou sp\u00e9ciaux li\u00e9s \u00e0 l&#8217;acc\u00e8s ou \u00e0 l&#8217;utilisation du site ou subis en cons\u00e9quence de ceux-ci, y compris, mais sans s&#8217;y limiter, \u00e0 toute perte ou dommage provoqu\u00e9s par des virus affectant l&#8217;\u00e9quipement informatique de l&#8217;utilisateur ou r\u00e9sultant du cr\u00e9dit accord\u00e9 \u00e0 une information obtenue par le biais du site.<\/p>\n<p>De m\u00eame, la responsabilit\u00e9 du\u00a0Parc Naturel R\u00e9gional du Luberon ne saurait \u00eatre retenue pour tout dommage r\u00e9sultant notamment d\u2019une impr\u00e9cision ou inexactitude des informations disponibles sur le site ou pour toute atteinte r\u00e9sultant d\u2019une intrusion frauduleuse d\u2019un tiers sur le site avec l\u2019intention de nuire aux int\u00e9r\u00eats ou \u00e0 l\u2019image du Parc Naturel R\u00e9gional du Luberon, notamment en d\u00e9naturant les informations r\u00e9pertori\u00e9es sur le site.<\/p>\n<p><strong>Mise \u00e0 jour de la r\u00e9glementation du site<\/strong><br \/>\nLe Parc Naturel R\u00e9gional du Luberon se r\u00e9serve le droit de mettre \u00e0 jour la pr\u00e9sente r\u00e9glementation du site \u00e0 tout moment et invite d\u00e8s lors l&#8217;utilisateur \u00e0 visiter la pr\u00e9sente page lors de chaque consultation du site afin d&#8217;y prendre connaissance de ladite r\u00e9glementation.<\/p>\n<p><strong>Liens vers d&#8217;autres sites Internet<\/strong><br \/>\nCe Site peut renvoyer, par des liens hypertextes, \u00e0 diff\u00e9rents sites Internet exploit\u00e9s par d&#8217;autres organismes. Les liens hypertextes mis en place sur le Site peuvent ainsi conduire l&#8217;Utilisateur sur les sites Internet de ces organismes. Le Parc Naturel R\u00e9gional du Luberon n\u2019a pas \u00e0 v\u00e9rifier le contenu desdits sites et ne proc\u00e8dent donc \u00e0 aucun examen de ceux-ci. Ces sites n&#8217;\u00e9tant pas sous le contr\u00f4le du Parc Naturel R\u00e9gional du Luberon, cette derni\u00e8re ne saurait voir sa responsabilit\u00e9 engag\u00e9e quant \u00e0 l&#8217;exactitude du contenu de ces sites quelles que soient les formes prises par ceux-ci (logos, textes, images notamment) L&#8217;acc\u00e8s et l&#8217;utilisation de ces sites rel\u00e8vent de la seule responsabilit\u00e9 de l&#8217;Utilisateur.<\/p>\n<p><strong>Cookies<\/strong><br \/>\nLe Site utilise des Cookies. Les Cookies sont des petits fichiers qui sont d\u00e9pos\u00e9s sur l&#8217;ordinateur de l&#8217;Utilisateur dans le seul but de faciliter sa navigation sur le Site et de personnaliser le service qui lui est propos\u00e9.<\/p>\n<p>\u00c0 chaque connexion sur le Site, le\u00a0Parc Naturel R\u00e9gional du Luberon re\u00e7oit et enregistre certains types d&#8217;informations (par exemple: le type et la version du navigateur du Client, son syst\u00e8me d&#8217;exploitation et sa plate-forme, l&#8217;historique de ses commandes, les produits consult\u00e9s, les dates et heures de visite).<\/p>\n<p>Ils sont con\u00e7us pour \u00eatre utilis\u00e9s uniquement par le Parc Naturel R\u00e9gional du Luberon<\/p>\n<p>Pour b\u00e9n\u00e9ficier de l&#8217;ensemble des fonctionnalit\u00e9s du Site, il est donc pr\u00e9f\u00e9rable que l&#8217;Utilisateur param\u00e8tre son navigateur Internet (par exemple Explorer) pour que celui-ci accepte les Cookies.<\/p>\n<p>Toutefois, l&#8217;Utilisateur peut s&#8217;opposer \u00e0 l&#8217;enregistrement de ces Cookies. En effet, La plupart des navigateurs Internet indique comment refuser et d\u00e9sactiver les Cookies ou comment obtenir un message qui signalera \u00e0 l&#8217;Utilisateur l&#8217;envoi de Cookies.<\/p>\n<\/div>\n<\/div><div class=\"fusion-clearfix\"><\/div>\n\n\t\t\t\t\t<\/div>\n\t\t\t\t<\/div><\/div><\/div><\/p>\n","protected":false},"excerpt":{"rendered":"","protected":false},"author":1,"featured_media":2549,"parent":0,"menu_order":155,"comment_status":"closed","ping_status":"closed","template":"","meta":{"_acf_changed":false,"_seopress_robots_primary_cat":"","_seopress_titles_title":"","_seopress_titles_desc":"","_seopress_robots_index":"","_bbp_topic_count":0,"_bbp_reply_count":0,"_bbp_total_topic_count":0,"_bbp_total_reply_count":0,"_bbp_voice_count":0,"_bbp_anonymous_reply_count":0,"_bbp_topic_count_hidden":0,"_bbp_reply_count_hidden":0,"_bbp_forum_subforum_count":0,"footnotes":""},"class_list":["post-2541","page","type-page","status-publish","has-post-thumbnail","hentry"],"acf":[],"_links":{"self":[{"href":"https:\/\/www.parcduluberon.fr\/en\/wp-json\/wp\/v2\/pages\/2541","targetHints":{"allow":["GET"]}}],"collection":[{"href":"https:\/\/www.parcduluberon.fr\/en\/wp-json\/wp\/v2\/pages"}],"about":[{"href":"https:\/\/www.parcduluberon.fr\/en\/wp-json\/wp\/v2\/types\/page"}],"author":[{"embeddable":true,"href":"https:\/\/www.parcduluberon.fr\/en\/wp-json\/wp\/v2\/users\/1"}],"replies":[{"embeddable":true,"href":"https:\/\/www.parcduluberon.fr\/en\/wp-json\/wp\/v2\/comments?post=2541"}],"version-history":[{"count":8,"href":"https:\/\/www.parcduluberon.fr\/en\/wp-json\/wp\/v2\/pages\/2541\/revisions"}],"predecessor-version":[{"id":1807391,"href":"https:\/\/www.parcduluberon.fr\/en\/wp-json\/wp\/v2\/pages\/2541\/revisions\/1807391"}],"wp:featuredmedia":[{"embeddable":true,"href":"https:\/\/www.parcduluberon.fr\/en\/wp-json\/wp\/v2\/media\/2549"}],"wp:attachment":[{"href":"https:\/\/www.parcduluberon.fr\/en\/wp-json\/wp\/v2\/media?parent=2541"}],"curies":[{"name":"wp","href":"https:\/\/api.w.org\/{rel}","templated":true}]}}