{"id":21342,"date":"2021-05-06T14:31:22","date_gmt":"2021-05-06T13:31:22","guid":{"rendered":"https:\/\/www.parcduluberon.fr\/?page_id=21342"},"modified":"2021-05-06T14:31:22","modified_gmt":"2021-05-06T13:31:22","slug":"projets","status":"publish","type":"page","link":"https:\/\/www.parcduluberon.fr\/en\/luberon2039\/projets\/","title":{"rendered":"Th\u00e9matiques"},"content":{"rendered":"<div class=\"fusion-fullwidth fullwidth-box dmcn-header nonhundred-percent-fullwidth non-hundred-percent-height-scrolling\"  style='background-color: rgba(255,255,255,0);background-position: center center;background-repeat: no-repeat;padding-top:20px;padding-right:0px;padding-bottom:0px;padding-left:0px;'><div class=\"fusion-builder-row fusion-row \"><div  class=\"fusion-layout-column fusion_builder_column fusion_builder_column_1_1  fusion-one-full fusion-column-first fusion-column-last charte2039-logo fusion-column-inner-bg-wrapper 1_1\"  style='margin-top:0px;margin-bottom:0px;'>\n\t\t\t\t\t<div class=\"fusion-column-wrapper\" style=\"padding: 0px 0px 0px 0px;\" data-bg-url=\"\">\n\t\t\t\t\t\t<div class=\"fusion-text\"><p><img alt=\"\" loading=\"lazy\" decoding=\"async\" class=\"alignnone wp-image-15843\" src=\"https:\/\/www.parcduluberon.fr\/wp-content\/uploads\/2020\/01\/logo_revision_charte_2039-300x209.png\" alt=\"\" width=\"175\" height=\"122\" srcset=\"https:\/\/www.parcduluberon.fr\/wp-content\/uploads\/2020\/01\/logo_revision_charte_2039-200x140.png 200w, https:\/\/www.parcduluberon.fr\/wp-content\/uploads\/2020\/01\/logo_revision_charte_2039-300x209.png 300w, https:\/\/www.parcduluberon.fr\/wp-content\/uploads\/2020\/01\/logo_revision_charte_2039-400x279.png 400w, https:\/\/www.parcduluberon.fr\/wp-content\/uploads\/2020\/01\/logo_revision_charte_2039-600x419.png 600w, https:\/\/www.parcduluberon.fr\/wp-content\/uploads\/2020\/01\/logo_revision_charte_2039-768x536.png 768w, https:\/\/www.parcduluberon.fr\/wp-content\/uploads\/2020\/01\/logo_revision_charte_2039.png 798w\" sizes=\"auto, (max-width: 175px) 100vw, 175px\" \/><\/p>\n<\/div><div class=\"fusion-clearfix\"><\/div>\n\t\t\t\t\t<\/div>\n\t\t\t\t\t<span class=\"fusion-column-inner-bg hover-type-none\">\n\t\t\t\t\t\t<a href=\"https:\/\/www.parcduluberon.fr\/luberon2039\" aria-label=\"\">\n\t\t\t\t\t\t\t<span class=\"fusion-column-inner-bg-image\" style=\"background-position:left top;background-repeat:no-repeat;-webkit-background-size:cover;-moz-background-size:cover;-o-background-size:cover;background-size:cover;\"><\/span><\/a>\n\t\t\t\t\t<\/span>\n\t\t\t\t<\/div><div  class=\"fusion-layout-column fusion_builder_column fusion_builder_column_1_1  fusion-one-full fusion-column-first fusion-column-last fusion-spacing-no 1_1\"  style='margin-top:0px;margin-bottom:0px;'>\n\t\t\t\t\t<div class=\"fusion-column-wrapper\" style=\"padding: 0px 0px 0px 0px;background-position:left top;background-repeat:no-repeat;-webkit-background-size:cover;-moz-background-size:cover;-o-background-size:cover;background-size:cover;\"  data-bg-url=\"\">\n\t\t\t\t\t\t<div class=\"fusion-title title fusion-sep-none fusion-title-size-one dmcn-h1\" style=\"margin-top:0px;margin-bottom:0px;\"><h1 class=\"title-heading-left\"><p><strong>#Luberon2039 &#8211; Espace de contribution participative<br \/>\n<\/strong><\/p><\/h1><\/div><div class=\"fusion-title title fusion-sep-none fusion-title-size-two dmcn-h2\" style=\"margin-top:0px;margin-bottom:31px;\"><h2 class=\"title-heading-left\"><strong>Ensemble, pr\u00e9parons le territoire de demain !<\/strong><\/h2><\/div><div class=\"fusion-clearfix\"><\/div>\n\n\t\t\t\t\t<\/div>\n\t\t\t\t<\/div><div  class=\"fusion-layout-column fusion_builder_column fusion_builder_column_1_1  fusion-one-full fusion-column-first fusion-column-last 1_1\"  style='margin-top:0px;margin-bottom:30px;'>\n\t\t\t\t\t<div class=\"fusion-column-wrapper\" style=\"padding: 0px 0px 0px 0px;background-position:left top;background-repeat:no-repeat;-webkit-background-size:cover;-moz-background-size:cover;-o-background-size:cover;background-size:cover;\"  data-bg-url=\"\">\n\t\t\t\t\t\t<div class=\"fusion-text\"><p><strong>Apr\u00e8s une premi\u00e8re phase de consultation en ligne de novembre 2020 \u00e0 f\u00e9vrier 2021, le Parc du Luberon relance la plateforme num\u00e9rique de contribution citoyenne. Jusqu&#8217;au 17 mai, venez r\u00e9agir sur les d\u00e9fis Luberon2039 et proposez vos id\u00e9es d&#8217;actions pour 2024-2039 !<br \/>\n<\/strong><\/p>\n<p><strong>1 AMBITION + 6 D\u00c9FIS<\/strong><\/p>\n<p>Le 8 avril 2021, le comit\u00e9 syndical a valid\u00e9 l&#8217;ambition g\u00e9n\u00e9rale de la prochaine charte et les 6 grands d\u00e9fis \u00e0 relever \u00e0 l&#8217;horizon 2039, suite aux \u00e9tudes pr\u00e9alables et aux nombreuses contributions re\u00e7ues sur les enjeux du territoire aujourd&#8217;hui et pour demain.<\/p>\n<p><strong>La Charte du Parc 2024-2039 a pour ambition d\u2019anticiper les \u00e9volutions environnementales, soci\u00e9tales et climatiques afin de les att\u00e9nuer et\/ou de s\u2019y adapter, en mettant en place des solutions pour parvenir \u00e0 laisser \u00e0 nos enfants des patrimoines, des ressources et des outils leur permettant \u00e0 leur tour de transmettre un territoire pr\u00e9serv\u00e9, habit\u00e9 et dynamique.<\/strong><\/p>\n<p>En 2039, nous aurons r\u00e9ussi \u00e0 atteindre cette ambition si nous parvenons \u00e0 relever ensemble 6 grands d\u00e9fis :<\/p>\n<ul>\n<li>D\u00e9fi 1 : F\u00e9d\u00e9rer les femmes et les hommes pour faire territoire.<\/li>\n<li>D\u00e9fi 2 : Organiser le territoire pour faire de nos singularit\u00e9s un atout.<\/li>\n<li>D\u00e9fi 3 : Pr\u00e9server les biens communs afin d\u2019assurer l\u2019harmonie d\u2019un territoire vivant.<\/li>\n<li>D\u00e9fi 4 : Promouvoir un mode de d\u00e9veloppement \u00e9co-innovant valorisant les ressources et les talents locaux.<\/li>\n<li>D\u00e9fi 5 : G\u00e9n\u00e9raliser des modes de vie r\u00e9silients, sources de bien \u00eatre pour respirer mieux.<\/li>\n<li>D\u00e9fi 6 : \u00catre un passeur de relais pour transmettre les cultures du territoire.<\/li>\n<\/ul>\n<\/div><ul class=\"fusion-checklist fusion-checklist-1\" style=\"font-size:13px;line-height:22.1px;\"><li class=\"fusion-li-item\"><span style=\"background-color:#607d8b;font-size:11.44px;height:22.1px;width:22.1px;margin-right:9.1px;\" class=\"icon-wrapper circle-yes\"><i class=\"fusion-li-icon fa fa-arrow-right\" style=\"color:#ffffff;\"><\/i><\/span><div class=\"fusion-li-item-content\" style=\"margin-left:31.2px;\">\n<p><a href=\"https:\/\/www.parcduluberon.fr\/non-classifiee\/les-defis-luberon2039\/\" target=\"_blank\" rel=\"noopener\">Voir le d\u00e9tail des 6 d\u00e9fis<\/a><\/p>\n<\/div><\/li><\/ul><div class=\"fusion-clearfix\"><\/div>\n\n\t\t\t\t\t<\/div>\n\t\t\t\t<\/div><div  class=\"fusion-layout-column fusion_builder_column fusion_builder_column_1_1  fusion-one-full fusion-column-first fusion-column-last fusion-spacing-no 1_1\"  style='margin-top:0px;margin-bottom:0px;'>\n\t\t\t\t\t<div class=\"fusion-column-wrapper\" style=\"padding: 0px 0px 0px 0px;background-position:left top;background-repeat:no-repeat;-webkit-background-size:cover;-moz-background-size:cover;-o-background-size:cover;background-size:cover;\"  data-bg-url=\"\">\n\t\t\t\t\t\t<div class=\"fusion-column-content-centered\"><div class=\"fusion-column-content\"><div class=\"fusion-title title fusion-sep-none fusion-title-size-two luberon-actiontitre\" style=\"margin-top:0px;margin-bottom:31px;\"><h2 class=\"title-heading-left\"><p><strong>Nous attendons vos contributions sur les d\u00e9fis jusqu&#8217;au 17 mai !<br \/>\n<\/strong><\/p><\/h2><\/div><div class=\"fusion-text\"><p><strong>Jusqu&#8217;au 17 mai 2021,<\/strong> vous pouvez \u00e9mettre des propositions d&#8217;objectifs et\/ou d&#8217;actions pour chaque d\u00e9fi en vous inscrivant ci-dessous et en cliquant sur &#8220;Je contribue&#8221;.<\/p>\n<p>\u00c0 l&#8217;issue de cette nouvelle consultation, les \u00e9lus du Parc d\u00e9cideront du projet op\u00e9rationnel \u00e0 mettre en \u0153uvre. Une fois le projet de charte du Parc 2024-2039 valid\u00e9, il sera de nouveau soumis \u00e0 l\u2019ensemble des citoyens lors de l&#8217;enqu\u00eate publique en 2023.<\/p>\n<\/div><\/div><\/div><div class=\"fusion-clearfix\"><\/div>\n\n\t\t\t\t\t<\/div>\n\t\t\t\t<\/div><div  class=\"fusion-layout-column fusion_builder_column fusion_builder_column_1_1  fusion-one-full fusion-column-first fusion-column-last fusion-spacing-no 1_1\"  style='margin-top:0px;margin-bottom:0px;'>\n\t\t\t\t\t<div class=\"fusion-column-wrapper\" style=\"padding: 20px 0px 0px 0px;background-position:left top;background-repeat:no-repeat;-webkit-background-size:cover;-moz-background-size:cover;-o-background-size:cover;background-size:cover;\"  data-bg-url=\"\">\n\t\t\t\t\t\t<div class=\"fusion-column-content-centered\"><div class=\"fusion-column-content\"><div class=\"fusion-title title fusion-sep-none fusion-title-size-two luberon-actiontitre\" style=\"margin-top:0px;margin-bottom:31px;\"><h2 class=\"title-heading-left\"><p><strong>Qui peut participer ?<br \/>\n<\/strong><\/p><\/h2><\/div><div class=\"fusion-text\"><p>Tout le monde car tous les avis comptent !<\/p>\n<\/div><div class=\"fusion-builder-row fusion-builder-row-inner fusion-row \"><div  class=\"fusion-layout-column fusion_builder_column fusion_builder_column_1_2  fusion-one-half fusion-column-first luberon2039-btn-inscript 1_2\"  style='margin-top: 0px;margin-bottom: 0px;width:50%;width:calc(50% - ( ( 4% ) * 0.5 ) );margin-right:4%;'>\n\t\t\t\t\t<div class=\"fusion-column-wrapper\" style=\"padding: 0px 0px 0px 0px;background-position:left top;background-repeat:no-repeat;-webkit-background-size:cover;-moz-background-size:cover;-o-background-size:cover;background-size:cover;\"  data-bg-url=\"\">\n\t\t\t\t\t\t<div class=\"fusion-button-wrapper fusion-alignright\"><style type=\"text\/css\" scoped=\"scoped\">.fusion-button.button-1 .fusion-button-text, .fusion-button.button-1 i {color:#ffffff;}.fusion-button.button-1 {border-width:1px;border-color:#ffffff;}.fusion-button.button-1 .fusion-button-icon-divider{border-color:#ffffff;}.fusion-button.button-1:hover .fusion-button-text, .fusion-button.button-1:hover i,.fusion-button.button-1:focus .fusion-button-text, .fusion-button.button-1:focus i,.fusion-button.button-1:active .fusion-button-text, .fusion-button.button-1:active{color:#795666;}.fusion-button.button-1:hover, .fusion-button.button-1:focus, .fusion-button.button-1:active{border-width:1px;border-color:#795666;}.fusion-button.button-1:hover .fusion-button-icon-divider, .fusion-button.button-1:hover .fusion-button-icon-divider, .fusion-button.button-1:active .fusion-button-icon-divider{border-color:#795666;}.fusion-button.button-1{background: #795666;}.fusion-button.button-1:hover,.button-1:focus,.fusion-button.button-1:active{background: #ffffff;}.fusion-button.button-1{width:auto;}<\/style><a class=\"fusion-button button-flat fusion-button-round button-large button-custom button-1\" target=\"_self\" href=\"#\" data-toggle=\"modal\" data-target=\".fusion-modal.inscription\"><span class=\"fusion-button-text\">inscription<\/span><\/a><\/div><div class=\"fusion-button-wrapper fusion-alignright\"><style type=\"text\/css\" scoped=\"scoped\">.fusion-button.button-2 .fusion-button-text, .fusion-button.button-2 i {color:#ffffff;}.fusion-button.button-2 {border-width:1px;border-color:#ffffff;}.fusion-button.button-2 .fusion-button-icon-divider{border-color:#ffffff;}.fusion-button.button-2:hover .fusion-button-text, .fusion-button.button-2:hover i,.fusion-button.button-2:focus .fusion-button-text, .fusion-button.button-2:focus i,.fusion-button.button-2:active .fusion-button-text, .fusion-button.button-2:active{color:#795666;}.fusion-button.button-2:hover, .fusion-button.button-2:focus, .fusion-button.button-2:active{border-width:1px;border-color:#795666;}.fusion-button.button-2:hover .fusion-button-icon-divider, .fusion-button.button-2:hover .fusion-button-icon-divider, .fusion-button.button-2:active .fusion-button-icon-divider{border-color:#795666;}.fusion-button.button-2{background: #795666;}.fusion-button.button-2:hover,.button-2:focus,.fusion-button.button-2:active{background: #ffffff;}.fusion-button.button-2{width:auto;}<\/style><a class=\"fusion-button button-flat fusion-button-round button-large button-custom button-2 fusion-no-medium-visibility fusion-no-large-visibility\" target=\"_self\" href=\"#\" data-toggle=\"modal\" data-target=\".fusion-modal.connexion\"><span class=\"fusion-button-text\">connexion<\/span><\/a><\/div>\n\n\t\t\t\t\t<\/div>\n\t\t\t\t<\/div><div  class=\"fusion-layout-column fusion_builder_column fusion_builder_column_1_2  fusion-one-half fusion-column-last luberon2039-btn-connexion fusion-no-small-visibility 1_2\"  style='margin-top: 0px;margin-bottom: 0px;width:50%;width:calc(50% - ( ( 4% ) * 0.5 ) );'>\n\t\t\t\t\t<div class=\"fusion-column-wrapper\" style=\"padding: 0px 0px 0px 0px;background-position:left top;background-repeat:no-repeat;-webkit-background-size:cover;-moz-background-size:cover;-o-background-size:cover;background-size:cover;\"  data-bg-url=\"\">\n\t\t\t\t\t\t<div class=\"fusion-button-wrapper\"><style type=\"text\/css\" scoped=\"scoped\">.fusion-button.button-3 .fusion-button-text, .fusion-button.button-3 i {color:#ffffff;}.fusion-button.button-3 {border-width:1px;border-color:#ffffff;}.fusion-button.button-3 .fusion-button-icon-divider{border-color:#ffffff;}.fusion-button.button-3:hover .fusion-button-text, .fusion-button.button-3:hover i,.fusion-button.button-3:focus .fusion-button-text, .fusion-button.button-3:focus i,.fusion-button.button-3:active .fusion-button-text, .fusion-button.button-3:active{color:#795666;}.fusion-button.button-3:hover, .fusion-button.button-3:focus, .fusion-button.button-3:active{border-width:1px;border-color:#795666;}.fusion-button.button-3:hover .fusion-button-icon-divider, .fusion-button.button-3:hover .fusion-button-icon-divider, .fusion-button.button-3:active .fusion-button-icon-divider{border-color:#795666;}.fusion-button.button-3{background: #795666;}.fusion-button.button-3:hover,.button-3:focus,.fusion-button.button-3:active{background: #ffffff;}.fusion-button.button-3{width:auto;}<\/style><a class=\"fusion-button button-flat fusion-button-round button-large button-custom button-3 fusion-no-small-visibility\" target=\"_self\" href=\"#\" data-toggle=\"modal\" data-target=\".fusion-modal.connexion\"><span class=\"fusion-button-text\">connexion<\/span><\/a><\/div>\n\n\t\t\t\t\t<\/div>\n\t\t\t\t<\/div><\/div><div class=\"fusion-modal modal fade modal-1 connexion\" tabindex=\"-1\" role=\"dialog\" aria-labelledby=\"modal-heading-1\" aria-hidden=\"true\"><style type=\"text\/css\">.modal-1 .modal-header, .modal-1 .modal-footer{border-color:#ebebeb;}<\/style><div class=\"modal-dialog modal-lg\"><div class=\"modal-content fusion-modal-content\" style=\"background-color:#f6f6f6\"><div class=\"modal-header\"><button class=\"close\" type=\"button\" data-dismiss=\"modal\" aria-hidden=\"true\">&times;<\/button><h3 class=\"modal-title\" id=\"modal-heading-1\" data-dismiss=\"modal\" aria-hidden=\"true\">Connexion<\/h3><\/div><div class=\"modal-body\">\n<p>Afin de participer aux diff\u00e9rents projets&#8230;<\/p>\n[erforms_login]<\/div><\/div><\/div><\/div><div class=\"fusion-modal modal fade modal-2 inscription\" tabindex=\"-1\" role=\"dialog\" aria-labelledby=\"modal-heading-2\" aria-hidden=\"true\"><style type=\"text\/css\">.modal-2 .modal-header, .modal-2 .modal-footer{border-color:#ebebeb;}<\/style><div class=\"modal-dialog modal-lg\"><div class=\"modal-content fusion-modal-content\" style=\"background-color:#f6f6f6\"><div class=\"modal-header\"><button class=\"close\" type=\"button\" data-dismiss=\"modal\" aria-hidden=\"true\">&times;<\/button><h3 class=\"modal-title\" id=\"modal-heading-2\" data-dismiss=\"modal\" aria-hidden=\"true\">Inscription<\/h3><\/div><div class=\"modal-body\">\n<p>Merci de vous inscrire pour contribuer \u00e0 la r\u00e9vision de la charte du Parc du Luberon.<\/p>\n[erforms id=&#8221;18302&#8243;]<\/div><\/div><\/div><\/div><\/div><\/div><div class=\"fusion-clearfix\"><\/div>\n\n\t\t\t\t\t<\/div>\n\t\t\t\t<\/div><div  class=\"fusion-layout-column fusion_builder_column fusion_builder_column_1_1  fusion-one-full fusion-column-first fusion-column-last 1_1\"  style='margin-top:50px;margin-bottom:30px;'>\n\t\t\t\t\t<div class=\"fusion-column-wrapper\" style=\"padding: 0px 0px 0px 0px;background-position:left top;background-repeat:no-repeat;-webkit-background-size:cover;-moz-background-size:cover;-o-background-size:cover;background-size:cover;\"  data-bg-url=\"\">\n\t\t\t\t\t\t<div class=\"fusion-text\"><p>[projet_list]<\/p>\n<p>.<\/p>\n<\/div><div class=\"fusion-clearfix\"><\/div>\n\n\t\t\t\t\t<\/div>\n\t\t\t\t<\/div><div  class=\"fusion-layout-column fusion_builder_column fusion_builder_column_1_1  fusion-one-full fusion-column-first fusion-column-last fusion-spacing-no 1_1\"  style='margin-top:0px;margin-bottom:0px;'>\n\t\t\t\t\t<div class=\"fusion-column-wrapper\" style=\"padding: 0px 0px 0px 0px;background-position:left top;background-repeat:no-repeat;-webkit-background-size:cover;-moz-background-size:cover;-o-background-size:cover;background-size:cover;\"  data-bg-url=\"\">\n\t\t\t\t\t\t<div class=\"fusion-column-content-centered\"><div class=\"fusion-column-content\"><div class=\"fusion-title title fusion-sep-none fusion-title-size-two luberon-actiontitre\" style=\"margin-top:0px;margin-bottom:31px;\"><h2 class=\"title-heading-left\"><strong>Synth\u00e8se de la premi\u00e8re consultation de novembre 2020 \u00e0 f\u00e9vrier 2021<\/strong><\/h2><\/div><ul class=\"fusion-checklist fusion-checklist-2\" style=\"font-size:13px;line-height:22.1px;\"><li class=\"fusion-li-item\"><span style=\"background-color:#607d8b;font-size:11.44px;height:22.1px;width:22.1px;margin-right:9.1px;\" class=\"icon-wrapper circle-yes\"><i class=\"fusion-li-icon fa fa-check\" style=\"color:#ffffff;\"><\/i><\/span><div class=\"fusion-li-item-content\" style=\"margin-left:31.2px;\">\n<p><a href=\"https:\/\/www.parcduluberon.fr\/wp-content\/uploads\/2021\/05\/synthese_contributions_2020_2021.pdf\" target=\"_blank\" rel=\"noopener\">T\u00e9l\u00e9charger la synth\u00e8se<\/a><\/p>\n<\/div><\/li><\/ul><\/div><\/div><div class=\"fusion-clearfix\"><\/div>\n\n\t\t\t\t\t<\/div>\n\t\t\t\t<\/div><\/div><\/div>\n","protected":false},"excerpt":{"rendered":"","protected":false},"author":244,"featured_media":1854,"parent":18349,"menu_order":16,"comment_status":"closed","ping_status":"closed","template":"100-width.php","meta":{"_acf_changed":false,"_seopress_robots_primary_cat":"","_seopress_titles_title":"","_seopress_titles_desc":"","_seopress_robots_index":"","_bbp_topic_count":0,"_bbp_reply_count":0,"_bbp_total_topic_count":0,"_bbp_total_reply_count":0,"_bbp_voice_count":0,"_bbp_anonymous_reply_count":0,"_bbp_topic_count_hidden":0,"_bbp_reply_count_hidden":0,"_bbp_forum_subforum_count":0,"footnotes":""},"class_list":["post-21342","page","type-page","status-publish","has-post-thumbnail","hentry"],"acf":[],"_links":{"self":[{"href":"https:\/\/www.parcduluberon.fr\/en\/wp-json\/wp\/v2\/pages\/21342","targetHints":{"allow":["GET"]}}],"collection":[{"href":"https:\/\/www.parcduluberon.fr\/en\/wp-json\/wp\/v2\/pages"}],"about":[{"href":"https:\/\/www.parcduluberon.fr\/en\/wp-json\/wp\/v2\/types\/page"}],"author":[{"embeddable":true,"href":"https:\/\/www.parcduluberon.fr\/en\/wp-json\/wp\/v2\/users\/244"}],"replies":[{"embeddable":true,"href":"https:\/\/www.parcduluberon.fr\/en\/wp-json\/wp\/v2\/comments?post=21342"}],"version-history":[{"count":9,"href":"https:\/\/www.parcduluberon.fr\/en\/wp-json\/wp\/v2\/pages\/21342\/revisions"}],"predecessor-version":[{"id":21479,"href":"https:\/\/www.parcduluberon.fr\/en\/wp-json\/wp\/v2\/pages\/21342\/revisions\/21479"}],"up":[{"embeddable":true,"href":"https:\/\/www.parcduluberon.fr\/en\/wp-json\/wp\/v2\/pages\/18349"}],"wp:featuredmedia":[{"embeddable":true,"href":"https:\/\/www.parcduluberon.fr\/en\/wp-json\/wp\/v2\/media\/1854"}],"wp:attachment":[{"href":"https:\/\/www.parcduluberon.fr\/en\/wp-json\/wp\/v2\/media?parent=21342"}],"curies":[{"name":"wp","href":"https:\/\/api.w.org\/{rel}","templated":true}]}}