{"id":2040,"date":"2017-01-31T10:26:33","date_gmt":"2017-01-31T09:26:33","guid":{"rendered":"https:\/\/www.parcduluberon.fr\/?page_id=2040\/"},"modified":"2024-12-02T17:33:05","modified_gmt":"2024-12-02T16:33:05","slug":"je-participe-avec-le-parc","status":"publish","type":"page","link":"https:\/\/www.parcduluberon.fr\/en\/les-patrimoines\/je-participe-avec-le-parc\/","title":{"rendered":"Je participe avec le Parc"},"content":{"rendered":"<p><div class=\"fusion-fullwidth fullwidth-box introduction nonhundred-percent-fullwidth non-hundred-percent-height-scrolling\"  style='background-color: rgba(255,255,255,0);background-position: center center;background-repeat: no-repeat;padding-top:20px;padding-right:0px;padding-bottom:20px;padding-left:0px;'><div class=\"fusion-builder-row fusion-row \"><div  class=\"fusion-layout-column fusion_builder_column fusion_builder_column_1_1  fusion-one-full fusion-column-first fusion-column-last 1_1\"  style='margin-top:0px;margin-bottom:0px;'>\n\t\t\t\t\t<div class=\"fusion-column-wrapper\" style=\"padding: 0px 0px 0px 0px;background-position:left top;background-repeat:no-repeat;-webkit-background-size:cover;-moz-background-size:cover;-o-background-size:cover;background-size:cover;\"  data-bg-url=\"\">\n\t\t\t\t\t\t<div class=\"fusion-title title fusion-sep-none fusion-title-size-one\" style=\"margin-top:0px;margin-bottom:31px;\"><h1 class=\"title-heading-left\">JE PARTICIPE AVEC LE PARC<\/h1><\/div><div class=\"fusion-text\"><p>Vous souhaitez participer \u00e0 une action de d\u00e9veloppement durable sur le territoire du Luberon ? Participer \u00e0 l\u2019inventaire d\u2019esp\u00e8ces dans le Parc du Luberon ? Partager la beaut\u00e9 des paysages et votre amour pour ce territoire ? Cette rubrique est faite pour vous ! Vous y trouverez des propositions pour agir aux c\u00f4t\u00e9s du Parc pour une meilleure connaissance de nos patrimoines et des richesses du Luberon.<\/p>\n<p>Photo du bandeau : Analyse de la flore pr\u00e9sente dans une prairie fleurie (David Tatin).<\/p>\n<\/div><div class=\"fusion-clearfix\"><\/div>\n\n\t\t\t\t\t<\/div>\n\t\t\t\t<\/div><\/div><\/div><div class=\"fusion-fullwidth fullwidth-box nonhundred-percent-fullwidth non-hundred-percent-height-scrolling\"  style='background-color: rgba(255,255,255,0);background-position: center center;background-repeat: no-repeat;padding-top:20px;padding-right:0px;padding-bottom:80px;padding-left:0px;'><div class=\"fusion-builder-row fusion-row \"><div  class=\"fusion-layout-column fusion_builder_column fusion_builder_column_1_1  fusion-one-full fusion-column-first fusion-column-last 1_1\"  style='margin-top:0px;margin-bottom:0px;'>\n\t\t\t\t\t<div class=\"fusion-column-wrapper\" style=\"padding: 0px 0px 0px 0px;background-position:left top;background-repeat:no-repeat;-webkit-background-size:cover;-moz-background-size:cover;-o-background-size:cover;background-size:cover;\"  data-bg-url=\"\">\n\t\t\t\t\t\t<div class=\"fusion-text\"><\/div><div class=\"fusion-clearfix\"><\/div>\n\n\t\t\t\t\t<\/div>\n\t\t\t\t<\/div><\/div><\/div><div class=\"fusion-fullwidth fullwidth-box nonhundred-percent-fullwidth non-hundred-percent-height-scrolling\"  style='background-color: rgba(255,255,255,0);background-position: center center;background-repeat: no-repeat;padding-top:20px;padding-right:0px;padding-bottom:20px;padding-left:0px;'><div class=\"fusion-builder-row fusion-row \"><div  class=\"fusion-layout-column fusion_builder_column fusion_builder_column_1_1  fusion-one-full fusion-column-first fusion-column-last 1_1\"  style='margin-top:0px;margin-bottom:0px;'>\n\t\t\t\t\t<div class=\"fusion-column-wrapper\" style=\"padding: 0px 0px 0px 0px;background-position:left top;background-repeat:no-repeat;-webkit-background-size:cover;-moz-background-size:cover;-o-background-size:cover;background-size:cover;\"  data-bg-url=\"\">\n\t\t\t\t\t\t<div class=\"fusion-title title fusion-sep-none fusion-title-size-three\" style=\"margin-top:0px;margin-bottom:31px;\"><h3 class=\"title-heading-left\">\u2014 Consultez toutes les rubriques<\/h3><\/div><div class=\"fusion-text\"><div id=\"wp-posts-carousel-1796946715\" class=\"compact-theme wp-posts-carousel owl-carousel\"><div class=\"wp-posts-carousel-slide slides-4\"><div class=\"wp-posts-carousel-container\"><div class=\"wp-posts-carousel-image\"><a href=\"https:\/\/www.parcduluberon.fr\/en\/nos-actions\/changement-climatique\/\" title=\"Read more Anticiper le changement climatique\"><img decoding=\"async\" alt=\"Anticiper le changement climatique\" style=\"max-width:100%;max-height:100%\" src=\"https:\/\/www.parcduluberon.fr\/wp-content\/uploads\/2021\/12\/assec_calavon_c_pnrl-150x150.jpg\"><\/a><\/div><div class=\"wp-posts-carousel-details\"><h3 class=\"wp-posts-carousel-title\"><a href=\"https:\/\/www.parcduluberon.fr\/en\/nos-actions\/changement-climatique\/\" title=\"Anticiper le changement climatique\">Anticiper le changement climatique<\/a><\/h3><p class=\"wp-posts-carousel-created-date\">21\/12\/2021<\/p><p class=\"wp-posts-carousel-categories\"><a href=\"https:\/\/www.parcduluberon.fr\/en\/category\/nos-actions\/transition-energetique\/\" title=\"View all items in Transition \u00e9nerg\u00e9tique\">Transition \u00e9nerg\u00e9tique<\/a> <a href=\"https:\/\/www.parcduluberon.fr\/en\/category\/cat-n1-n2\/pages-r3-n2\/\" title=\"View all items in Pages R3-N2\">Pages R3-N2<\/a> <a href=\"https:\/\/www.parcduluberon.fr\/en\/category\/nos-actions\/\" title=\"View all items in Nos actions\">Nos actions<\/a> <\/p><p class=\"wp-posts-carousel-buttons\"><p><\/div><\/div><\/div><div class=\"wp-posts-carousel-slide slides-4\"><div class=\"wp-posts-carousel-container\"><div class=\"wp-posts-carousel-image\"><a href=\"https:\/\/www.parcduluberon.fr\/en\/nos-actions\/chateau-de-lenvironnement\/\" title=\"Read more Ch\u00e2teau de l'environnement\"><img decoding=\"async\" alt=\"Ch\u00e2teau de l'environnement\" style=\"max-width:100%;max-height:100%\" src=\"https:\/\/www.parcduluberon.fr\/wp-content\/uploads\/2023\/02\/BAN_R3_chateau_c_pnrl_matthieu_camps-150x150.jpg\"><\/a><\/div><div class=\"wp-posts-carousel-details\"><h3 class=\"wp-posts-carousel-title\"><a href=\"https:\/\/www.parcduluberon.fr\/en\/nos-actions\/chateau-de-lenvironnement\/\" title=\"Ch\u00e2teau de l'environnement\">Ch\u00e2teau de l'environnement<\/a><\/h3><p class=\"wp-posts-carousel-created-date\">09\/02\/2023<\/p><p class=\"wp-posts-carousel-categories\"><a href=\"https:\/\/www.parcduluberon.fr\/en\/category\/nos-actions\/\" title=\"View all items in Nos actions\">Nos actions<\/a> <\/p><p class=\"wp-posts-carousel-buttons\"><p><\/div><\/div><\/div><div class=\"wp-posts-carousel-slide slides-4\"><div class=\"wp-posts-carousel-container\"><div class=\"wp-posts-carousel-image\"><a href=\"https:\/\/www.parcduluberon.fr\/en\/a-voir-a-faire\/geste-juste\/\" title=\"Read more Le geste juste\"><img decoding=\"async\" alt=\"Le geste juste\" style=\"max-width:100%;max-height:100%\" src=\"https:\/\/www.parcduluberon.fr\/wp-content\/uploads\/2017\/07\/BAN_R2_geologie_c_david_tatin-150x150.jpg\"><\/a><\/div><div class=\"wp-posts-carousel-details\"><h3 class=\"wp-posts-carousel-title\"><a href=\"https:\/\/www.parcduluberon.fr\/en\/a-voir-a-faire\/geste-juste\/\" title=\"Le geste juste\">Le geste juste<\/a><\/h3><p class=\"wp-posts-carousel-created-date\">05\/05\/2023<\/p><p class=\"wp-posts-carousel-buttons\"><p><\/div><\/div><\/div><div class=\"wp-posts-carousel-slide slides-4\"><div class=\"wp-posts-carousel-container\"><div class=\"wp-posts-carousel-image\"><a href=\"https:\/\/www.parcduluberon.fr\/en\/nos-actions\/qualite-vie\/\" title=\"Read more Qualit\u00e9 de vie\"><img decoding=\"async\" alt=\"Qualit\u00e9 de vie\" style=\"max-width:100%;max-height:100%\" src=\"https:\/\/www.parcduluberon.fr\/wp-content\/uploads\/2017\/02\/BAN_R1_institution_c_David-Tatin-150x150.jpg\"><\/a><\/div><div class=\"wp-posts-carousel-details\"><h3 class=\"wp-posts-carousel-title\"><a href=\"https:\/\/www.parcduluberon.fr\/en\/nos-actions\/qualite-vie\/\" title=\"Qualit\u00e9 de vie\">Qualit\u00e9 de vie<\/a><\/h3><p class=\"wp-posts-carousel-created-date\">07\/09\/2023<\/p><p class=\"wp-posts-carousel-buttons\"><p><\/div><\/div><\/div><div class=\"wp-posts-carousel-slide slides-4\"><div class=\"wp-posts-carousel-container\"><div class=\"wp-posts-carousel-image\"><a href=\"https:\/\/www.parcduluberon.fr\/en\/nos-actions\/paysage-urbanisme-architecture\/urbanisme\/\" title=\"Read more Urbanisme\"><img decoding=\"async\" alt=\"Urbanisme\" style=\"max-width:100%;max-height:100%\" src=\"https:\/\/www.parcduluberon.fr\/wp-content\/uploads\/2023\/09\/BAN_R3_urbanisme_c_pnrl_clara_peltierjpg-150x150.jpg\"><\/a><\/div><div class=\"wp-posts-carousel-details\"><h3 class=\"wp-posts-carousel-title\"><a href=\"https:\/\/www.parcduluberon.fr\/en\/nos-actions\/paysage-urbanisme-architecture\/urbanisme\/\" title=\"Urbanisme\">Urbanisme<\/a><\/h3><p class=\"wp-posts-carousel-created-date\">07\/09\/2023<\/p><p class=\"wp-posts-carousel-buttons\"><p><\/div><\/div><\/div><div class=\"wp-posts-carousel-slide slides-4\"><div class=\"wp-posts-carousel-container\"><div class=\"wp-posts-carousel-image\"><a href=\"https:\/\/www.parcduluberon.fr\/en\/nos-actions\/milieux-naturels-biodiversite\/abc\/\" title=\"Read more ABC du Parc\"><img decoding=\"async\" alt=\"ABC du Parc\" style=\"max-width:100%;max-height:100%\" src=\"https:\/\/www.parcduluberon.fr\/wp-content\/uploads\/2023\/11\/slider_abc-150x150.jpg\"><\/a><\/div><div class=\"wp-posts-carousel-details\"><h3 class=\"wp-posts-carousel-title\"><a href=\"https:\/\/www.parcduluberon.fr\/en\/nos-actions\/milieux-naturels-biodiversite\/abc\/\" title=\"ABC du Parc\">ABC du Parc<\/a><\/h3><p class=\"wp-posts-carousel-created-date\">07\/12\/2023<\/p><p class=\"wp-posts-carousel-buttons\"><p><\/div><\/div><\/div><div class=\"wp-posts-carousel-slide slides-4\"><div class=\"wp-posts-carousel-container\"><div class=\"wp-posts-carousel-image\"><a href=\"https:\/\/www.parcduluberon.fr\/en\/les-patrimoines\/paysages\/\" title=\"Read more Paysages\"><img decoding=\"async\" alt=\"Paysages\" style=\"max-width:100%;max-height:100%\" src=\"https:\/\/www.parcduluberon.fr\/wp-content\/uploads\/2017\/01\/BAN_R1_territoire2_c_David-Tatin-150x150.jpg\"><\/a><\/div><div class=\"wp-posts-carousel-details\"><h3 class=\"wp-posts-carousel-title\"><a href=\"https:\/\/www.parcduluberon.fr\/en\/les-patrimoines\/paysages\/\" title=\"Paysages\">Paysages<\/a><\/h3><p class=\"wp-posts-carousel-created-date\">21\/08\/2024<\/p><p class=\"wp-posts-carousel-buttons\"><p><\/div><\/div><\/div><div class=\"wp-posts-carousel-slide slides-4\"><div class=\"wp-posts-carousel-container\"><div class=\"wp-posts-carousel-image\"><a href=\"https:\/\/www.parcduluberon.fr\/en\/nos-actions\/transition-energetique-2\/plan-paysage-transition-energetique\/\" title=\"Read more Plan de paysage Transition \u00e9nerg\u00e9tique et \u00e9cologique\"><img decoding=\"async\" alt=\"Plan de paysage Transition \u00e9nerg\u00e9tique et \u00e9cologique\" style=\"max-width:100%;max-height:100%\" src=\"https:\/\/www.parcduluberon.fr\/wp-content\/uploads\/2025\/06\/BAN_R3_pptee-150x150.jpg\"><\/a><\/div><div class=\"wp-posts-carousel-details\"><h3 class=\"wp-posts-carousel-title\"><a href=\"https:\/\/www.parcduluberon.fr\/en\/nos-actions\/transition-energetique-2\/plan-paysage-transition-energetique\/\" title=\"Plan de paysage Transition \u00e9nerg\u00e9tique et \u00e9cologique\">Plan de paysage Transition \u00e9nerg\u00e9tique et \u00e9cologique<\/a><\/h3><p class=\"wp-posts-carousel-created-date\">20\/06\/2025<\/p><p class=\"wp-posts-carousel-buttons\"><p><\/div><\/div><\/div><div class=\"wp-posts-carousel-slide slides-4\"><div class=\"wp-posts-carousel-container\"><div class=\"wp-posts-carousel-image\"><a href=\"https:\/\/www.parcduluberon.fr\/en\/les-patrimoines\/patrimoine-culturel\/patrimoine-rural\/\" title=\"Read more Patrimoine rural\"><img decoding=\"async\" alt=\"Patrimoine rural\" style=\"max-width:100%;max-height:100%\" src=\"https:\/\/www.parcduluberon.fr\/wp-content\/uploads\/2016\/10\/chapelle_sainte_agathe_saint_maime_dauphin_2013_c_pnrl_jeremie_haye-150x150.jpg\"><\/a><\/div><div class=\"wp-posts-carousel-details\"><h3 class=\"wp-posts-carousel-title\"><a href=\"https:\/\/www.parcduluberon.fr\/en\/les-patrimoines\/patrimoine-culturel\/patrimoine-rural\/\" title=\"Patrimoine rural\">Patrimoine rural<\/a><\/h3><p class=\"wp-posts-carousel-created-date\">10\/07\/2025<\/p><p class=\"wp-posts-carousel-buttons\"><p><\/div><\/div><\/div><div class=\"wp-posts-carousel-slide slides-4\"><div class=\"wp-posts-carousel-container\"><div class=\"wp-posts-carousel-image\"><a href=\"https:\/\/www.parcduluberon.fr\/en\/nos-actions\/milieux-naturels-biodiversite\/gestion-sites-naturels\/\" title=\"Read more Gestion de sites naturels\"><img decoding=\"async\" alt=\"Gestion de sites naturels\" style=\"max-width:100%;max-height:100%\" src=\"https:\/\/www.parcduluberon.fr\/wp-content\/uploads\/2025\/08\/BAN_R3_ens_pnrl_brichard-150x150.jpg\"><\/a><\/div><div class=\"wp-posts-carousel-details\"><h3 class=\"wp-posts-carousel-title\"><a href=\"https:\/\/www.parcduluberon.fr\/en\/nos-actions\/milieux-naturels-biodiversite\/gestion-sites-naturels\/\" title=\"Gestion de sites naturels\">Gestion de sites naturels<\/a><\/h3><p class=\"wp-posts-carousel-created-date\">11\/08\/2025<\/p><p class=\"wp-posts-carousel-buttons\"><p><\/div><\/div><\/div><\/div><script type=\"text\/javascript\">\n                    jQuery(window).load(function(e) {\n                        var wpPostsCarousel1796946715 = jQuery(\"#wp-posts-carousel-1796946715\");\n                        wpPostsCarousel1796946715.owlCarousel({\n                            loop: true,\n                            nav: true,\n                            navSpeed: 800,\n                            dots: true,\n                            dotsSpeed: 800,\n                            lazyLoad: false,\n                            autoplay: true,\n                            autoplayHoverPause: true,\n                            autoplayTimeout: 1200,\n                            autoplaySpeed:  800,\n                            margin: 5,\n                            stagePadding: 0,\n                            freeDrag: false,\n                            mouseDrag: true,\n                            touchDrag: true,\n                            slideBy: 1,\n                            fallbackEasing: \"linear\",\n                            responsiveClass: true,\n                            navText: [ \" Actualit\u00e9 pr\u00e9c\u00e9dente \", \" Actualit\u00e9 suivante \" ],\n                            responsive:{\n                                0:{items: 1},\n                                600:{items: 2},\n                                1000:{items: 4}\n                                \n                            },\n                            autoHeight: true\n                        });\n                        wpPostsCarousel1796946715.on(\"mousewheel\", \".owl-stage\", function(e) {\n                if (e.deltaY > 0) {\n                    wpPostsCarousel1796946715.trigger(\"next.owl\");\n                } else {\n                    wpPostsCarousel1796946715.trigger(\"prev.owl\");\n                }\n                e.preventDefault();\n            });\n                    });\n                <\/script>\n<\/div><div class=\"fusion-clearfix\"><\/div>\n\n\t\t\t\t\t<\/div>\n\t\t\t\t<\/div><\/div><\/div><\/p>\n","protected":false},"excerpt":{"rendered":"","protected":false},"author":1,"featured_media":1902,"parent":2009,"menu_order":165,"comment_status":"closed","ping_status":"closed","template":"","meta":{"_acf_changed":false,"_seopress_robots_primary_cat":"","_seopress_titles_title":"","_seopress_titles_desc":"","_seopress_robots_index":"","_bbp_topic_count":0,"_bbp_reply_count":0,"_bbp_total_topic_count":0,"_bbp_total_reply_count":0,"_bbp_voice_count":0,"_bbp_anonymous_reply_count":0,"_bbp_topic_count_hidden":0,"_bbp_reply_count_hidden":0,"_bbp_forum_subforum_count":0,"footnotes":""},"class_list":["post-2040","page","type-page","status-publish","has-post-thumbnail","hentry"],"acf":[],"_links":{"self":[{"href":"https:\/\/www.parcduluberon.fr\/en\/wp-json\/wp\/v2\/pages\/2040","targetHints":{"allow":["GET"]}}],"collection":[{"href":"https:\/\/www.parcduluberon.fr\/en\/wp-json\/wp\/v2\/pages"}],"about":[{"href":"https:\/\/www.parcduluberon.fr\/en\/wp-json\/wp\/v2\/types\/page"}],"author":[{"embeddable":true,"href":"https:\/\/www.parcduluberon.fr\/en\/wp-json\/wp\/v2\/users\/1"}],"replies":[{"embeddable":true,"href":"https:\/\/www.parcduluberon.fr\/en\/wp-json\/wp\/v2\/comments?post=2040"}],"version-history":[{"count":2,"href":"https:\/\/www.parcduluberon.fr\/en\/wp-json\/wp\/v2\/pages\/2040\/revisions"}],"predecessor-version":[{"id":3447711,"href":"https:\/\/www.parcduluberon.fr\/en\/wp-json\/wp\/v2\/pages\/2040\/revisions\/3447711"}],"up":[{"embeddable":true,"href":"https:\/\/www.parcduluberon.fr\/en\/wp-json\/wp\/v2\/pages\/2009"}],"wp:featuredmedia":[{"embeddable":true,"href":"https:\/\/www.parcduluberon.fr\/en\/wp-json\/wp\/v2\/media\/1902"}],"wp:attachment":[{"href":"https:\/\/www.parcduluberon.fr\/en\/wp-json\/wp\/v2\/media?parent=2040"}],"curies":[{"name":"wp","href":"https:\/\/api.w.org\/{rel}","templated":true}]}}