{"id":18871,"date":"2020-10-08T14:19:20","date_gmt":"2020-10-08T13:19:20","guid":{"rendered":"https:\/\/www.parcduluberon.fr\/?page_id=18871"},"modified":"2020-11-20T18:30:40","modified_gmt":"2020-11-20T17:30:40","slug":"luberon-2039-parole-aux-jeunes","status":"publish","type":"page","link":"https:\/\/www.parcduluberon.fr\/en\/luberon2039\/luberon-2039-parole-aux-jeunes\/","title":{"rendered":"Luberon 2039 &#8211; La parole est aux jeunes"},"content":{"rendered":"<p><div class=\"fusion-fullwidth fullwidth-box dmcn-header nonhundred-percent-fullwidth non-hundred-percent-height-scrolling\"  style='background-color: rgba(255,255,255,0);background-position: center center;background-repeat: no-repeat;padding-top:20px;padding-right:0px;padding-bottom:0px;padding-left:0px;'><div class=\"fusion-builder-row fusion-row \"><div  class=\"fusion-layout-column fusion_builder_column fusion_builder_column_1_1  fusion-one-full fusion-column-first fusion-column-last charte2039-logo fusion-column-inner-bg-wrapper 1_1\"  style='margin-top:0px;margin-bottom:0px;'>\n\t\t\t\t\t<div class=\"fusion-column-wrapper\" style=\"padding: 0px 0px 0px 0px;\" data-bg-url=\"\">\n\t\t\t\t\t\t<div class=\"fusion-text\"><p><img alt=\"\" loading=\"lazy\" decoding=\"async\" class=\"alignnone wp-image-15843\" src=\"https:\/\/www.parcduluberon.fr\/wp-content\/uploads\/2020\/01\/logo_revision_charte_2039-300x209.png\" alt=\"\" width=\"175\" height=\"122\" srcset=\"https:\/\/www.parcduluberon.fr\/wp-content\/uploads\/2020\/01\/logo_revision_charte_2039-200x140.png 200w, https:\/\/www.parcduluberon.fr\/wp-content\/uploads\/2020\/01\/logo_revision_charte_2039-300x209.png 300w, https:\/\/www.parcduluberon.fr\/wp-content\/uploads\/2020\/01\/logo_revision_charte_2039-400x279.png 400w, https:\/\/www.parcduluberon.fr\/wp-content\/uploads\/2020\/01\/logo_revision_charte_2039-600x419.png 600w, https:\/\/www.parcduluberon.fr\/wp-content\/uploads\/2020\/01\/logo_revision_charte_2039-768x536.png 768w, https:\/\/www.parcduluberon.fr\/wp-content\/uploads\/2020\/01\/logo_revision_charte_2039.png 798w\" sizes=\"auto, (max-width: 175px) 100vw, 175px\" \/><\/p>\n<\/div><div class=\"fusion-clearfix\"><\/div>\n\t\t\t\t\t<\/div>\n\t\t\t\t\t<span class=\"fusion-column-inner-bg hover-type-none\">\n\t\t\t\t\t\t<a href=\"https:\/\/www.parcduluberon.fr\/luberon2039\" aria-label=\"\">\n\t\t\t\t\t\t\t<span class=\"fusion-column-inner-bg-image\" style=\"background-position:left top;background-repeat:no-repeat;-webkit-background-size:cover;-moz-background-size:cover;-o-background-size:cover;background-size:cover;\"><\/span><\/a>\n\t\t\t\t\t<\/span>\n\t\t\t\t<\/div><div  class=\"fusion-layout-column fusion_builder_column fusion_builder_column_1_1  fusion-one-full fusion-column-first fusion-column-last 1_1\"  style='margin-top:0px;margin-bottom:0px;'>\n\t\t\t\t\t<div class=\"fusion-column-wrapper\" style=\"padding: 0px 0px 0px 0px;background-position:left top;background-repeat:no-repeat;-webkit-background-size:cover;-moz-background-size:cover;-o-background-size:cover;background-size:cover;\"  data-bg-url=\"\">\n\t\t\t\t\t\t<div class=\"fusion-title title fusion-sep-none fusion-title-size-one dmcn-h1\" style=\"margin-top:0px;margin-bottom:0px;\"><h1 class=\"title-heading-left\"><strong>La parole est aux jeunes<\/strong><\/h1><\/div><div class=\"fusion-title title fusion-sep-none fusion-title-size-two dmcn-h2\" style=\"margin-top:0px;margin-bottom:31px;\"><h2 class=\"title-heading-left\"><strong>OSONS EXPRIMER VOS REVES D\u2019AVENIR <\/strong><\/h2><\/div><div class=\"fusion-clearfix\"><\/div>\n\n\t\t\t\t\t<\/div>\n\t\t\t\t<\/div><div  class=\"fusion-layout-column fusion_builder_column fusion_builder_column_1_1  fusion-one-full fusion-column-first fusion-column-last 1_1\"  style='margin-top:0px;margin-bottom:30px;'>\n\t\t\t\t\t<div class=\"fusion-column-wrapper\" style=\"padding: 0px 0px 0px 0px;background-position:left top;background-repeat:no-repeat;-webkit-background-size:cover;-moz-background-size:cover;-o-background-size:cover;background-size:cover;\"  data-bg-url=\"\">\n\t\t\t\t\t\t<div class=\"fusion-text\"><blockquote>\n<p style=\"text-align: center; font-size: 26px;\">&#8220;La Terre ne nous appartient pas, nous l\u2019empruntons \u00e0 nos enfants&#8221;<\/p>\n<\/blockquote>\n<p>Vous avez envie de changer les choses\u00a0? L\u2019\u00e9tat de la plan\u00e8te vous pr\u00e9occupe\u00a0? L\u2019esprit du d\u00e9veloppement durable est de \u00ab\u00a0Penser global, agir local\u00a0\u00bb.<\/p>\n<p>Vous habitez au sein d\u2019un Parc naturel r\u00e9gional, celui du Luberon, c\u2019est dire qu\u2019une grande attention est port\u00e9e \u00e0 l\u2019environnement, au bien vivre et \u00e0 la transmission des patrimoines. Mais toi, <em>enfants du pays <\/em>comme on dit, jeune ado ou jeune adulte, comment te vois-tu dans 20 ans\u00a0?<\/p>\n<p>Allons-nous dans la bonne direction\u00a0? as-tu des choses \u00e0 dire, \u00e0 montrer\u00a0? nous t\u2019\u00e9coutons\u2026<\/p>\n<\/div><div class=\"fusion-button-wrapper\"><style type=\"text\/css\" scoped=\"scoped\">.fusion-button.button-1 .fusion-button-text, .fusion-button.button-1 i {color:#ffffff;}.fusion-button.button-1 {border-width:1px;border-color:#ffffff;}.fusion-button.button-1 .fusion-button-icon-divider{border-color:#ffffff;}.fusion-button.button-1:hover .fusion-button-text, .fusion-button.button-1:hover i,.fusion-button.button-1:focus .fusion-button-text, .fusion-button.button-1:focus i,.fusion-button.button-1:active .fusion-button-text, .fusion-button.button-1:active{color:#795666;}.fusion-button.button-1:hover, .fusion-button.button-1:focus, .fusion-button.button-1:active{border-width:1px;border-color:#795666;}.fusion-button.button-1:hover .fusion-button-icon-divider, .fusion-button.button-1:hover .fusion-button-icon-divider, .fusion-button.button-1:active .fusion-button-icon-divider{border-color:#795666;}.fusion-button.button-1{background: #795666;}.fusion-button.button-1:hover,.button-1:focus,.fusion-button.button-1:active{background: #ffffff;}.fusion-button.button-1{width:auto;}<\/style><a class=\"fusion-button button-flat fusion-button-round button-large button-custom button-1\" target=\"_self\" href=\"https:\/\/www.parcduluberon.fr\/luberon2039\/luberon-2039-espace-de-contribution\/\"><span class=\"fusion-button-text\">Je d\u00e9pose mon id\u00e9e<\/span><\/a><\/div><div class=\"fusion-clearfix\"><\/div>\n\n\t\t\t\t\t<\/div>\n\t\t\t\t<\/div><\/div><\/div><div class=\"fusion-fullwidth fullwidth-box dmcn-header nonhundred-percent-fullwidth non-hundred-percent-height-scrolling fusion-equal-height-columns\"  style='background-color: rgba(255,255,255,0);background-position: center center;background-repeat: no-repeat;padding-top:0px;padding-right:0px;padding-bottom:0px;padding-left:0px;'><div class=\"fusion-builder-row fusion-row \"><div  class=\"fusion-layout-column fusion_builder_column fusion_builder_column_1_1  fusion-one-full fusion-column-first fusion-column-last 1_1\"  style='margin-top:0px;margin-bottom:0px;'>\n\t\t\t\t\t<div class=\"fusion-column-wrapper\" style=\"padding: 40px 0px 0px 0px;background-position:left top;background-repeat:no-repeat;-webkit-background-size:cover;-moz-background-size:cover;-o-background-size:cover;background-size:cover;\"  data-bg-url=\"\">\n\t\t\t\t\t\t<div class=\"fusion-recent-posts avada-container layout-thumbnails-on-side layout-columns-1 pnrl-actualite charte2039-recentpost\"><section class=\"fusion-columns columns fusion-columns-1 columns-1\"><div class=\"fusion-column column col col-lg-12 col-md-12 col-sm-12\"><div class=\"fusion-flexslider flexslider floated-slideshow flexslider-hover-type-none\"><ul class=\"slides\"><li><a href=\"https:\/\/www.parcduluberon.fr\/en\/le-parc\/geoparc-du-luberon\/geoparcs-toutes-lettres\/\" class=\"hover-type-none\" aria-label=\"G\u00e9oparcs en toutes lettres\"><img decoding=\"async\" src=\"https:\/\/www.parcduluberon.fr\/wp-content\/uploads\/2017\/05\/BAN_cadenet_c_pnrl_stephane_legal-565x200.jpg\" alt=\"\" \/><\/a><\/li><\/ul><\/div><div class=\"recent-posts-content\">\n\t\t\t\n\t\t\t\t\t\t\t<span class=\"vcard\" style=\"display: none;\">\n\t\t\t\t\t<span class=\"fn\">\n\t\t\t\t\t\t<a href=\"https:\/\/www.parcduluberon.fr\/en\/author\/louis-s\/\" title=\"Posts by Solgne Louis\" rel=\"author\">Solgne Louis<\/a>\t\t\t\t\t<\/span>\n\t\t\t\t<\/span>\n\t\t\t\n\t\t\t\t\t\t\t<span class=\"updated\" style=\"display:none;\">\n\t\t\t\t\t2026-01-30T12:20:55+01:00\t\t\t\t<\/span>\n\t\t\t\n\t\t<h4 class=\"entry-title\"><a href=\"https:\/\/www.parcduluberon.fr\/en\/le-parc\/geoparc-du-luberon\/geoparcs-toutes-lettres\/\">G\u00e9oparcs en toutes lettres<\/a><\/h4><p>Un projet de correspondance scolaire<\/p><div class=\"pnrl_sous_post\"><div class=\"pnrl_bloc_lien\"><a href=\"https:\/\/www.parcduluberon.fr\/en\/le-parc\/geoparc-du-luberon\/geoparcs-toutes-lettres\/\"><span class=\"pnrl-btn-morelire\"><\/span><\/a><\/div><\/div> <\/div><\/div><div class=\"fusion-clearfix\"><\/div><div class=\"fusion-column column col col-lg-12 col-md-12 col-sm-12\"><div class=\"fusion-flexslider flexslider floated-slideshow flexslider-hover-type-none\"><ul class=\"slides\"><li><a href=\"https:\/\/www.parcduluberon.fr\/en\/a-territory-into-action\/unesco-labels\/geoparc-du-luberon-en\/about-our-geopark\/\" class=\"hover-type-none\" aria-label=\"About our geopark\"><img decoding=\"async\" src=\"https:\/\/www.parcduluberon.fr\/wp-content\/uploads\/2017\/04\/BAN_marches_publics_c_pnrl_matthieu_camps-565x200.jpg\" alt=\"\" \/><\/a><\/li><\/ul><\/div><div class=\"recent-posts-content\">\n\t\t\t\n\t\t\t\t\t\t\t<span class=\"vcard\" style=\"display: none;\">\n\t\t\t\t\t<span class=\"fn\">\n\t\t\t\t\t\t<a href=\"https:\/\/www.parcduluberon.fr\/en\/author\/coster-p\/\" title=\"Posts by Pauline Coster\" rel=\"author\">Pauline Coster<\/a>\t\t\t\t\t<\/span>\n\t\t\t\t<\/span>\n\t\t\t\n\t\t\t\t\t\t\t<span class=\"updated\" style=\"display:none;\">\n\t\t\t\t\t2025-05-23T10:14:29+01:00\t\t\t\t<\/span>\n\t\t\t\n\t\t<h4 class=\"entry-title\"><a href=\"https:\/\/www.parcduluberon.fr\/en\/a-territory-into-action\/unesco-labels\/geoparc-du-luberon-en\/about-our-geopark\/\">About our geopark<\/a><\/h4><p>The Luberon UNESCO Global Geopark is located in the southeast of France, in Provence, close to the towns of Aix-en-Provence and Avignon. <\/p><div class=\"pnrl_sous_post\"><div class=\"pnrl_bloc_lien\"><a href=\"https:\/\/www.parcduluberon.fr\/en\/a-territory-into-action\/unesco-labels\/geoparc-du-luberon-en\/about-our-geopark\/\"><span class=\"pnrl-btn-morelire\"><\/span><\/a><\/div><\/div> <\/div><\/div><div class=\"fusion-clearfix\"><\/div><\/section><\/div><div class=\"fusion-clearfix\"><\/div>\n\n\t\t\t\t\t<\/div>\n\t\t\t\t<\/div><\/div><\/div><div class=\"fusion-fullwidth fullwidth-box dmcn-h1 nonhundred-percent-fullwidth non-hundred-percent-height-scrolling\"  style='background-color: rgba(255,255,255,0);background-position: center center;background-repeat: no-repeat;padding-top:0px;padding-right:0px;padding-bottom:0px;padding-left:0px;'><div class=\"fusion-builder-row fusion-row \"><div  class=\"fusion-layout-column fusion_builder_column fusion_builder_column_3_5  fusion-three-fifth fusion-column-first dmcn-h1 3_5\"  style='margin-top:0px;margin-bottom:0px;width:58.4%; margin-right: 4%;'>\n\t\t\t\t\t<div class=\"fusion-column-wrapper\" style=\"padding: 0px 0px 0px 0px;background-position:left top;background-repeat:no-repeat;-webkit-background-size:cover;-moz-background-size:cover;-o-background-size:cover;background-size:cover;\"  data-bg-url=\"\">\n\t\t\t\t\t\t<div class=\"fusion-text\"><h6 style=\"text-align: left;\">Photo du bandeau : Coccinelle au printemps \u00a9Matthieu Camps<\/h6>\n<\/div><div class=\"fusion-clearfix\"><\/div>\n\n\t\t\t\t\t<\/div>\n\t\t\t\t<\/div><\/div><\/div><div class=\"fusion-fullwidth fullwidth-box nonhundred-percent-fullwidth non-hundred-percent-height-scrolling\"  style='background-color: rgba(255,255,255,0);background-position: center center;background-repeat: no-repeat;padding-top:0px;padding-right:0px;padding-bottom:0px;padding-left:0px;'><div class=\"fusion-builder-row fusion-row \"><div  class=\"fusion-layout-column fusion_builder_column fusion_builder_column_1_1  fusion-one-full fusion-column-first fusion-column-last 1_1\"  style='margin-top:0px;margin-bottom:0px;width:100%'>\n\t\t\t\t\t<div class=\"fusion-column-wrapper\" style=\"padding: 0px 0px 0px 0px;background-position:left top;background-repeat:no-repeat;-webkit-background-size:cover;-moz-background-size:cover;-o-background-size:cover;background-size:cover;\"  data-bg-url=\"\">\n\t\t\t\t\t\t<div class=\"fusion-title title fusion-sep-none fusion-title-size-one dmcn-h1\" style=\"margin-top:0px;margin-bottom:0px;\"><h1 class=\"title-heading-left\"><p><strong>Suivez-nous sur Facebook #Luberon 2039 !<br \/>\n<\/strong><\/p><\/h1><\/div><div class=\"fusion-clearfix\"><\/div>\n\n\t\t\t\t\t<\/div>\n\t\t\t\t<\/div><div  class=\"fusion-layout-column fusion_builder_column fusion_builder_column_1_1  fusion-one-full fusion-column-first fusion-column-last 1_1\"  style='margin-top:0px;margin-bottom:0px;width:100%'>\n\t\t\t\t\t<div class=\"fusion-column-wrapper\" style=\"padding: 0px 0px 0px 0px;background-position:left top;background-repeat:no-repeat;-webkit-background-size:cover;-moz-background-size:cover;-o-background-size:cover;background-size:cover;\"  data-bg-url=\"\">\n\t\t\t\t\t\t<div class=\"fusion-text\"><p>[custom-facebook-feed]<\/p>\n<\/div><div class=\"fusion-clearfix\"><\/div>\n\n\t\t\t\t\t<\/div>\n\t\t\t\t<\/div><\/div><\/div><\/p>\n","protected":false},"excerpt":{"rendered":"","protected":false},"author":13,"featured_media":18885,"parent":18349,"menu_order":11,"comment_status":"closed","ping_status":"closed","template":"100-width.php","meta":{"_acf_changed":false,"_seopress_robots_primary_cat":"","_seopress_titles_title":"","_seopress_titles_desc":"","_seopress_robots_index":"","_bbp_topic_count":0,"_bbp_reply_count":0,"_bbp_total_topic_count":0,"_bbp_total_reply_count":0,"_bbp_voice_count":0,"_bbp_anonymous_reply_count":0,"_bbp_topic_count_hidden":0,"_bbp_reply_count_hidden":0,"_bbp_forum_subforum_count":0,"footnotes":""},"class_list":["post-18871","page","type-page","status-publish","has-post-thumbnail","hentry"],"acf":[],"_links":{"self":[{"href":"https:\/\/www.parcduluberon.fr\/en\/wp-json\/wp\/v2\/pages\/18871","targetHints":{"allow":["GET"]}}],"collection":[{"href":"https:\/\/www.parcduluberon.fr\/en\/wp-json\/wp\/v2\/pages"}],"about":[{"href":"https:\/\/www.parcduluberon.fr\/en\/wp-json\/wp\/v2\/types\/page"}],"author":[{"embeddable":true,"href":"https:\/\/www.parcduluberon.fr\/en\/wp-json\/wp\/v2\/users\/13"}],"replies":[{"embeddable":true,"href":"https:\/\/www.parcduluberon.fr\/en\/wp-json\/wp\/v2\/comments?post=18871"}],"version-history":[{"count":20,"href":"https:\/\/www.parcduluberon.fr\/en\/wp-json\/wp\/v2\/pages\/18871\/revisions"}],"predecessor-version":[{"id":20188,"href":"https:\/\/www.parcduluberon.fr\/en\/wp-json\/wp\/v2\/pages\/18871\/revisions\/20188"}],"up":[{"embeddable":true,"href":"https:\/\/www.parcduluberon.fr\/en\/wp-json\/wp\/v2\/pages\/18349"}],"wp:featuredmedia":[{"embeddable":true,"href":"https:\/\/www.parcduluberon.fr\/en\/wp-json\/wp\/v2\/media\/18885"}],"wp:attachment":[{"href":"https:\/\/www.parcduluberon.fr\/en\/wp-json\/wp\/v2\/media?parent=18871"}],"curies":[{"name":"wp","href":"https:\/\/api.w.org\/{rel}","templated":true}]}}