{"id":18823,"date":"2020-10-08T10:09:25","date_gmt":"2020-10-08T09:09:25","guid":{"rendered":"https:\/\/www.parcduluberon.fr\/?page_id=18823"},"modified":"2020-11-20T18:30:59","modified_gmt":"2020-11-20T17:30:59","slug":"rencontres-pour-habitants","status":"publish","type":"page","link":"https:\/\/www.parcduluberon.fr\/en\/luberon2039\/rencontres-pour-habitants\/","title":{"rendered":"Luberon 2039 &#8211; Les rencontres pour les habitants"},"content":{"rendered":"<p><div class=\"fusion-fullwidth fullwidth-box dmcn-header nonhundred-percent-fullwidth non-hundred-percent-height-scrolling\"  style='background-color: rgba(255,255,255,0);background-position: center center;background-repeat: no-repeat;padding-top:20px;padding-right:0px;padding-bottom:0px;padding-left:0px;'><div class=\"fusion-builder-row fusion-row \"><div  class=\"fusion-layout-column fusion_builder_column fusion_builder_column_1_1  fusion-one-full fusion-column-first fusion-column-last charte2039-logo fusion-column-inner-bg-wrapper 1_1\"  style='margin-top:0px;margin-bottom:0px;'>\n\t\t\t\t\t<div class=\"fusion-column-wrapper\" style=\"padding: 0px 0px 0px 0px;\" data-bg-url=\"\">\n\t\t\t\t\t\t<div class=\"fusion-text\"><p><img alt=\"\" loading=\"lazy\" decoding=\"async\" class=\"alignnone wp-image-15843\" src=\"https:\/\/www.parcduluberon.fr\/wp-content\/uploads\/2020\/01\/logo_revision_charte_2039-300x209.png\" alt=\"\" width=\"175\" height=\"122\" srcset=\"https:\/\/www.parcduluberon.fr\/wp-content\/uploads\/2020\/01\/logo_revision_charte_2039-200x140.png 200w, https:\/\/www.parcduluberon.fr\/wp-content\/uploads\/2020\/01\/logo_revision_charte_2039-300x209.png 300w, https:\/\/www.parcduluberon.fr\/wp-content\/uploads\/2020\/01\/logo_revision_charte_2039-400x279.png 400w, https:\/\/www.parcduluberon.fr\/wp-content\/uploads\/2020\/01\/logo_revision_charte_2039-600x419.png 600w, https:\/\/www.parcduluberon.fr\/wp-content\/uploads\/2020\/01\/logo_revision_charte_2039-768x536.png 768w, https:\/\/www.parcduluberon.fr\/wp-content\/uploads\/2020\/01\/logo_revision_charte_2039.png 798w\" sizes=\"auto, (max-width: 175px) 100vw, 175px\" \/><\/p>\n<\/div><div class=\"fusion-clearfix\"><\/div>\n\t\t\t\t\t<\/div>\n\t\t\t\t\t<span class=\"fusion-column-inner-bg hover-type-none\">\n\t\t\t\t\t\t<a href=\"https:\/\/www.parcduluberon.fr\/luberon2039\" aria-label=\"\">\n\t\t\t\t\t\t\t<span class=\"fusion-column-inner-bg-image\" style=\"background-position:left top;background-repeat:no-repeat;-webkit-background-size:cover;-moz-background-size:cover;-o-background-size:cover;background-size:cover;\"><\/span><\/a>\n\t\t\t\t\t<\/span>\n\t\t\t\t<\/div><div  class=\"fusion-layout-column fusion_builder_column fusion_builder_column_1_1  fusion-one-full fusion-column-first fusion-column-last 1_1\"  style='margin-top:0px;margin-bottom:0px;'>\n\t\t\t\t\t<div class=\"fusion-column-wrapper\" style=\"padding: 0px 0px 0px 0px;background-position:left top;background-repeat:no-repeat;-webkit-background-size:cover;-moz-background-size:cover;-o-background-size:cover;background-size:cover;\"  data-bg-url=\"\">\n\t\t\t\t\t\t<div class=\"fusion-title title fusion-sep-none fusion-title-size-one dmcn-h1\" style=\"margin-top:0px;margin-bottom:0px;\"><h1 class=\"title-heading-left\"><strong>Les rencontres pour les habitants\u00a0<\/strong><\/h1><\/div><div class=\"fusion-title title fusion-sep-none fusion-title-size-two dmcn-h2\" style=\"margin-top:0px;margin-bottom:31px;\"><h2 class=\"title-heading-left\"><p><strong>Ensemble, imaginons le Parc de demain !<\/strong><\/p>\n<p><strong>\u00a0<\/strong><\/p><\/h2><\/div><div class=\"fusion-clearfix\"><\/div>\n\n\t\t\t\t\t<\/div>\n\t\t\t\t<\/div><div  class=\"fusion-layout-column fusion_builder_column fusion_builder_column_1_1  fusion-one-full fusion-column-first fusion-column-last 1_1\"  style='margin-top:0px;margin-bottom:30px;'>\n\t\t\t\t\t<div class=\"fusion-column-wrapper\" style=\"padding: 0px 0px 0px 0px;background-position:left top;background-repeat:no-repeat;-webkit-background-size:cover;-moz-background-size:cover;-o-background-size:cover;background-size:cover;\"  data-bg-url=\"\">\n\t\t\t\t\t\t<div class=\"fusion-text\"><p>Dans le cadre de la r\u00e9vision de la charte du Parc pour 2024-2039, le Parc du Luberon se propose de venir \u00e0 la rencontre des habitants pour parler ensemble du devenir du territoire. Nous vous proposons d\u2019organiser ou de participer \u00e0 l\u2019une des rencontres pour les habitants. Plusieurs th\u00e9matiques peuvent \u00eatre abord\u00e9es, et par exemple : les patrimoines naturels et culturels, le d\u00e9veloppement \u00e9conomique et social, l\u2019am\u00e9nagement durable ou l\u2019\u00e9ducation&#8230;<\/p>\n<p><strong>En raison du contexte sanitaire, l&#8217;organisation des rencontres pour les habitants est report\u00e9e en 2021.<\/strong><\/p>\n<p><strong>Dans cette attente, nous vous proposons de partager vos id\u00e9es et remarques pour le d\u00e9veloppement durable du territoire sur notre <a href=\"https:\/\/www.parcduluberon.fr\/luberon2039\/projets\/\">espace de contribution participative Luberon2039.<\/a><\/strong><\/p>\n<\/div><div class=\"fusion-clearfix\"><\/div>\n\n\t\t\t\t\t<\/div>\n\t\t\t\t<\/div><\/div><\/div><div class=\"fusion-fullwidth fullwidth-box dmcn-header nonhundred-percent-fullwidth non-hundred-percent-height-scrolling\"  style='background-color: rgba(255,255,255,0);background-position: center center;background-repeat: no-repeat;padding-top:0px;padding-right:0px;padding-bottom:0px;padding-left:0px;'><div class=\"fusion-builder-row fusion-row \"><div  class=\"fusion-layout-column fusion_builder_column fusion_builder_column_1_1  fusion-one-full fusion-column-first fusion-column-last 1_1\"  style='margin-top:0px;margin-bottom:0px;'>\n\t\t\t\t\t<div class=\"fusion-column-wrapper\" style=\"padding: 0px 0px 0px 0px;background-position:left top;background-repeat:no-repeat;-webkit-background-size:cover;-moz-background-size:cover;-o-background-size:cover;background-size:cover;\"  data-bg-url=\"\">\n\t\t\t\t\t\t<div class=\"fusion-text\"><p><img alt=\"\" loading=\"lazy\" decoding=\"async\" class=\"size-full wp-image-19192 aligncenter\" src=\"https:\/\/www.parcduluberon.fr\/wp-content\/uploads\/2020\/11\/affiches_rencontres_habitants.jpg\" alt=\"\" width=\"870\" height=\"405\" srcset=\"https:\/\/www.parcduluberon.fr\/wp-content\/uploads\/2020\/11\/affiches_rencontres_habitants-200x93.jpg 200w, https:\/\/www.parcduluberon.fr\/wp-content\/uploads\/2020\/11\/affiches_rencontres_habitants-300x140.jpg 300w, https:\/\/www.parcduluberon.fr\/wp-content\/uploads\/2020\/11\/affiches_rencontres_habitants-400x186.jpg 400w, https:\/\/www.parcduluberon.fr\/wp-content\/uploads\/2020\/11\/affiches_rencontres_habitants-600x279.jpg 600w, https:\/\/www.parcduluberon.fr\/wp-content\/uploads\/2020\/11\/affiches_rencontres_habitants-768x358.jpg 768w, https:\/\/www.parcduluberon.fr\/wp-content\/uploads\/2020\/11\/affiches_rencontres_habitants-800x372.jpg 800w, https:\/\/www.parcduluberon.fr\/wp-content\/uploads\/2020\/11\/affiches_rencontres_habitants.jpg 870w\" sizes=\"auto, (max-width: 870px) 100vw, 870px\" \/><\/p>\n<\/div><div class=\"fusion-text\"><h4>QUI EST\u00a0 CONCERN\u00c9\u00a0 ?<\/h4>\n<p>Tous les habitants du Parc du Luberon et du versant sud de la montagne de Lure.<\/p>\n<h4>QUAND ?<\/h4>\n<p>L\u2019\u00e9quipe du Parc se tiendra disponible le matin, l\u2019apr\u00e8s-midi ou en d\u00e9but de soir\u00e9e afin de r\u00e9pondre aux disponibilit\u00e9s de tous. Les rencontres se d\u00e9rouleront en 2021 (nouvelle p\u00e9riode en raison de l&#8217;\u00e9pid\u00e9mie de Covid-19).<\/p>\n<h4>INFORMATIONS PRATIQUES<\/h4>\n<ul>\n<li>La dur\u00e9e des rencontres est de 2h.<\/li>\n<li>20 rencontres seront s\u00e9lectionn\u00e9es en fonction de la r\u00e9partition g\u00e9ographique et des th\u00e9matiques choisies.<\/li>\n<li>La rencontre devra se faire dans un lieu ouvert au public. Il sera demand\u00e9 d&#8217;appliquer un espace de 4 m<sup>2<\/sup> par personne dans la limite de 12 participants afin de mettre en place les meilleures conditions d&#8217;\u00e9change et d&#8217;\u00e9coute possibles.<\/li>\n<li>L\u2019\u00e9quipe du Parc sera pr\u00e9sente tout au long de la pr\u00e9paration et lors de la rencontre.<\/li>\n<\/ul>\n<\/div><div class=\"fusion-clearfix\"><\/div>\n\n\t\t\t\t\t<\/div>\n\t\t\t\t<\/div><\/div><\/div><div class=\"fusion-fullwidth fullwidth-box dmcn-header nonhundred-percent-fullwidth non-hundred-percent-height-scrolling\"  style='background-color: rgba(255,255,255,0);background-position: center center;background-repeat: no-repeat;padding-top:0px;padding-right:0px;padding-bottom:0px;padding-left:0px;'><div class=\"fusion-builder-row fusion-row \"><div  class=\"fusion-layout-column fusion_builder_column fusion_builder_column_1_2  fusion-one-half fusion-column-first 1_2\"  style='margin-top:0px;margin-bottom:0px;width:50%;width:calc(50% - ( ( 4% ) * 0.5 ) );margin-right: 4%;'>\n\t\t\t\t\t<div class=\"fusion-column-wrapper\" style=\"padding: 0px 0px 0px 0px;background-position:left top;background-repeat:no-repeat;-webkit-background-size:cover;-moz-background-size:cover;-o-background-size:cover;background-size:cover;\"  data-bg-url=\"\">\n\t\t\t\t\t\t<div class=\"fusion-title title fusion-sep-none fusion-title-size-one\" style=\"margin-top:0px;margin-bottom:31px;\"><h1 class=\"title-heading-left\"><strong>Organiser une rencontre\u00a0<\/strong><\/h1><\/div><div class=\"fusion-text\"><p>Vous souhaitez organiser une rencontre pour partager votre vision du territoire aujourd\u2019hui et pour demain ? Merci de contacter l\u2019\u00e9quipe du Parc via le formulaire en ligne. Ensemble, nous fixerons une date pour 2021, la logistique et votre r\u00f4le attendu en tant que h\u00f4te. Un kit &#8220;J\u2019organise une rencontre pour les habitants&#8221; vous sera remis.<\/p>\n<\/div><div class=\"fusion-button-wrapper fusion-aligncenter\"><style type=\"text\/css\" scoped=\"scoped\">.fusion-button.button-1 .fusion-button-text, .fusion-button.button-1 i {color:#ffffff;}.fusion-button.button-1 {border-width:1px;border-color:#ffffff;}.fusion-button.button-1 .fusion-button-icon-divider{border-color:#ffffff;}.fusion-button.button-1:hover .fusion-button-text, .fusion-button.button-1:hover i,.fusion-button.button-1:focus .fusion-button-text, .fusion-button.button-1:focus i,.fusion-button.button-1:active .fusion-button-text, .fusion-button.button-1:active{color:#795666;}.fusion-button.button-1:hover, .fusion-button.button-1:focus, .fusion-button.button-1:active{border-width:1px;border-color:#795666;}.fusion-button.button-1:hover .fusion-button-icon-divider, .fusion-button.button-1:hover .fusion-button-icon-divider, .fusion-button.button-1:active .fusion-button-icon-divider{border-color:#795666;}.fusion-button.button-1{background: #795666;}.fusion-button.button-1:hover,.button-1:focus,.fusion-button.button-1:active{background: #ffffff;}.fusion-button.button-1{width:auto;}<\/style><a class=\"fusion-button button-flat fusion-button-round button-large button-custom button-1\" target=\"_self\" href=\"https:\/\/framaforms.org\/revision-de-la-charte-du-parc-du-luberon-rencontres-pour-les-habitants-1600065985 \"><i class=\"fa fa-hand-o-right button-icon-left\"><\/i><span class=\"fusion-button-text\">S&#8217;inscrire via le formulaire<\/span><\/a><\/div><div class=\"fusion-clearfix\"><\/div>\n\n\t\t\t\t\t<\/div>\n\t\t\t\t<\/div><div  class=\"fusion-layout-column fusion_builder_column fusion_builder_column_1_2  fusion-one-half fusion-column-last 1_2\"  style='margin-top:0px;margin-bottom:0px;width:50%;width:calc(50% - ( ( 4% ) * 0.5 ) );'>\n\t\t\t\t\t<div class=\"fusion-column-wrapper\" style=\"padding: 0px 0px 0px 0px;background-position:left top;background-repeat:no-repeat;-webkit-background-size:cover;-moz-background-size:cover;-o-background-size:cover;background-size:cover;\"  data-bg-url=\"\">\n\t\t\t\t\t\t<div class=\"fusion-title title fusion-sep-none fusion-title-size-one\" style=\"margin-top:0px;margin-bottom:31px;\"><h1 class=\"title-heading-left\"><strong>Participer \u00e0 une rencontre\u00a0<\/strong><\/h1><\/div><div class=\"fusion-text\"><p>Vous souhaitez participer \u00e0 une rencontre \u00e0 proximit\u00e9 de chez vous\u00a0?<\/p>\n<ol>\n<li><a href=\"https:\/\/framaforms.org\/revision-de-la-charte-du-parc-du-luberon-rencontres-chez-les-habitants-1600065985\">Inscrivez-vous via le formulaire en ligne<\/a> ou envoyez un mail \u00e0 <a href=\"mailto:luberon2039@parcduluberon.fr\">luberon2039@parcduluberon.fr<\/a><\/li>\n<li>L\u2019\u00e9quipe du Parc vous contactera pour vous proposer des dates de rencontres.<\/li>\n<\/ol>\n<\/div><div class=\"fusion-button-wrapper fusion-aligncenter\"><style type=\"text\/css\" scoped=\"scoped\">.fusion-button.button-2 .fusion-button-text, .fusion-button.button-2 i {color:#ffffff;}.fusion-button.button-2 {border-width:1px;border-color:#ffffff;}.fusion-button.button-2 .fusion-button-icon-divider{border-color:#ffffff;}.fusion-button.button-2:hover .fusion-button-text, .fusion-button.button-2:hover i,.fusion-button.button-2:focus .fusion-button-text, .fusion-button.button-2:focus i,.fusion-button.button-2:active .fusion-button-text, .fusion-button.button-2:active{color:#795666;}.fusion-button.button-2:hover, .fusion-button.button-2:focus, .fusion-button.button-2:active{border-width:1px;border-color:#795666;}.fusion-button.button-2:hover .fusion-button-icon-divider, .fusion-button.button-2:hover .fusion-button-icon-divider, .fusion-button.button-2:active .fusion-button-icon-divider{border-color:#795666;}.fusion-button.button-2{background: #795666;}.fusion-button.button-2:hover,.button-2:focus,.fusion-button.button-2:active{background: #ffffff;}.fusion-button.button-2{width:auto;}<\/style><a class=\"fusion-button button-flat fusion-button-round button-large button-custom button-2\" target=\"_self\" href=\"https:\/\/framaforms.org\/revision-de-la-charte-du-parc-du-luberon-rencontres-pour-les-habitants-1600065985 \"><i class=\"fa fa-hand-o-right button-icon-left\"><\/i><span class=\"fusion-button-text\">S&#8217;inscrire via le formulaire<\/span><\/a><\/div><div class=\"fusion-clearfix\"><\/div>\n\n\t\t\t\t\t<\/div>\n\t\t\t\t<\/div><\/div><\/div><div class=\"fusion-fullwidth fullwidth-box dmcn-header nonhundred-percent-fullwidth non-hundred-percent-height-scrolling\"  style='background-color: rgba(255,255,255,0);background-position: center center;background-repeat: no-repeat;padding-top:20px;padding-right:0px;padding-bottom:0px;padding-left:0px;'><div class=\"fusion-builder-row fusion-row \"><div  class=\"fusion-layout-column fusion_builder_column fusion_builder_column_1_1  fusion-one-full fusion-column-first fusion-column-last fusion-blend-mode 1_1\"  style='margin-top:0px;margin-bottom:0px;'>\n\t\t\t\t\t<div class=\"fusion-column-wrapper\" style=\"background-color:#e0e0e0;padding: 25px 25px 25px 25px;background-position:left top;background-repeat:no-repeat;-webkit-background-size:cover;-moz-background-size:cover;-o-background-size:cover;background-size:cover;\"  data-bg-url=\"\">\n\t\t\t\t\t\t<div class=\"fusion-text\"><p><strong>PROTOCOLE COVID-19<br \/>\n<\/strong><\/p>\n<p>Les rencontres pour les habitants devront respecter les protocoles sanitaires pr\u00e9fectoraux et municipaux\u00a0: port du masque obligatoire, respect des gestes barri\u00e8res, distanciation physique\u2026<\/p>\n<p>L\u2019\u00e9quipe du Parc vous assistera dans la mise en \u0153uvre du protocole sanitaire.<\/p>\n<p>Contact\u00a0: Laure Vigouroux, charg\u00e9e de mission r\u00e9vision de la charte \u2013 06 24 77 39 80 &#8211; <a href=\"mailto:laure.vigouroux@parcduluberon.fr\">laure.vigouroux@parcduluberon.fr<\/a><\/p>\n<\/div><div class=\"fusion-clearfix\"><\/div>\n\n\t\t\t\t\t<\/div>\n\t\t\t\t<\/div><\/div><\/div><div class=\"fusion-fullwidth fullwidth-box dmcn-header nonhundred-percent-fullwidth non-hundred-percent-height-scrolling\"  style='background-color: rgba(255,255,255,0);background-position: center center;background-repeat: no-repeat;padding-top:20px;padding-right:0px;padding-left:0px;'><div class=\"fusion-builder-row fusion-row \"><div  class=\"fusion-layout-column fusion_builder_column fusion_builder_column_1_1  fusion-one-full fusion-column-first fusion-column-last 1_1\"  style='margin-top:0px;margin-bottom:0px;'>\n\t\t\t\t\t<div class=\"fusion-column-wrapper\" style=\"padding: 0px 0px 0px 0px;background-position:left top;background-repeat:no-repeat;-webkit-background-size:cover;-moz-background-size:cover;-o-background-size:cover;background-size:cover;\"  data-bg-url=\"\">\n\t\t\t\t\t\t<div class=\"fusion-text\"><p>Photo du bandeau : Village de Cabri\u00e8res-d&#8217;Aigues (PNRL-L\u00e9a Samson)<\/p>\n<\/div><div class=\"fusion-clearfix\"><\/div>\n\n\t\t\t\t\t<\/div>\n\t\t\t\t<\/div><\/div><\/div><\/p>\n","protected":false},"excerpt":{"rendered":"","protected":false},"author":13,"featured_media":18927,"parent":18349,"menu_order":14,"comment_status":"closed","ping_status":"closed","template":"100-width.php","meta":{"_acf_changed":false,"_seopress_robots_primary_cat":"","_seopress_titles_title":"","_seopress_titles_desc":"","_seopress_robots_index":"","_bbp_topic_count":0,"_bbp_reply_count":0,"_bbp_total_topic_count":0,"_bbp_total_reply_count":0,"_bbp_voice_count":0,"_bbp_anonymous_reply_count":0,"_bbp_topic_count_hidden":0,"_bbp_reply_count_hidden":0,"_bbp_forum_subforum_count":0,"footnotes":""},"class_list":["post-18823","page","type-page","status-publish","has-post-thumbnail","hentry"],"acf":[],"_links":{"self":[{"href":"https:\/\/www.parcduluberon.fr\/en\/wp-json\/wp\/v2\/pages\/18823","targetHints":{"allow":["GET"]}}],"collection":[{"href":"https:\/\/www.parcduluberon.fr\/en\/wp-json\/wp\/v2\/pages"}],"about":[{"href":"https:\/\/www.parcduluberon.fr\/en\/wp-json\/wp\/v2\/types\/page"}],"author":[{"embeddable":true,"href":"https:\/\/www.parcduluberon.fr\/en\/wp-json\/wp\/v2\/users\/13"}],"replies":[{"embeddable":true,"href":"https:\/\/www.parcduluberon.fr\/en\/wp-json\/wp\/v2\/comments?post=18823"}],"version-history":[{"count":40,"href":"https:\/\/www.parcduluberon.fr\/en\/wp-json\/wp\/v2\/pages\/18823\/revisions"}],"predecessor-version":[{"id":19312,"href":"https:\/\/www.parcduluberon.fr\/en\/wp-json\/wp\/v2\/pages\/18823\/revisions\/19312"}],"up":[{"embeddable":true,"href":"https:\/\/www.parcduluberon.fr\/en\/wp-json\/wp\/v2\/pages\/18349"}],"wp:featuredmedia":[{"embeddable":true,"href":"https:\/\/www.parcduluberon.fr\/en\/wp-json\/wp\/v2\/media\/18927"}],"wp:attachment":[{"href":"https:\/\/www.parcduluberon.fr\/en\/wp-json\/wp\/v2\/media?parent=18823"}],"curies":[{"name":"wp","href":"https:\/\/api.w.org\/{rel}","templated":true}]}}