{"id":13850,"date":"2017-06-30T16:40:30","date_gmt":"2017-06-30T15:40:30","guid":{"rendered":"https:\/\/www.parcduluberon.fr\/se-loger-se-restaurer\/"},"modified":"2019-07-30T15:20:24","modified_gmt":"2019-07-30T14:20:24","slug":"se-loger-se-restaurer","status":"publish","type":"page","link":"https:\/\/www.parcduluberon.fr\/en\/se-loger-se-restaurer\/","title":{"rendered":"Se loger, se restaurer"},"content":{"rendered":"<p><div class=\"fusion-fullwidth fullwidth-box nonhundred-percent-fullwidth non-hundred-percent-height-scrolling\"  style='background-color: rgba(255,255,255,0);background-position: center center;background-repeat: no-repeat;padding-top:20px;padding-right:20px;padding-bottom:20px;padding-left:20px;'><div class=\"fusion-builder-row fusion-row \"><div  class=\"fusion-layout-column fusion_builder_column fusion_builder_column_1_1  fusion-one-full fusion-column-first fusion-column-last 1_1\"  style='margin-top:0px;margin-bottom:0px;'>\n\t\t\t\t\t<div class=\"fusion-column-wrapper\" style=\"padding: 0px 0px 0px 0px;background-position:left top;background-repeat:no-repeat;-webkit-background-size:cover;-moz-background-size:cover;-o-background-size:cover;background-size:cover;\"  data-bg-url=\"\">\n\t\t\t\t\t\t<div class=\"fusion-title title fusion-sep-none fusion-title-size-one pnrl-titre-accueil\" style=\"margin-top:0px;margin-bottom:31px;\"><h1 class=\"title-heading-left\"><p><strong>SLEEPING AND EATING<br \/>\n<\/strong><\/p><\/h1><\/div><div class=\"fusion-text\"><p><strong>Are you looking for accommodation and restaurants <\/strong><strong>with a commitment to sustainable development<\/strong><strong>? Here you will find eco-friendly accommodations and restaurants recommended by the Luberon Park.<\/strong><\/p>\n<p><em><span class=\"st\">For more information please read the following article<\/span>s (in french)<\/em><\/p>\n<p style=\"text-align: justify;\"><strong>\u00a0<\/strong><\/p>\n<\/div><div class=\"fusion-clearfix\"><\/div>\n\n\t\t\t\t\t<\/div>\n\t\t\t\t<\/div><\/div><\/div><div class=\"fusion-fullwidth fullwidth-box nonhundred-percent-fullwidth non-hundred-percent-height-scrolling\"  style='background-color: rgba(255,255,255,0);background-position: center center;background-repeat: no-repeat;padding-right:0px;padding-bottom:20px;padding-left:10px;'><div class=\"fusion-builder-row fusion-row \"><div  class=\"fusion-layout-column fusion_builder_column fusion_builder_column_1_1  fusion-one-full fusion-column-first fusion-column-last 1_1\"  style='margin-top:0px;margin-bottom:0px;'>\n\t\t\t\t\t<div class=\"fusion-column-wrapper\" style=\"padding: 0px 0px 0px 0px;background-position:left top;background-repeat:no-repeat;-webkit-background-size:cover;-moz-background-size:cover;-o-background-size:cover;background-size:cover;\"  data-bg-url=\"\">\n\t\t\t\t\t\t<div class=\"fusion-recent-posts avada-container layout-thumbnails-on-side layout-columns-1 pnrl-actualite\"><section class=\"fusion-columns columns fusion-columns-1 columns-1\"><div class=\"fusion-column column col col-lg-12 col-md-12 col-sm-12\"><div class=\"fusion-flexslider flexslider floated-slideshow flexslider-hover-type-none\"><ul class=\"slides\"><li><a href=\"https:\/\/www.parcduluberon.fr\/en\/le-parc\/geoparc-du-luberon\/geoparcs-toutes-lettres\/\" class=\"hover-type-none\" aria-label=\"G\u00e9oparcs en toutes lettres\"><img decoding=\"async\" src=\"https:\/\/www.parcduluberon.fr\/wp-content\/uploads\/2017\/05\/BAN_cadenet_c_pnrl_stephane_legal-565x200.jpg\" alt=\"\" \/><\/a><\/li><\/ul><\/div><div class=\"recent-posts-content\">\n\t\t\t\n\t\t\t\t\t\t\t<span class=\"vcard\" style=\"display: none;\">\n\t\t\t\t\t<span class=\"fn\">\n\t\t\t\t\t\t<a href=\"https:\/\/www.parcduluberon.fr\/en\/author\/louis-s\/\" title=\"Posts by Solgne Louis\" rel=\"author\">Solgne Louis<\/a>\t\t\t\t\t<\/span>\n\t\t\t\t<\/span>\n\t\t\t\n\t\t\t\t\t\t\t<span class=\"updated\" style=\"display:none;\">\n\t\t\t\t\t2026-01-30T12:20:55+01:00\t\t\t\t<\/span>\n\t\t\t\n\t\t<h4 class=\"entry-title\"><a href=\"https:\/\/www.parcduluberon.fr\/en\/le-parc\/geoparc-du-luberon\/geoparcs-toutes-lettres\/\">G\u00e9oparcs en toutes lettres<\/a><\/h4><p>Un projet de correspondance scolaire<\/p><div class=\"pnrl_sous_post\"><div class=\"pnrl_bloc_lien\"><a href=\"https:\/\/www.parcduluberon.fr\/en\/le-parc\/geoparc-du-luberon\/geoparcs-toutes-lettres\/\"><span class=\"pnrl-btn-morelire\"><\/span><\/a><\/div><\/div> <\/div><\/div><div class=\"fusion-clearfix\"><\/div><div class=\"fusion-column column col col-lg-12 col-md-12 col-sm-12\"><div class=\"fusion-flexslider flexslider floated-slideshow flexslider-hover-type-none\"><ul class=\"slides\"><li><a href=\"https:\/\/www.parcduluberon.fr\/en\/a-territory-into-action\/unesco-labels\/geoparc-du-luberon-en\/about-our-geopark\/\" class=\"hover-type-none\" aria-label=\"About our geopark\"><img decoding=\"async\" src=\"https:\/\/www.parcduluberon.fr\/wp-content\/uploads\/2017\/04\/BAN_marches_publics_c_pnrl_matthieu_camps-565x200.jpg\" alt=\"\" \/><\/a><\/li><\/ul><\/div><div class=\"recent-posts-content\">\n\t\t\t\n\t\t\t\t\t\t\t<span class=\"vcard\" style=\"display: none;\">\n\t\t\t\t\t<span class=\"fn\">\n\t\t\t\t\t\t<a href=\"https:\/\/www.parcduluberon.fr\/en\/author\/coster-p\/\" title=\"Posts by Pauline Coster\" rel=\"author\">Pauline Coster<\/a>\t\t\t\t\t<\/span>\n\t\t\t\t<\/span>\n\t\t\t\n\t\t\t\t\t\t\t<span class=\"updated\" style=\"display:none;\">\n\t\t\t\t\t2025-05-23T10:14:29+01:00\t\t\t\t<\/span>\n\t\t\t\n\t\t<h4 class=\"entry-title\"><a href=\"https:\/\/www.parcduluberon.fr\/en\/a-territory-into-action\/unesco-labels\/geoparc-du-luberon-en\/about-our-geopark\/\">About our geopark<\/a><\/h4><p>The Luberon UNESCO Global Geopark is located in the southeast of France, in Provence, close to the towns of Aix-en-Provence and Avignon. <\/p><div class=\"pnrl_sous_post\"><div class=\"pnrl_bloc_lien\"><a href=\"https:\/\/www.parcduluberon.fr\/en\/a-territory-into-action\/unesco-labels\/geoparc-du-luberon-en\/about-our-geopark\/\"><span class=\"pnrl-btn-morelire\"><\/span><\/a><\/div><\/div> <\/div><\/div><div class=\"fusion-clearfix\"><\/div><div class=\"fusion-column column col col-lg-12 col-md-12 col-sm-12\"><div class=\"fusion-flexslider flexslider floated-slideshow flexslider-hover-type-none\"><ul class=\"slides\"><li><a href=\"https:\/\/www.parcduluberon.fr\/en\/nos-actions\/developpement-economique\/agriculture\/le-pastoralisme-en-luberon\/\" class=\"hover-type-none\" aria-label=\"Le pastoralisme en Luberon\"><img decoding=\"async\" src=\"https:\/\/www.parcduluberon.fr\/wp-content\/uploads\/2026\/01\/BAN_pastoralisme_pnrl_lcar-565x200.jpg\" alt=\"\" \/><\/a><\/li><\/ul><\/div><div class=\"recent-posts-content\">\n\t\t\t\n\t\t\t\t\t\t\t<span class=\"vcard\" style=\"display: none;\">\n\t\t\t\t\t<span class=\"fn\">\n\t\t\t\t\t\t<a href=\"https:\/\/www.parcduluberon.fr\/en\/author\/louis-s\/\" title=\"Posts by Solgne Louis\" rel=\"author\">Solgne Louis<\/a>\t\t\t\t\t<\/span>\n\t\t\t\t<\/span>\n\t\t\t\n\t\t\t\t\t\t\t<span class=\"updated\" style=\"display:none;\">\n\t\t\t\t\t2026-01-30T11:00:20+01:00\t\t\t\t<\/span>\n\t\t\t\n\t\t<h4 class=\"entry-title\"><a href=\"https:\/\/www.parcduluberon.fr\/en\/nos-actions\/developpement-economique\/agriculture\/le-pastoralisme-en-luberon\/\">Le pastoralisme en Luberon<\/a><\/h4><p>Soutenir et valoriser le pastoralisme, activit\u00e9 embl\u00e9matique du Luberon<\/p><div class=\"pnrl_sous_post\"><div class=\"pnrl_bloc_lien\"><a href=\"https:\/\/www.parcduluberon.fr\/en\/nos-actions\/developpement-economique\/agriculture\/le-pastoralisme-en-luberon\/\"><span class=\"pnrl-btn-morelire\"><\/span><\/a><\/div><\/div> <\/div><\/div><div class=\"fusion-clearfix\"><\/div><div class=\"fusion-column column col col-lg-12 col-md-12 col-sm-12\"><div class=\"fusion-flexslider flexslider floated-slideshow flexslider-hover-type-none\"><ul class=\"slides\"><li><a href=\"https:\/\/www.parcduluberon.fr\/en\/nos-actions\/developpement-economique\/agriculture\/pna-alimentation-mediterraneenne\/\" class=\"hover-type-none\" aria-label=\"Projet &#8220;L\u2019alimentation m\u00e9diterran\u00e9enne au c\u0153ur des transitions agro\u00e9cologiques&#8221;\"><img decoding=\"async\" src=\"https:\/\/www.parcduluberon.fr\/wp-content\/uploads\/2025\/01\/BAN_marche_pnrI_mona_espanel-565x200.jpg\" alt=\"\" \/><\/a><\/li><\/ul><\/div><div class=\"recent-posts-content\">\n\t\t\t\n\t\t\t\t\t\t\t<span class=\"vcard\" style=\"display: none;\">\n\t\t\t\t\t<span class=\"fn\">\n\t\t\t\t\t\t<a href=\"https:\/\/www.parcduluberon.fr\/en\/author\/louis-s\/\" title=\"Posts by Solgne Louis\" rel=\"author\">Solgne Louis<\/a>\t\t\t\t\t<\/span>\n\t\t\t\t<\/span>\n\t\t\t\n\t\t\t\t\t\t\t<span class=\"updated\" style=\"display:none;\">\n\t\t\t\t\t2026-01-16T14:54:30+01:00\t\t\t\t<\/span>\n\t\t\t\n\t\t<h4 class=\"entry-title\"><a href=\"https:\/\/www.parcduluberon.fr\/en\/nos-actions\/developpement-economique\/agriculture\/pna-alimentation-mediterraneenne\/\">Projet &#8220;L\u2019alimentation m\u00e9diterran\u00e9enne au c\u0153ur des transitions agro\u00e9cologiques&#8221;<\/a><\/h4><p>T\u00e9l\u00e9chargements de la journ\u00e9e de restitution du projet \u00ab L\u2019alimentation m\u00e9diterran\u00e9enne au c\u0153ur des transitions agro\u00e9cologiques \u00bb le 9 septembre 2025<\/p><div class=\"pnrl_sous_post\"><div class=\"pnrl_bloc_lien\"><a href=\"https:\/\/www.parcduluberon.fr\/en\/nos-actions\/developpement-economique\/agriculture\/pna-alimentation-mediterraneenne\/\"><span class=\"pnrl-btn-morelire\"><\/span><\/a><\/div><\/div> <\/div><\/div><div class=\"fusion-clearfix\"><\/div><div class=\"fusion-column column col col-lg-12 col-md-12 col-sm-12\"><div class=\"fusion-flexslider flexslider floated-slideshow flexslider-hover-type-none\"><ul class=\"slides\"><li><a href=\"https:\/\/www.parcduluberon.fr\/en\/le-parc\/institution\/dotation-amenites-rurales-luberon\/\" class=\"hover-type-none\" aria-label=\"Dotation am\u00e9nit\u00e9s rurales pour le Luberon\"><img decoding=\"async\" src=\"https:\/\/www.parcduluberon.fr\/wp-content\/uploads\/2024\/08\/cretes_2021_c_pnrl_francoise_boulet-565x200.jpg\" alt=\"Cr\u00eates du Grand Luberon (PNRL-Fran\u00e7oise Boulet)\" \/><\/a><\/li><\/ul><\/div><div class=\"recent-posts-content\">\n\t\t\t\n\t\t\t\t\t\t\t<span class=\"vcard\" style=\"display: none;\">\n\t\t\t\t\t<span class=\"fn\">\n\t\t\t\t\t\t<a href=\"https:\/\/www.parcduluberon.fr\/en\/author\/louis-s\/\" title=\"Posts by Solgne Louis\" rel=\"author\">Solgne Louis<\/a>\t\t\t\t\t<\/span>\n\t\t\t\t<\/span>\n\t\t\t\n\t\t\t\t\t\t\t<span class=\"updated\" style=\"display:none;\">\n\t\t\t\t\t2025-10-16T20:11:37+01:00\t\t\t\t<\/span>\n\t\t\t\n\t\t<h4 class=\"entry-title\"><a href=\"https:\/\/www.parcduluberon.fr\/en\/le-parc\/institution\/dotation-amenites-rurales-luberon\/\">Dotation am\u00e9nit\u00e9s rurales pour le Luberon<\/a><\/h4><p>66 communes b\u00e9n\u00e9ficiaires de la dotation am\u00e9nit\u00e9s rurales<\/p><div class=\"pnrl_sous_post\"><div class=\"pnrl_bloc_lien\"><a href=\"https:\/\/www.parcduluberon.fr\/en\/le-parc\/institution\/dotation-amenites-rurales-luberon\/\"><span class=\"pnrl-btn-morelire\"><\/span><\/a><\/div><\/div> <\/div><\/div><div class=\"fusion-clearfix\"><\/div><div class=\"fusion-column column col col-lg-12 col-md-12 col-sm-12\"><div class=\"fusion-flexslider flexslider floated-slideshow flexslider-hover-type-none\"><ul class=\"slides\"><li><a href=\"https:\/\/www.parcduluberon.fr\/en\/a-territory-into-action\/geologic-nature-reserve-en\/national-geologic-reserve-of-luberon\/\" class=\"hover-type-none\" aria-label=\"National Geologic Reserve of Luberon\"><img decoding=\"async\" src=\"https:\/\/www.parcduluberon.fr\/wp-content\/uploads\/2019\/05\/bandeau_rng_luberon-565x200.jpg\" alt=\"R\u00e9serve naturelle g\u00e9ologique du Luberon\" \/><\/a><\/li><\/ul><\/div><div class=\"recent-posts-content\">\n\t\t\t\n\t\t\t\t\t\t\t<span class=\"vcard\" style=\"display: none;\">\n\t\t\t\t\t<span class=\"fn\">\n\t\t\t\t\t\t<a href=\"https:\/\/www.parcduluberon.fr\/en\/author\/coster-p\/\" title=\"Posts by Pauline Coster\" rel=\"author\">Pauline Coster<\/a>\t\t\t\t\t<\/span>\n\t\t\t\t<\/span>\n\t\t\t\n\t\t\t\t\t\t\t<span class=\"updated\" style=\"display:none;\">\n\t\t\t\t\t2019-07-30T16:01:09+01:00\t\t\t\t<\/span>\n\t\t\t\n\t\t<h4 class=\"entry-title\"><a href=\"https:\/\/www.parcduluberon.fr\/en\/a-territory-into-action\/geologic-nature-reserve-en\/national-geologic-reserve-of-luberon\/\">National Geologic Reserve of Luberon<\/a><\/h4><p>The Luberon Nature Reserve territory is internationally recognized as an area of significant importance for paleontology since the nineteenth century.<\/p><div class=\"pnrl_sous_post\"><div class=\"pnrl_bloc_lien\"><a href=\"https:\/\/www.parcduluberon.fr\/en\/a-territory-into-action\/geologic-nature-reserve-en\/national-geologic-reserve-of-luberon\/\"><span class=\"pnrl-btn-morelire\"><\/span><\/a><\/div><\/div> <\/div><\/div><div class=\"fusion-clearfix\"><\/div><\/section><\/div><div class=\"fusion-clearfix\"><\/div>\n\n\t\t\t\t\t<\/div>\n\t\t\t\t<\/div><\/div><\/div><div class=\"fusion-fullwidth fullwidth-box nonhundred-percent-fullwidth non-hundred-percent-height-scrolling\"  style='background-color: rgba(255,255,255,0);background-position: center center;background-repeat: no-repeat;padding-right:0px;padding-left:10px;'><div class=\"fusion-builder-row fusion-row \"><div  class=\"fusion-layout-column fusion_builder_column fusion_builder_column_1_1  fusion-one-full fusion-column-first fusion-column-last 1_1\"  style='margin-top:0px;margin-bottom:0px;width:100%'>\n\t\t\t\t\t<div class=\"fusion-column-wrapper\" style=\"padding: 0px 0px 0px 0px;background-position:left top;background-repeat:no-repeat;-webkit-background-size:cover;-moz-background-size:cover;-o-background-size:cover;background-size:cover;\"  data-bg-url=\"\">\n\t\t\t\t\t\t<div class=\"fusion-text\"><p>Front picture: the terrace of Mas des gr\u00e8s in Lagnes \u00a9\u00a0L\u00e9a Samson<\/p>\n<\/div><div class=\"fusion-clearfix\"><\/div>\n\n\t\t\t\t\t<\/div>\n\t\t\t\t<\/div><\/div><\/div><div class=\"fusion-fullwidth fullwidth-box container-carousel-mosaique nonhundred-percent-fullwidth non-hundred-percent-height-scrolling\"  style='background-color: rgba(255,255,255,0);background-position: center center;background-repeat: no-repeat;padding-top:0px;padding-right:0px;padding-bottom:0px;padding-left:10px;'><div class=\"fusion-builder-row fusion-row \"><div  class=\"fusion-layout-column fusion_builder_column fusion_builder_column_1_1  fusion-one-full fusion-column-first fusion-column-last 1_1\"  style='margin-top:0px;margin-bottom:0px;width:100%'>\n\t\t\t\t\t<div class=\"fusion-column-wrapper\" style=\"padding: 0px 0px 0px 0px;background-position:left top;background-repeat:no-repeat;-webkit-background-size:cover;-moz-background-size:cover;-o-background-size:cover;background-size:cover;\"  data-bg-url=\"\">\n\t\t\t\t\t\t<div class=\"fusion-text\"><\/div><div class=\"fusion-title title fusion-sep-none fusion-title-size-three\" style=\"margin-top:0px;margin-bottom:31px;\"><h3 class=\"title-heading-left\">\u2014 Consultez toutes les th\u00e9matiques<\/h3><\/div><div class=\"fusion-text\"><div id=\"wp-posts-carousel-512954816\" class=\"compact-theme wp-posts-carousel owl-carousel\"><div class=\"wp-posts-carousel-slide slides-4\"><div class=\"wp-posts-carousel-container\"><div class=\"wp-posts-carousel-image\"><a href=\"https:\/\/www.parcduluberon.fr\/en\/saerer\/\" title=\"Read more S'a\u00e9rer\"><img decoding=\"async\" alt=\"S'a\u00e9rer\" style=\"max-width:100%;max-height:100%\" src=\"https:\/\/www.parcduluberon.fr\/wp-content\/uploads\/2017\/04\/BAN_R4_s-aerer_c_herve_vincent-243x150.jpg\"><\/a><\/div><div class=\"wp-posts-carousel-details\"><h3 class=\"wp-posts-carousel-title\"><a href=\"https:\/\/www.parcduluberon.fr\/en\/saerer\/\" title=\"S'a\u00e9rer\">S'a\u00e9rer<\/a><\/h3><a href=\"https:\/\/www.parcduluberon.fr\/en\/saerer\/\" title=\"Read more S'a\u00e9rer\"><div class=\"wp-posts-carousel-desc\"><span class=\"pnrl-separator\"><\/span><br>Le territoire du Parc naturel r\u00e9gional du Luberon est un formidable espace pour la pratique des activit\u00e9s de pleine nature...<\/div><\/a><p class=\"wp-posts-carousel-buttons\"><p><\/div><\/div><\/div><div class=\"wp-posts-carousel-slide slides-4\"><div class=\"wp-posts-carousel-container\"><div class=\"wp-posts-carousel-image\"><a href=\"https:\/\/www.parcduluberon.fr\/en\/sortir-visiter\/\" title=\"Read more Sortir, visiter\"><img decoding=\"async\" alt=\"Sortir, visiter\" style=\"max-width:100%;max-height:100%\" src=\"https:\/\/www.parcduluberon.fr\/wp-content\/uploads\/2017\/01\/BAN_R4_visiter_c_lea_samson-243x150.jpg\"><\/a><\/div><div class=\"wp-posts-carousel-details\"><h3 class=\"wp-posts-carousel-title\"><a href=\"https:\/\/www.parcduluberon.fr\/en\/sortir-visiter\/\" title=\"Sortir, visiter\">Sortir, visiter<\/a><\/h3><a href=\"https:\/\/www.parcduluberon.fr\/en\/sortir-visiter\/\" title=\"Read more Sortir, visiter\"><div class=\"wp-posts-carousel-desc\"><span class=\"pnrl-separator\"><\/span><br>Retrouvez ici tous les temps forts organis\u00e9s par le Parc naturel r\u00e9gional du Luberon ou ses partenaires. Vous cherchez \u00e9galement...<\/div><\/a><p class=\"wp-posts-carousel-buttons\"><p><\/div><\/div><\/div><div class=\"wp-posts-carousel-slide slides-4\"><div class=\"wp-posts-carousel-container\"><div class=\"wp-posts-carousel-image\"><a href=\"https:\/\/www.parcduluberon.fr\/en\/patrimoine-agricole\/produits-du-terroir\/\" title=\"Read more Produits du terroir\"><img decoding=\"async\" alt=\"Produits du terroir\" style=\"max-width:100%;max-height:100%\" src=\"https:\/\/www.parcduluberon.fr\/wp-content\/uploads\/2017\/01\/BAN_R4_produits_terroir_c_cherve_vincent-243x150.jpg\"><\/a><\/div><div class=\"wp-posts-carousel-details\"><h3 class=\"wp-posts-carousel-title\"><a href=\"https:\/\/www.parcduluberon.fr\/en\/patrimoine-agricole\/produits-du-terroir\/\" title=\"Produits du terroir\">Produits du terroir<\/a><\/h3><a href=\"https:\/\/www.parcduluberon.fr\/en\/patrimoine-agricole\/produits-du-terroir\/\" title=\"Read more Produits du terroir\"><div class=\"wp-posts-carousel-desc\"><span class=\"pnrl-separator\"><\/span><br>&quot;Ici, les produits que nous consommons portent un nom, ils ont un visage et des paysages. Ils sont autant d&#39;\u00e9l\u00e9ments...<\/div><\/a><p class=\"wp-posts-carousel-buttons\"><p><\/div><\/div><\/div><div class=\"wp-posts-carousel-slide slides-4\"><div class=\"wp-posts-carousel-container\"><div class=\"wp-posts-carousel-image\"><a href=\"https:\/\/www.parcduluberon.fr\/en\/se-loger-se-restaurer\/\" title=\"Read more Se loger, se restaurer\"><img decoding=\"async\" alt=\"Se loger, se restaurer\" style=\"max-width:100%;max-height:100%\" src=\"https:\/\/www.parcduluberon.fr\/wp-content\/uploads\/2017\/01\/BAN_R4_se-loger-se-restaurer_c_lea_samson-243x150.jpg\"><\/a><\/div><div class=\"wp-posts-carousel-details\"><h3 class=\"wp-posts-carousel-title\"><a href=\"https:\/\/www.parcduluberon.fr\/en\/se-loger-se-restaurer\/\" title=\"Se loger, se restaurer\">Se loger, se restaurer<\/a><\/h3><a href=\"https:\/\/www.parcduluberon.fr\/en\/se-loger-se-restaurer\/\" title=\"Read more Se loger, se restaurer\"><div class=\"wp-posts-carousel-desc\"><span class=\"pnrl-separator\"><\/span><br>Vous cherchez des h\u00e9bergements et restaurants engag\u00e9s pour un tourisme durable en Luberon ? Pour faciliter l&#39;organisation de votre s\u00e9jour,...<\/div><\/a><p class=\"wp-posts-carousel-buttons\"><p><\/div><\/div><\/div><div class=\"wp-posts-carousel-slide slides-4\"><div class=\"wp-posts-carousel-container\"><div class=\"wp-posts-carousel-image\"><a href=\"https:\/\/www.parcduluberon.fr\/en\/preparer-sejour-luberon\/\" title=\"Read more Pr\u00e9parer votre s\u00e9jour en Luberon\"><img decoding=\"async\" alt=\"Pr\u00e9parer votre s\u00e9jour en Luberon\" style=\"max-width:100%;max-height:100%\" src=\"https:\/\/www.parcduluberon.fr\/wp-content\/uploads\/2017\/06\/BAN_R4_preparer_votre_sejour_c_pnrl_solgne_louis-243x150.jpg\"><\/a><\/div><div class=\"wp-posts-carousel-details\"><h3 class=\"wp-posts-carousel-title\"><a href=\"https:\/\/www.parcduluberon.fr\/en\/preparer-sejour-luberon\/\" title=\"Pr\u00e9parer votre s\u00e9jour en Luberon\">Pr\u00e9parer votre s\u00e9jour en Luberon<\/a><\/h3><a href=\"https:\/\/www.parcduluberon.fr\/en\/preparer-sejour-luberon\/\" title=\"Read more Pr\u00e9parer votre s\u00e9jour en Luberon\"><div class=\"wp-posts-carousel-desc\"><span class=\"pnrl-separator\"><\/span><br>Pour faciliter votre s\u00e9jour, retrouvez ci-dessous les contacts des offices de tourisme du Luberon et les plans d&#39;acc\u00e8s...<\/div><\/a><p class=\"wp-posts-carousel-buttons\"><p><\/div><\/div><\/div><div class=\"wp-posts-carousel-slide slides-4\"><div class=\"wp-posts-carousel-container\"><div class=\"wp-posts-carousel-image\"><a href=\"https:\/\/www.parcduluberon.fr\/en\/je-rencontre-le-parc\/\" title=\"Read more Je rencontre le Parc\"><img decoding=\"async\" alt=\"Je rencontre le Parc\" style=\"max-width:100%;max-height:100%\" src=\"https:\/\/www.parcduluberon.fr\/wp-content\/uploads\/2017\/01\/BAN_R4_je-rencontre-le-parc_c_pnrl_dominique_denais-1-243x150.jpg\"><\/a><\/div><div class=\"wp-posts-carousel-details\"><h3 class=\"wp-posts-carousel-title\"><a href=\"https:\/\/www.parcduluberon.fr\/en\/je-rencontre-le-parc\/\" title=\"Je rencontre le Parc\">Je rencontre le Parc<\/a><\/h3><a href=\"https:\/\/www.parcduluberon.fr\/en\/je-rencontre-le-parc\/\" title=\"Read more Je rencontre le Parc\"><div class=\"wp-posts-carousel-desc\"><span class=\"pnrl-separator\"><\/span><br>Pour en savoir plus sur le Parc naturel r\u00e9gional du Luberon, ce site est fait pour vous... Mais nous sommes...<\/div><\/a><p class=\"wp-posts-carousel-buttons\"><p><\/div><\/div><\/div><\/div><script type=\"text\/javascript\">\n                    jQuery(window).load(function(e) {\n                        var wpPostsCarousel512954816 = jQuery(\"#wp-posts-carousel-512954816\");\n                        wpPostsCarousel512954816.owlCarousel({\n                            loop: true,\n                            nav: true,\n                            navSpeed: 800,\n                            dots: true,\n                            dotsSpeed: 800,\n                            lazyLoad: false,\n                            autoplay: true,\n                            autoplayHoverPause: true,\n                            autoplayTimeout: 1200,\n                            autoplaySpeed:  800,\n                            margin: 5,\n                            stagePadding: 0,\n                            freeDrag: false,\n                            mouseDrag: true,\n                            touchDrag: true,\n                            slideBy: 1,\n                            fallbackEasing: \"linear\",\n                            responsiveClass: true,\n                            navText: [ \" Actualit\u00e9 pr\u00e9c\u00e9dente \", \" Actualit\u00e9 suivante \" ],\n                            responsive:{\n                                0:{items: 1},\n                                600:{items: 2},\n                                1000:{items: 4}\n                                \n                            },\n                            autoHeight: true\n                        });\n                        wpPostsCarousel512954816.on(\"mousewheel\", \".owl-stage\", function(e) {\n                if (e.deltaY > 0) {\n                    wpPostsCarousel512954816.trigger(\"next.owl\");\n                } else {\n                    wpPostsCarousel512954816.trigger(\"prev.owl\");\n                }\n                e.preventDefault();\n            });\n                    });\n                <\/script>\n<\/div><div class=\"fusion-clearfix\"><\/div>\n\n\t\t\t\t\t<\/div>\n\t\t\t\t<\/div><\/div><\/div><\/p>\n","protected":false},"excerpt":{"rendered":"<p>Vous cherchez des h\u00e9bergements et restaurants engag\u00e9s pour un tourisme durable en Luberon ? Pour faciliter l&#8217;organisation de votre s\u00e9jour, <\/p>\n","protected":false},"author":16,"featured_media":5631,"parent":0,"menu_order":111,"comment_status":"closed","ping_status":"closed","template":"","meta":{"_acf_changed":false,"_seopress_robots_primary_cat":"865","_seopress_titles_title":"","_seopress_titles_desc":"","_seopress_robots_index":"","_bbp_topic_count":0,"_bbp_reply_count":0,"_bbp_total_topic_count":0,"_bbp_total_reply_count":0,"_bbp_voice_count":0,"_bbp_anonymous_reply_count":0,"_bbp_topic_count_hidden":0,"_bbp_reply_count_hidden":0,"_bbp_forum_subforum_count":0,"footnotes":""},"class_list":["post-13850","page","type-page","status-publish","has-post-thumbnail","hentry"],"acf":[],"_links":{"self":[{"href":"https:\/\/www.parcduluberon.fr\/en\/wp-json\/wp\/v2\/pages\/13850","targetHints":{"allow":["GET"]}}],"collection":[{"href":"https:\/\/www.parcduluberon.fr\/en\/wp-json\/wp\/v2\/pages"}],"about":[{"href":"https:\/\/www.parcduluberon.fr\/en\/wp-json\/wp\/v2\/types\/page"}],"author":[{"embeddable":true,"href":"https:\/\/www.parcduluberon.fr\/en\/wp-json\/wp\/v2\/users\/16"}],"replies":[{"embeddable":true,"href":"https:\/\/www.parcduluberon.fr\/en\/wp-json\/wp\/v2\/comments?post=13850"}],"version-history":[{"count":4,"href":"https:\/\/www.parcduluberon.fr\/en\/wp-json\/wp\/v2\/pages\/13850\/revisions"}],"predecessor-version":[{"id":14708,"href":"https:\/\/www.parcduluberon.fr\/en\/wp-json\/wp\/v2\/pages\/13850\/revisions\/14708"}],"wp:featuredmedia":[{"embeddable":true,"href":"https:\/\/www.parcduluberon.fr\/en\/wp-json\/wp\/v2\/media\/5631"}],"wp:attachment":[{"href":"https:\/\/www.parcduluberon.fr\/en\/wp-json\/wp\/v2\/media?parent=13850"}],"curies":[{"name":"wp","href":"https:\/\/api.w.org\/{rel}","templated":true}]}}